{"id":720,"date":"2023-11-10T13:40:51","date_gmt":"2023-11-10T12:40:51","guid":{"rendered":"http:\/\/134.122.69.219\/?post_type=product&#038;p=720"},"modified":"2024-08-05T11:11:56","modified_gmt":"2024-08-05T10:11:56","slug":"tuya-pro-2","status":"publish","type":"product","link":"https:\/\/roll-market.com\/sk\/product\/tuya-pro-2\/","title":{"rendered":"Tuya PRO 2"},"content":{"rendered":"<div class=\"flex flex-grow flex-col max-w-full gap-3 gizmo:gap-0\">\n<div class=\"min-h-[20px] text-message peer flex flex-col items-start gap-3 whitespace-pre-wrap break-words peer-[.text-message]:mt-5 overflow-x-auto\" data-message-author-role=\"assistant\" data-message-id=\"fe82b406-e26b-4b64-a1c4-2497dd520dd2\">\n<div class=\"markdown prose w-full break-words dark:prose-invert dark\">\n<p><strong>Objavte elektrick\u00fd sk\u00fater Tuya Pro 2, ktor\u00fd sa m\u00f4\u017ee pochv\u00e1li\u0165 vysok\u00fdm v\u00fdkonom a mno\u017estvom p\u00f4sobiv\u00fdch funkci\u00ed:<\/strong><\/p>\n<ul>\n<li><strong>20 km Cestovn\u00e1 kapacita:<\/strong> Sk\u00fater s dojazdom 20 kilometrov pon\u00faka \u010fal\u0161ie mo\u017enosti jazdy.<\/li>\n<li><strong>Inteligentn\u00e9 ovl\u00e1danie aplik\u00e1ci\u00ed:<\/strong> Pomocou aplik\u00e1cie AovoPro m\u00f4\u017eete kolobe\u017eku jednoducho zamkn\u00fa\u0165 a odomkn\u00fa\u0165 a sledova\u0165 r\u00fdchlos\u0165, stav bat\u00e9rie a nap\u00e1janie. Okrem toho m\u00f4\u017eete ovl\u00e1da\u0165 osvetlenie, nastavi\u0165 \u010das automatick\u00e9ho vypnutia a vybra\u0165 si zo \u0161tyroch nastaven\u00ed r\u00fdchlosti.<\/li>\n<li><strong>R\u00fdchly pokrok:<\/strong> V\u010faka maxim\u00e1lnej r\u00fdchlosti 31 km\/h a \u0161tyrom r\u00f4znym nastaveniam r\u00fdchlosti (6KM\/H, 15KM\/H, 20KM\/H, 25KM\/H) mo\u017eno kolobe\u017eku nastavi\u0165 na variabiln\u00fa r\u00fdchlos\u0165.<\/li>\n<li><strong>Mas\u00edvny dizajn:<\/strong> Kolobe\u017eka s hmotnos\u0165ou 120 kg je vyroben\u00e1 z hlin\u00edkovej zliatiny a je pevn\u00e1 a odoln\u00e1. Je poh\u00e1\u0148an\u00e1 350W motorom a dok\u00e1\u017ee zdola\u0165 st\u00fapanie so sklonom a\u017e 20 stup\u0148ov.<\/li>\n<li><strong>Bezpe\u010dnos\u0165 na prvom mieste:<\/strong> Dvojit\u00fd brzdov\u00fd syst\u00e9m (elektrick\u00e1 predn\u00e1 brzda a zadn\u00e1 kot\u00fa\u010dov\u00e1 brzda) zaru\u010duje r\u00fdchle a bezpe\u010dn\u00e9 zastavenie. Kolobe\u017eka m\u00e1 stupe\u0148 ochrany IP65.<\/li>\n<li><strong>\u013dahko prenosn\u00e9:<\/strong> Kolobe\u017eka sa zlo\u017e\u00ed za 3 sekundy na jednoduch\u00e9 uskladnenie a prepravu, v\u00e1\u017ei 12,5 kg a je vybaven\u00e1 spo\u013eahliv\u00fdm skladac\u00edm mechanizmom.<\/li>\n<li><strong>Pr\u00edjemn\u00fd z\u00e1\u017eitok z jazdy:<\/strong> Funkcie ako hlasn\u00fd kovov\u00fd zvon\u010dek, farebn\u00fd LCD displej a tempomat spr\u00edjem\u0148uj\u00fa cestu.<\/li>\n<li><strong>Pohodln\u00e1 a bezchybn\u00e1 cesta:<\/strong> Pohodln\u00fa jazdu zabezpe\u010duj\u00fa 8,5-palcov\u00e9 proti\u0161mykov\u00e9 pneumatiky s pevn\u00fdm vo\u0161tinov\u00fdm povrchom, odoln\u00e9 proti prepichnutiu.<\/li>\n<\/ul>\n<\/div>\n<\/div>\n<\/div>","protected":false},"excerpt":{"rendered":"<div class=\"flex flex-grow flex-col max-w-full gap-3 gizmo:gap-0\">\n<div class=\"min-h-[20px] text-message peer flex flex-col items-start gap-3 whitespace-pre-wrap break-words peer-[.text-message]:mt-5 overflow-x-auto\" data-message-author-role=\"assistant\" data-message-id=\"7f7da77a-26cd-4499-a268-85510afce9d5\">\n<div class=\"markdown prose w-full break-words dark:prose-invert dark\">\n<p>Tuya Pro 2 je elektrick\u00e1 kolobe\u017eka, ktor\u00e1 kombinuje p\u00f4sobiv\u00fa r\u00fdchlos\u0165, dlh\u00fa \u017eivotnos\u0165, vysok\u00fa \u00farove\u0148 bezpe\u010dnosti a pokro\u010dil\u00e9 technologick\u00e9 funkcie, aby pon\u00fakla jedine\u010dn\u00fd z\u00e1\u017eitok z jazdy vo vysokej kvalite.<\/p>\n<\/div>\n<\/div>\n<\/div>","protected":false},"featured_media":721,"comment_status":"open","ping_status":"closed","template":"","meta":{"_acf_changed":false},"product_brand":[],"product_cat":[15,20,34],"product_tag":[],"class_list":{"0":"post-720","1":"product","2":"type-product","3":"status-publish","4":"has-post-thumbnail","6":"product_cat-rollerek","7":"product_cat-hetvegi-rollerek","8":"product_cat-tuya","10":"first","11":"outofstock","12":"sale","13":"shipping-taxable","14":"purchasable","15":"product-type-simple"},"acf":[],"_links":{"self":[{"href":"https:\/\/roll-market.com\/sk\/wp-json\/wp\/v2\/product\/720","targetHints":{"allow":["GET"]}}],"collection":[{"href":"https:\/\/roll-market.com\/sk\/wp-json\/wp\/v2\/product"}],"about":[{"href":"https:\/\/roll-market.com\/sk\/wp-json\/wp\/v2\/types\/product"}],"replies":[{"embeddable":true,"href":"https:\/\/roll-market.com\/sk\/wp-json\/wp\/v2\/comments?post=720"}],"wp:featuredmedia":[{"embeddable":true,"href":"https:\/\/roll-market.com\/sk\/wp-json\/wp\/v2\/media\/721"}],"wp:attachment":[{"href":"https:\/\/roll-market.com\/sk\/wp-json\/wp\/v2\/media?parent=720"}],"wp:term":[{"taxonomy":"product_brand","embeddable":true,"href":"https:\/\/roll-market.com\/sk\/wp-json\/wp\/v2\/product_brand?post=720"},{"taxonomy":"product_cat","embeddable":true,"href":"https:\/\/roll-market.com\/sk\/wp-json\/wp\/v2\/product_cat?post=720"},{"taxonomy":"product_tag","embeddable":true,"href":"https:\/\/roll-market.com\/sk\/wp-json\/wp\/v2\/product_tag?post=720"}],"curies":[{"name":"wp","href":"https:\/\/api.w.org\/{rel}","templated":true}]}}