{"id":392,"date":"2023-10-31T17:55:20","date_gmt":"2023-10-31T16:55:20","guid":{"rendered":"http:\/\/134.122.69.219\/?post_type=product&#038;p=392"},"modified":"2025-05-05T10:30:36","modified_gmt":"2025-05-05T08:30:36","slug":"joyor-s10-s","status":"publish","type":"product","link":"https:\/\/roll-market.com\/sk\/product\/joyor-s10-s\/","title":{"rendered":"JOYOR-S10-S 2X1000W 18AH"},"content":{"rendered":"<p>Joyor S10-S je pomerne robustn\u00fd sk\u00fater s predn\u00fdmi a zadn\u00fdmi hydraulick\u00fdmi kot\u00fa\u010dov\u00fdmi brzdami a dvojit\u00fdm predn\u00fdm a zadn\u00fdm odpru\u017een\u00edm. T\u00e1to kon\u0161trukcia zaru\u010duje plynul\u00fa a bezpe\u010dn\u00fa jazdu aj na nerovnom ter\u00e9ne. Predn\u00e9 a zadn\u00e9 svetl\u00e1 poskytuj\u00fa osvetlenie po\u010das no\u010dnej jazdy, \u010do v\u00fdrazne prispieva k istej a bezstarostnej jazde aj po zotmen\u00ed.<\/p>","protected":false},"excerpt":{"rendered":"<p>Joyor S10-S je mimoriadne v\u00fdkonn\u00fd a robustn\u00fd sk\u00fater poh\u00e1\u0148an\u00fd dvoma motormi s v\u00fdkonom 1000 W. Dok\u00e1\u017ee prekona\u0165 vzdialenos\u0165 a\u017e 70-85 kilometrov a z\u00e1rove\u0148 dosiahnu\u0165 maxim\u00e1lnu r\u00fdchlos\u0165 a\u017e 65 km\/h.<\/p>","protected":false},"featured_media":394,"comment_status":"open","ping_status":"closed","template":"","meta":{"_acf_changed":false},"product_brand":[],"product_cat":[15,17,21],"product_tag":[],"class_list":{"0":"post-392","1":"product","2":"type-product","3":"status-publish","4":"has-post-thumbnail","6":"product_cat-rollerek","7":"product_cat-joyor","8":"product_cat-performance-rollerek","10":"first","11":"outofstock","12":"sale","13":"shipping-taxable","14":"purchasable","15":"product-type-simple"},"acf":[],"_links":{"self":[{"href":"https:\/\/roll-market.com\/sk\/wp-json\/wp\/v2\/product\/392","targetHints":{"allow":["GET"]}}],"collection":[{"href":"https:\/\/roll-market.com\/sk\/wp-json\/wp\/v2\/product"}],"about":[{"href":"https:\/\/roll-market.com\/sk\/wp-json\/wp\/v2\/types\/product"}],"replies":[{"embeddable":true,"href":"https:\/\/roll-market.com\/sk\/wp-json\/wp\/v2\/comments?post=392"}],"wp:featuredmedia":[{"embeddable":true,"href":"https:\/\/roll-market.com\/sk\/wp-json\/wp\/v2\/media\/394"}],"wp:attachment":[{"href":"https:\/\/roll-market.com\/sk\/wp-json\/wp\/v2\/media?parent=392"}],"wp:term":[{"taxonomy":"product_brand","embeddable":true,"href":"https:\/\/roll-market.com\/sk\/wp-json\/wp\/v2\/product_brand?post=392"},{"taxonomy":"product_cat","embeddable":true,"href":"https:\/\/roll-market.com\/sk\/wp-json\/wp\/v2\/product_cat?post=392"},{"taxonomy":"product_tag","embeddable":true,"href":"https:\/\/roll-market.com\/sk\/wp-json\/wp\/v2\/product_tag?post=392"}],"curies":[{"name":"wp","href":"https:\/\/api.w.org\/{rel}","templated":true}]}}