{"id":380,"date":"2023-10-31T18:49:07","date_gmt":"2023-10-31T16:49:07","guid":{"rendered":"http:\/\/134.122.69.219\/?post_type=product&#038;p=380"},"modified":"2026-04-20T11:49:57","modified_gmt":"2026-04-20T09:49:57","slug":"kugoo-kirin-g2-pro-600w-15ah-45km-h","status":"publish","type":"product","link":"https:\/\/roll-market.com\/sk\/product\/kugoo-kirin-g2-pro-600w-15ah-45km-h\/","title":{"rendered":"KUKIRIN G2 PRO 2.0 600W 15AH 45KM\/H 2026"},"content":{"rendered":"<p>S celkovou d\u013a\u017ekou 120 cm, maxim\u00e1lnou v\u00fd\u0161kou 128 cm a hmotnos\u0165ou len 24 kg (bez sedadla) sa d\u00e1 \u013eahko zdvihn\u00fa\u0165 s\u00e1m. Pohodlne sa zmest\u00ed napr\u00edklad do bato\u017einov\u00e9ho priestoru a v pr\u00edpade potreby ho mo\u017eno \u013eahko zdvihn\u00fa\u0165 po nieko\u013ek\u00fdch schodoch. Jeho nosnos\u0165 je pomerne dobr\u00e1, pod\u013ea v\u00fdrobn\u00fdch \u00fadajov a\u017e 120 kg. Hlin\u00edkov\u00fd r\u00e1m je robustn\u00fd s predn\u00fdm a zadn\u00fdm v\u00fdkyvn\u00fdm zavesen\u00edm ramien, \u010do je ve\u013emi u\u017eito\u010dn\u00e9 pri dlh\u0161\u00edch cest\u00e1ch v mestskom prostred\u00ed aj v ter\u00e9ne.<\/p>","protected":false},"excerpt":{"rendered":"<p>Kugoo Kirin G2 PRO je skuto\u010dne odoln\u00e1 elektrick\u00e1 kolobe\u017eka. Jej 600 W motor a 15 Ah bat\u00e9ria umo\u017e\u0148uj\u00fa dojazd a\u017e 55 km a r\u00fdchlos\u0165 a\u017e 45 km\/h.<\/p>","protected":false},"featured_media":4130,"comment_status":"open","ping_status":"closed","template":"","meta":{"_acf_changed":false},"product_brand":[],"product_cat":[15,18,21],"product_tag":[],"class_list":{"0":"post-380","1":"product","2":"type-product","3":"status-publish","4":"has-post-thumbnail","6":"product_cat-rollerek","7":"product_cat-kugoo","8":"product_cat-performance-rollerek","10":"first","11":"instock","12":"sale","13":"shipping-taxable","14":"purchasable","15":"product-type-simple"},"acf":[],"_links":{"self":[{"href":"https:\/\/roll-market.com\/sk\/wp-json\/wp\/v2\/product\/380","targetHints":{"allow":["GET"]}}],"collection":[{"href":"https:\/\/roll-market.com\/sk\/wp-json\/wp\/v2\/product"}],"about":[{"href":"https:\/\/roll-market.com\/sk\/wp-json\/wp\/v2\/types\/product"}],"replies":[{"embeddable":true,"href":"https:\/\/roll-market.com\/sk\/wp-json\/wp\/v2\/comments?post=380"}],"wp:featuredmedia":[{"embeddable":true,"href":"https:\/\/roll-market.com\/sk\/wp-json\/wp\/v2\/media\/4130"}],"wp:attachment":[{"href":"https:\/\/roll-market.com\/sk\/wp-json\/wp\/v2\/media?parent=380"}],"wp:term":[{"taxonomy":"product_brand","embeddable":true,"href":"https:\/\/roll-market.com\/sk\/wp-json\/wp\/v2\/product_brand?post=380"},{"taxonomy":"product_cat","embeddable":true,"href":"https:\/\/roll-market.com\/sk\/wp-json\/wp\/v2\/product_cat?post=380"},{"taxonomy":"product_tag","embeddable":true,"href":"https:\/\/roll-market.com\/sk\/wp-json\/wp\/v2\/product_tag?post=380"}],"curies":[{"name":"wp","href":"https:\/\/api.w.org\/{rel}","templated":true}]}}