{"id":366,"date":"2023-10-31T16:45:43","date_gmt":"2023-10-31T16:45:43","guid":{"rendered":"http:\/\/134.122.69.219\/?post_type=product&#038;p=366"},"modified":"2024-08-05T11:02:59","modified_gmt":"2024-08-05T10:02:59","slug":"kugoo-kirin-g3-pro-2x1200w-23ah-65km-h","status":"publish","type":"product","link":"https:\/\/roll-market.com\/sk\/product\/kugoo-kirin-g3-pro-2x1200w-23ah-65km-h\/","title":{"rendered":"KUGOO KIRIN G3 PRO 2X1200W 23AH 65KM\/H"},"content":{"rendered":"<p>G3 Pro je model s vynikaj\u00facim dizajnom. G3 Pro je optim\u00e1lnou vo\u013ebou pre t\u00fdch, ktor\u00ed vedia, \u010do chc\u00fa. Pre ktor\u00fdch kolobe\u017ekovanie nie je len doprava, ale aj z\u00e1bava. V\u010faka kon\u0161trukcii s dvoma motormi dok\u00e1\u017ee vyjs\u0165 aj strm\u00e9 kopce, na ktor\u00e9 by ste ani nepomysleli. Hydraulick\u00fd brzdov\u00fd syst\u00e9m je vynikaj\u00faci na dynamick\u00e9 spoma\u013eovanie a brzdenie. Jeho tlmenie n\u00e1razov pracuje s p\u00f4sobivou \u00fa\u010dinnos\u0165ou a s \u013eahkos\u0165ou zvl\u00e1da v\u00fdzvy aj toho najnerovnej\u0161ieho ter\u00e9nu.<\/p>","protected":false},"excerpt":{"rendered":"<p>Ter\u00e9nna elektrick\u00e1 kolobe\u017eka Kugoo Kirin G3 Pro je vybaven\u00e1 dvoma 1200W motormi, 52V vymenite\u013enou bat\u00e9riou s kapacitou 23,2 Ah, 10-palcov\u00fdmi ter\u00e9nnymi pneumatikami, dojazdom 80 km a maxim\u00e1lnou r\u00fdchlos\u0165ou 65 km\/h.<\/p>","protected":false},"featured_media":374,"comment_status":"open","ping_status":"closed","template":"","meta":{"_acf_changed":false},"product_brand":[],"product_cat":[15,18,21],"product_tag":[],"class_list":{"0":"post-366","1":"product","2":"type-product","3":"status-publish","4":"has-post-thumbnail","6":"product_cat-rollerek","7":"product_cat-kugoo","8":"product_cat-performance-rollerek","10":"first","11":"outofstock","12":"sale","13":"shipping-taxable","14":"purchasable","15":"product-type-simple"},"acf":[],"_links":{"self":[{"href":"https:\/\/roll-market.com\/sk\/wp-json\/wp\/v2\/product\/366","targetHints":{"allow":["GET"]}}],"collection":[{"href":"https:\/\/roll-market.com\/sk\/wp-json\/wp\/v2\/product"}],"about":[{"href":"https:\/\/roll-market.com\/sk\/wp-json\/wp\/v2\/types\/product"}],"replies":[{"embeddable":true,"href":"https:\/\/roll-market.com\/sk\/wp-json\/wp\/v2\/comments?post=366"}],"wp:featuredmedia":[{"embeddable":true,"href":"https:\/\/roll-market.com\/sk\/wp-json\/wp\/v2\/media\/374"}],"wp:attachment":[{"href":"https:\/\/roll-market.com\/sk\/wp-json\/wp\/v2\/media?parent=366"}],"wp:term":[{"taxonomy":"product_brand","embeddable":true,"href":"https:\/\/roll-market.com\/sk\/wp-json\/wp\/v2\/product_brand?post=366"},{"taxonomy":"product_cat","embeddable":true,"href":"https:\/\/roll-market.com\/sk\/wp-json\/wp\/v2\/product_cat?post=366"},{"taxonomy":"product_tag","embeddable":true,"href":"https:\/\/roll-market.com\/sk\/wp-json\/wp\/v2\/product_tag?post=366"}],"curies":[{"name":"wp","href":"https:\/\/api.w.org\/{rel}","templated":true}]}}