{"id":357,"date":"2023-10-31T17:39:10","date_gmt":"2023-10-31T16:39:10","guid":{"rendered":"http:\/\/134.122.69.219\/?post_type=product&#038;p=357"},"modified":"2026-04-20T11:49:44","modified_gmt":"2026-04-20T09:49:44","slug":"kugoo-kirin-g2-max-1000w-20ah-55km-h","status":"publish","type":"product","link":"https:\/\/roll-market.com\/sk\/product\/kugoo-kirin-g2-max-1000w-20ah-55km-h\/","title":{"rendered":"KUKIRIN G2 MAX 1000W 20AH 55KM\/H"},"content":{"rendered":"<p>Kolobe\u017eka sa \u013eahko skladuje a prepravuje v\u010faka syst\u00e9mu skladania. Nafukovacie pneumatiky poskytuj\u00fa lep\u0161iu pri\u013enavos\u0165 a predn\u00e9 a zadn\u00e9 tlmi\u010de zabezpe\u010duj\u00fa pohodlnej\u0161iu jazdu.<\/p>","protected":false},"excerpt":{"rendered":"<p>Elektrick\u00e1 kolobe\u017eka Kugoo G2 Max je v\u00fdkonn\u00e1 a stabiln\u00e1 kolobe\u017eka vhodn\u00e1 na dlh\u0161ie cesty. Motor s v\u00fdkonom 1000 W a bat\u00e9ria s kapacitou 20,0 Ah umo\u017e\u0148uj\u00fa dojazd a\u017e 80 km.<\/p>","protected":false},"featured_media":365,"comment_status":"open","ping_status":"closed","template":"","meta":{"_acf_changed":false},"product_brand":[],"product_cat":[15,18,21],"product_tag":[],"class_list":{"0":"post-357","1":"product","2":"type-product","3":"status-publish","4":"has-post-thumbnail","6":"product_cat-rollerek","7":"product_cat-kugoo","8":"product_cat-performance-rollerek","10":"first","11":"instock","12":"sale","13":"shipping-taxable","14":"purchasable","15":"product-type-simple"},"acf":[],"_links":{"self":[{"href":"https:\/\/roll-market.com\/sk\/wp-json\/wp\/v2\/product\/357","targetHints":{"allow":["GET"]}}],"collection":[{"href":"https:\/\/roll-market.com\/sk\/wp-json\/wp\/v2\/product"}],"about":[{"href":"https:\/\/roll-market.com\/sk\/wp-json\/wp\/v2\/types\/product"}],"replies":[{"embeddable":true,"href":"https:\/\/roll-market.com\/sk\/wp-json\/wp\/v2\/comments?post=357"}],"wp:featuredmedia":[{"embeddable":true,"href":"https:\/\/roll-market.com\/sk\/wp-json\/wp\/v2\/media\/365"}],"wp:attachment":[{"href":"https:\/\/roll-market.com\/sk\/wp-json\/wp\/v2\/media?parent=357"}],"wp:term":[{"taxonomy":"product_brand","embeddable":true,"href":"https:\/\/roll-market.com\/sk\/wp-json\/wp\/v2\/product_brand?post=357"},{"taxonomy":"product_cat","embeddable":true,"href":"https:\/\/roll-market.com\/sk\/wp-json\/wp\/v2\/product_cat?post=357"},{"taxonomy":"product_tag","embeddable":true,"href":"https:\/\/roll-market.com\/sk\/wp-json\/wp\/v2\/product_tag?post=357"}],"curies":[{"name":"wp","href":"https:\/\/api.w.org\/{rel}","templated":true}]}}