{"id":343,"date":"2023-10-31T16:29:40","date_gmt":"2023-10-31T16:29:40","guid":{"rendered":"http:\/\/134.122.69.219\/?post_type=product&#038;p=343"},"modified":"2025-12-09T00:05:55","modified_gmt":"2025-12-08T22:05:55","slug":"aovo-pro-esmax-500w-145ah-35km-h","status":"publish","type":"product","link":"https:\/\/roll-market.com\/sk\/product\/aovo-pro-esmax-500w-145ah-35km-h\/","title":{"rendered":"AOVO PRO ESMAX 500W 14,5AH 35KM\/H"},"content":{"rendered":"<p>Je vhodn\u00fd aj na dlh\u0161ie cesty a ide\u00e1lny pre t\u00fdch, ktor\u00ed si cenia dojazd. V\u010faka vzduchov\u00fdm pneumatik\u00e1m a tlmeniu n\u00e1razov v prednej a zadnej \u010dasti poskytuje pr\u00edjemnej\u0161iu jazdu. V\u010faka syst\u00e9mu skladania sa model ESMAX \u013eahko prepravuje a uklad\u00e1 v aute a vo verejnej doprave. Vychutnajte si neobmedzen\u00e9 mo\u017enosti a za\u017eite nie\u010do v\u00fdnimo\u010dn\u00e9 s modelom ESMAX.<\/p>","protected":false},"excerpt":{"rendered":"<p>Aovo Pro ESMAX je mimoriadne \u013eahk\u00fd a kompaktn\u00fd na pohodln\u00e9 pou\u017e\u00edvanie v mestskom prostred\u00ed aj v ter\u00e9ne.<\/p>","protected":false},"featured_media":346,"comment_status":"open","ping_status":"closed","template":"","meta":{"_acf_changed":false},"product_brand":[],"product_cat":[30,16,20,15],"product_tag":[],"class_list":{"0":"post-343","1":"product","2":"type-product","3":"status-publish","4":"has-post-thumbnail","6":"product_cat-akcios-rollerek","7":"product_cat-aovo","8":"product_cat-hetvegi-rollerek","9":"product_cat-rollerek","11":"first","12":"outofstock","13":"sale","14":"shipping-taxable","15":"purchasable","16":"product-type-simple"},"acf":[],"_links":{"self":[{"href":"https:\/\/roll-market.com\/sk\/wp-json\/wp\/v2\/product\/343","targetHints":{"allow":["GET"]}}],"collection":[{"href":"https:\/\/roll-market.com\/sk\/wp-json\/wp\/v2\/product"}],"about":[{"href":"https:\/\/roll-market.com\/sk\/wp-json\/wp\/v2\/types\/product"}],"replies":[{"embeddable":true,"href":"https:\/\/roll-market.com\/sk\/wp-json\/wp\/v2\/comments?post=343"}],"wp:featuredmedia":[{"embeddable":true,"href":"https:\/\/roll-market.com\/sk\/wp-json\/wp\/v2\/media\/346"}],"wp:attachment":[{"href":"https:\/\/roll-market.com\/sk\/wp-json\/wp\/v2\/media?parent=343"}],"wp:term":[{"taxonomy":"product_brand","embeddable":true,"href":"https:\/\/roll-market.com\/sk\/wp-json\/wp\/v2\/product_brand?post=343"},{"taxonomy":"product_cat","embeddable":true,"href":"https:\/\/roll-market.com\/sk\/wp-json\/wp\/v2\/product_cat?post=343"},{"taxonomy":"product_tag","embeddable":true,"href":"https:\/\/roll-market.com\/sk\/wp-json\/wp\/v2\/product_tag?post=343"}],"curies":[{"name":"wp","href":"https:\/\/api.w.org\/{rel}","templated":true}]}}