{"id":2016,"date":"2024-06-24T11:05:14","date_gmt":"2024-06-24T09:05:14","guid":{"rendered":"http:\/\/134.122.69.219\/?post_type=product&#038;p=2016"},"modified":"2026-04-20T23:04:18","modified_gmt":"2026-04-20T21:04:18","slug":"kugoo-kukirin-g2","status":"publish","type":"product","link":"https:\/\/roll-market.com\/sk\/product\/kugoo-kukirin-g2\/","title":{"rendered":"KuKirin G2 2026 800W 15ah 45km\/h"},"content":{"rendered":"<p class=\"p1\">Elektrick\u00e1 kolobe\u017eka KuKirin G2 je vybaven\u00e1 10-palcov\u00fdmi ter\u00e9nnymi pneumatikami, predn\u00fdmi a zadn\u00fdmi pru\u017einov\u00fdmi tlmi\u010dmi. Jej vynikaj\u00faca pri\u013enavos\u0165 a \u00fa\u010dinok tlmenia n\u00e1razov zais\u0165uj\u00fa plynul\u00e9 odva\u013eovanie v r\u00f4znych cestn\u00fdch podmienkach. Tlmenie n\u00e1razov, ve\u013ek\u00e9 koles\u00e1 a dvojit\u00fd brzdov\u00fd syst\u00e9m zvy\u0161uj\u00fa bezpe\u010dnos\u0165 a pohodlie pri jazde. \u010ci u\u017e ju budete pou\u017e\u00edva\u0165 na mestsk\u00fdch asfaltov\u00fdch cest\u00e1ch alebo na vidieckych \u0161trkov\u00fdch cest\u00e1ch, KuKirin G2 to zvl\u00e1dne s \u013eahkos\u0165ou a poskytne v\u00e1m bezkonkuren\u010dn\u00fd z\u00e1\u017eitok z jazdy.<\/p>","protected":false},"excerpt":{"rendered":"<p class=\"p1\">Elektrick\u00e1 kolobe\u017eka KuKirin G2 je vybaven\u00e1 10-palcov\u00fdmi ter\u00e9nnymi pneumatikami, predn\u00fdmi a zadn\u00fdmi pru\u017einov\u00fdmi tlmi\u010dmi. Jej vynikaj\u00faca pri\u013enavos\u0165 a \u00fa\u010dinok tlmenia n\u00e1razov zais\u0165uj\u00fa plynul\u00e9 odva\u013eovanie v r\u00f4znych cestn\u00fdch podmienkach.<\/p>","protected":false},"featured_media":4932,"comment_status":"open","ping_status":"closed","template":"","meta":{"_acf_changed":false},"product_brand":[],"product_cat":[21,15,18],"product_tag":[],"class_list":{"0":"post-2016","1":"product","2":"type-product","3":"status-publish","4":"has-post-thumbnail","6":"product_cat-performance-rollerek","7":"product_cat-rollerek","8":"product_cat-kugoo","10":"first","11":"instock","12":"sale","13":"shipping-taxable","14":"purchasable","15":"product-type-simple"},"acf":[],"_links":{"self":[{"href":"https:\/\/roll-market.com\/sk\/wp-json\/wp\/v2\/product\/2016","targetHints":{"allow":["GET"]}}],"collection":[{"href":"https:\/\/roll-market.com\/sk\/wp-json\/wp\/v2\/product"}],"about":[{"href":"https:\/\/roll-market.com\/sk\/wp-json\/wp\/v2\/types\/product"}],"replies":[{"embeddable":true,"href":"https:\/\/roll-market.com\/sk\/wp-json\/wp\/v2\/comments?post=2016"}],"wp:featuredmedia":[{"embeddable":true,"href":"https:\/\/roll-market.com\/sk\/wp-json\/wp\/v2\/media\/4932"}],"wp:attachment":[{"href":"https:\/\/roll-market.com\/sk\/wp-json\/wp\/v2\/media?parent=2016"}],"wp:term":[{"taxonomy":"product_brand","embeddable":true,"href":"https:\/\/roll-market.com\/sk\/wp-json\/wp\/v2\/product_brand?post=2016"},{"taxonomy":"product_cat","embeddable":true,"href":"https:\/\/roll-market.com\/sk\/wp-json\/wp\/v2\/product_cat?post=2016"},{"taxonomy":"product_tag","embeddable":true,"href":"https:\/\/roll-market.com\/sk\/wp-json\/wp\/v2\/product_tag?post=2016"}],"curies":[{"name":"wp","href":"https:\/\/api.w.org\/{rel}","templated":true}]}}