{"id":142,"date":"2023-10-29T15:04:54","date_gmt":"2023-10-29T13:04:54","guid":{"rendered":"http:\/\/134.122.69.219\/?post_type=product&#038;p=142"},"modified":"2026-04-20T11:49:02","modified_gmt":"2026-04-20T09:49:02","slug":"aovo-es80","status":"publish","type":"product","link":"https:\/\/roll-market.com\/sk\/product\/aovo-es80\/","title":{"rendered":"AOVO ES80 350W 10.5AH 31KM\/H 2025"},"content":{"rendered":"<p>V\u010faka kon\u0161trukcii z leteck\u00e9ho hlin\u00edka nie je ur\u010den\u00fd len do mesta, ale aj na drsnej\u0161ie cesty. Je tie\u017e dobrou vo\u013ebou do da\u017ediv\u00fdch dn\u00ed, preto\u017ee jeho kon\u0161trukcia s kryt\u00edm IP64 zaru\u010duje, \u017ee dobre odol\u00e1 vlhk\u00e9mu po\u010dasiu. Kapacita bat\u00e9rie poskytuje dojazd a\u017e 35 km na jedno nabitie. Kolobe\u017eka je skladacia na jednoduch\u00fa prepravu a skladovanie.<\/p>","protected":false},"excerpt":{"rendered":"<div class=\"product__description rte quick-add-hidden\">Elektrick\u00e1 kolobe\u017eka Aovo ProES80 M365 sa \u013eahko pou\u017e\u00edva a je ob\u013e\u00faben\u00fdm dopravn\u00fdm prostriedkom. M\u00e1 v\u00fdkonn\u00fd motor, ktor\u00fd dok\u00e1\u017ee zr\u00fdchli\u0165 a\u017e na 31 km\/h.<\/div>","protected":false},"featured_media":143,"comment_status":"open","ping_status":"closed","template":"","meta":{"_acf_changed":false},"product_brand":[],"product_cat":[16,20,15],"product_tag":[],"class_list":{"0":"post-142","1":"product","2":"type-product","3":"status-publish","4":"has-post-thumbnail","6":"product_cat-aovo","7":"product_cat-hetvegi-rollerek","8":"product_cat-rollerek","10":"first","11":"instock","12":"sale","13":"shipping-taxable","14":"purchasable","15":"product-type-simple"},"acf":[],"_links":{"self":[{"href":"https:\/\/roll-market.com\/sk\/wp-json\/wp\/v2\/product\/142","targetHints":{"allow":["GET"]}}],"collection":[{"href":"https:\/\/roll-market.com\/sk\/wp-json\/wp\/v2\/product"}],"about":[{"href":"https:\/\/roll-market.com\/sk\/wp-json\/wp\/v2\/types\/product"}],"replies":[{"embeddable":true,"href":"https:\/\/roll-market.com\/sk\/wp-json\/wp\/v2\/comments?post=142"}],"wp:featuredmedia":[{"embeddable":true,"href":"https:\/\/roll-market.com\/sk\/wp-json\/wp\/v2\/media\/143"}],"wp:attachment":[{"href":"https:\/\/roll-market.com\/sk\/wp-json\/wp\/v2\/media?parent=142"}],"wp:term":[{"taxonomy":"product_brand","embeddable":true,"href":"https:\/\/roll-market.com\/sk\/wp-json\/wp\/v2\/product_brand?post=142"},{"taxonomy":"product_cat","embeddable":true,"href":"https:\/\/roll-market.com\/sk\/wp-json\/wp\/v2\/product_cat?post=142"},{"taxonomy":"product_tag","embeddable":true,"href":"https:\/\/roll-market.com\/sk\/wp-json\/wp\/v2\/product_tag?post=142"}],"curies":[{"name":"wp","href":"https:\/\/api.w.org\/{rel}","templated":true}]}}