{"id":1068,"date":"2024-01-05T10:46:17","date_gmt":"2024-01-05T08:46:17","guid":{"rendered":"http:\/\/134.122.69.219\/?post_type=product&#038;p=1068"},"modified":"2026-04-20T11:48:38","modified_gmt":"2026-04-20T09:48:38","slug":"kugoo-kukirin-g4","status":"publish","type":"product","link":"https:\/\/roll-market.com\/sk\/product\/kugoo-kukirin-g4\/","title":{"rendered":"KUKIRIN G4 2000W 20AH 70KM\/H 2026"},"content":{"rendered":"<p>Pohon zadn\u00fdch kolies a teleskopick\u00e9 odpru\u017eenie modelu Kugoo KuKirin G4 poskytuj\u00fa vynikaj\u00faci v\u00fdkon aj v n\u00e1ro\u010dnom ter\u00e9ne. Nem\u00e1 probl\u00e9m jazdi\u0165 po n\u00e1sypoch, cez elektrick\u00e9 vedenie a in\u00e9 prek\u00e1\u017eky. Predn\u00e9 svetlo poskytuje \u00fa\u010dinn\u00e9 osvetlenie, zatia\u013e \u010do v\u010faka pr\u00eddavn\u00fdm svetl\u00e1m je kolobe\u017eka v noci dobre vidite\u013en\u00e1.<\/p>","protected":false},"excerpt":{"rendered":"<p>Kugoo KIRIN G4 je vynikaj\u00facou vo\u013ebou pre mestsk\u00fa a vidiecku dopravu, je r\u00fdchly, v\u00fdkonn\u00fd, dynamick\u00fd a odoln\u00fd. Kolobe\u017eka sa svojou ve\u013ekos\u0165ou rad\u00ed do vy\u0161\u0161ej strednej triedy.<\/p>","protected":false},"featured_media":7561,"comment_status":"open","ping_status":"closed","template":"","meta":{"_acf_changed":false},"product_brand":[],"product_cat":[15,18,21],"product_tag":[],"class_list":{"0":"post-1068","1":"product","2":"type-product","3":"status-publish","4":"has-post-thumbnail","6":"product_cat-rollerek","7":"product_cat-kugoo","8":"product_cat-performance-rollerek","10":"first","11":"outofstock","12":"sale","13":"shipping-taxable","14":"purchasable","15":"product-type-simple"},"acf":[],"_links":{"self":[{"href":"https:\/\/roll-market.com\/sk\/wp-json\/wp\/v2\/product\/1068","targetHints":{"allow":["GET"]}}],"collection":[{"href":"https:\/\/roll-market.com\/sk\/wp-json\/wp\/v2\/product"}],"about":[{"href":"https:\/\/roll-market.com\/sk\/wp-json\/wp\/v2\/types\/product"}],"replies":[{"embeddable":true,"href":"https:\/\/roll-market.com\/sk\/wp-json\/wp\/v2\/comments?post=1068"}],"wp:featuredmedia":[{"embeddable":true,"href":"https:\/\/roll-market.com\/sk\/wp-json\/wp\/v2\/media\/7561"}],"wp:attachment":[{"href":"https:\/\/roll-market.com\/sk\/wp-json\/wp\/v2\/media?parent=1068"}],"wp:term":[{"taxonomy":"product_brand","embeddable":true,"href":"https:\/\/roll-market.com\/sk\/wp-json\/wp\/v2\/product_brand?post=1068"},{"taxonomy":"product_cat","embeddable":true,"href":"https:\/\/roll-market.com\/sk\/wp-json\/wp\/v2\/product_cat?post=1068"},{"taxonomy":"product_tag","embeddable":true,"href":"https:\/\/roll-market.com\/sk\/wp-json\/wp\/v2\/product_tag?post=1068"}],"curies":[{"name":"wp","href":"https:\/\/api.w.org\/{rel}","templated":true}]}}