{"id":1061,"date":"2024-01-05T10:33:54","date_gmt":"2024-01-05T08:33:54","guid":{"rendered":"http:\/\/134.122.69.219\/?post_type=product&#038;p=1061"},"modified":"2026-04-21T07:50:10","modified_gmt":"2026-04-21T05:50:10","slug":"kugoo-kukirin-g2-master","status":"publish","type":"product","link":"https:\/\/roll-market.com\/sk\/product\/kugoo-kukirin-g2-master\/","title":{"rendered":"KuKirin G2 Master dual 2x1000W 20.8AH 2026"},"content":{"rendered":"<p>Kolobe\u017eka KUGOO KuKirin G2 Master m\u00e1 v\u00fdkonn\u00fd dvojit\u00fd pohon a teleskopick\u00e9 odpru\u017eenie, tak\u017ee si \u013eahko porad\u00ed s ak\u00fdmko\u013evek ter\u00e9nom. Predn\u00e9 svetlo poskytuje vynikaj\u00face osvetlenie, zatia\u013e \u010do v\u010faka pr\u00eddavn\u00fdm svetl\u00e1m je kolobe\u017eka v noci dobre vidite\u013en\u00e1. Kolobe\u017eka KUKIRIN G2 MASTER je ide\u00e1lnou vo\u013ebou pre t\u00fdch, ktor\u00ed h\u013eadaj\u00fa elektrick\u00fa kolobe\u017eku, ktor\u00e1 hravo zvl\u00e1dne ka\u017ed\u00fa v\u00fdzvu.<\/p>","protected":false},"excerpt":{"rendered":"<p>Prem\u00fd\u0161\u013eate, ktor\u00fd elektrick\u00fd sk\u00fater si vybra\u0165, ktor\u00fd je v\u00fdkonn\u00fd, r\u00fdchly a dynamick\u00fd? H\u013ead\u00e1te kolobe\u017eku, ktor\u00e1 si \u013eahko porad\u00ed s nerovn\u00fdm ter\u00e9nom a ulicami pln\u00fdmi prek\u00e1\u017eok? Ak \u00e1no, kolobe\u017eka KUKIRIN G2 MASTER by pre v\u00e1s mohla by\u0165 ide\u00e1lnou vo\u013ebou!<\/p>","protected":false},"featured_media":5776,"comment_status":"open","ping_status":"closed","template":"","meta":{"_acf_changed":false},"product_brand":[],"product_cat":[15,18,21],"product_tag":[],"class_list":{"0":"post-1061","1":"product","2":"type-product","3":"status-publish","4":"has-post-thumbnail","6":"product_cat-rollerek","7":"product_cat-kugoo","8":"product_cat-performance-rollerek","10":"first","11":"instock","12":"sale","13":"shipping-taxable","14":"purchasable","15":"product-type-simple"},"acf":[],"_links":{"self":[{"href":"https:\/\/roll-market.com\/sk\/wp-json\/wp\/v2\/product\/1061","targetHints":{"allow":["GET"]}}],"collection":[{"href":"https:\/\/roll-market.com\/sk\/wp-json\/wp\/v2\/product"}],"about":[{"href":"https:\/\/roll-market.com\/sk\/wp-json\/wp\/v2\/types\/product"}],"replies":[{"embeddable":true,"href":"https:\/\/roll-market.com\/sk\/wp-json\/wp\/v2\/comments?post=1061"}],"wp:featuredmedia":[{"embeddable":true,"href":"https:\/\/roll-market.com\/sk\/wp-json\/wp\/v2\/media\/5776"}],"wp:attachment":[{"href":"https:\/\/roll-market.com\/sk\/wp-json\/wp\/v2\/media?parent=1061"}],"wp:term":[{"taxonomy":"product_brand","embeddable":true,"href":"https:\/\/roll-market.com\/sk\/wp-json\/wp\/v2\/product_brand?post=1061"},{"taxonomy":"product_cat","embeddable":true,"href":"https:\/\/roll-market.com\/sk\/wp-json\/wp\/v2\/product_cat?post=1061"},{"taxonomy":"product_tag","embeddable":true,"href":"https:\/\/roll-market.com\/sk\/wp-json\/wp\/v2\/product_tag?post=1061"}],"curies":[{"name":"wp","href":"https:\/\/api.w.org\/{rel}","templated":true}]}}