{"id":593,"date":"2023-11-04T11:07:04","date_gmt":"2023-11-04T11:07:04","guid":{"rendered":"http:\/\/134.122.69.219\/?page_id=593"},"modified":"2023-11-04T11:21:46","modified_gmt":"2023-11-04T11:21:46","slug":"cookie-policy","status":"publish","type":"page","link":"https:\/\/roll-market.com\/sk\/cookie-policy\/","title":{"rendered":"Vyhl\u00e1senie o s\u00faboroch cookie"},"content":{"rendered":"<div data-elementor-type=\"wp-page\" data-elementor-id=\"593\" class=\"elementor elementor-593\" data-elementor-post-type=\"page\">\n\t\t\t\t\t\t<section class=\"elementor-section elementor-top-section elementor-element elementor-element-e72e08f elementor-section-stretched elementor-section-content-middle elementor-section-boxed elementor-section-height-default elementor-section-height-default\" data-id=\"e72e08f\" data-element_type=\"section\" data-settings=\"{&quot;stretch_section&quot;:&quot;section-stretched&quot;,&quot;jet_parallax_layout_list&quot;:[{&quot;jet_parallax_layout_image&quot;:{&quot;url&quot;:&quot;&quot;,&quot;id&quot;:&quot;&quot;,&quot;size&quot;:&quot;&quot;},&quot;_id&quot;:&quot;9d879cb&quot;,&quot;jet_parallax_layout_speed&quot;:{&quot;unit&quot;:&quot;%&quot;,&quot;size&quot;:50,&quot;sizes&quot;:[]},&quot;jet_parallax_layout_image_tablet&quot;:{&quot;url&quot;:&quot;&quot;,&quot;id&quot;:&quot;&quot;,&quot;size&quot;:&quot;&quot;},&quot;jet_parallax_layout_image_mobile&quot;:{&quot;url&quot;:&quot;&quot;,&quot;id&quot;:&quot;&quot;,&quot;size&quot;:&quot;&quot;},&quot;jet_parallax_layout_type&quot;:&quot;scroll&quot;,&quot;jet_parallax_layout_direction&quot;:&quot;1&quot;,&quot;jet_parallax_layout_fx_direction&quot;:null,&quot;jet_parallax_layout_z_index&quot;:&quot;&quot;,&quot;jet_parallax_layout_bg_x&quot;:50,&quot;jet_parallax_layout_bg_x_tablet&quot;:&quot;&quot;,&quot;jet_parallax_layout_bg_x_mobile&quot;:&quot;&quot;,&quot;jet_parallax_layout_bg_y&quot;:50,&quot;jet_parallax_layout_bg_y_tablet&quot;:&quot;&quot;,&quot;jet_parallax_layout_bg_y_mobile&quot;:&quot;&quot;,&quot;jet_parallax_layout_bg_size&quot;:&quot;auto&quot;,&quot;jet_parallax_layout_bg_size_tablet&quot;:&quot;&quot;,&quot;jet_parallax_layout_bg_size_mobile&quot;:&quot;&quot;,&quot;jet_parallax_layout_animation_prop&quot;:&quot;transform&quot;,&quot;jet_parallax_layout_on&quot;:[&quot;desktop&quot;,&quot;tablet&quot;]}],&quot;background_background&quot;:&quot;classic&quot;}\">\n\t\t\t\t\t\t<div class=\"elementor-container elementor-column-gap-default\">\n\t\t\t\t\t<div class=\"elementor-column elementor-col-100 elementor-top-column elementor-element elementor-element-cd72b9d\" data-id=\"cd72b9d\" data-element_type=\"column\">\n\t\t\t<div class=\"elementor-widget-wrap elementor-element-populated\">\n\t\t\t\t\t\t<div class=\"elementor-element elementor-element-4b9d87e elementor-widget elementor-widget-heading\" data-id=\"4b9d87e\" data-element_type=\"widget\" data-widget_type=\"heading.default\">\n\t\t\t\t<div class=\"elementor-widget-container\">\n\t\t\t\t\t<h1 class=\"elementor-heading-title elementor-size-default\">Vyhl\u00e1senie o s\u00faboroch cookie<\/h1>\t\t\t\t<\/div>\n\t\t\t\t<\/div>\n\t\t\t\t\t<\/div>\n\t\t<\/div>\n\t\t\t\t\t<\/div>\n\t\t<\/section>\n\t\t\t\t<section class=\"elementor-section elementor-top-section elementor-element elementor-element-6c59839 elementor-section-boxed elementor-section-height-default elementor-section-height-default\" data-id=\"6c59839\" data-element_type=\"section\" data-settings=\"{&quot;jet_parallax_layout_list&quot;:[]}\">\n\t\t\t\t\t\t<div class=\"elementor-container elementor-column-gap-default\">\n\t\t\t\t\t<div class=\"elementor-column elementor-col-100 elementor-top-column elementor-element elementor-element-0f22534\" data-id=\"0f22534\" data-element_type=\"column\">\n\t\t\t<div class=\"elementor-widget-wrap elementor-element-populated\">\n\t\t\t\t\t\t<div class=\"elementor-element elementor-element-f5e3c47 elementor-widget elementor-widget-text-editor\" data-id=\"f5e3c47\" data-element_type=\"widget\" data-widget_type=\"text-editor.default\">\n\t\t\t\t<div class=\"elementor-widget-container\">\n\t\t\t\t\t\t\t\t\t<h4><strong>COOKIES, KTOR\u00c9 S\u00da NEVYHNUTNE POTREBN\u00c9:<\/strong><\/h4><p>Potrebn\u00e9 s\u00fabory cookie s\u00fa absol\u00fatne nevyhnutn\u00e9 pre fungovanie syst\u00e9mu, bez nich nie je mo\u017en\u00e9 webov\u00e9 str\u00e1nky spr\u00e1vne pou\u017e\u00edva\u0165 a pou\u017e\u00edvanie s\u00faborov cookie je nevyhnutn\u00e9 na presadzovanie opr\u00e1vnen\u00fdch z\u00e1ujmov spolo\u010dnosti Mr-rent. Tieto s\u00fabory cookie sa m\u00f4\u017eu pou\u017e\u00edva\u0165 bez s\u00fahlasu pou\u017e\u00edvate\u013ea a nemo\u017eno ich vypn\u00fa\u0165.<\/p><p>Pr\u00e1vny z\u00e1klad: \u010dl\u00e1nok 6 ods. 1 p\u00edsm. b) GDPR.<\/p><h4><strong>FUNK\u010cN\u00c9 A V\u00ddKONNOSTN\u00c9 S\u00daBORY COOKIE<\/strong><\/h4><p>Funk\u010dn\u00e9 a v\u00fdkonnostn\u00e9 s\u00fabory cookie nie s\u00fa nevyhnutne potrebn\u00e9 na pou\u017e\u00edvanie webovej str\u00e1nky, ale umo\u017e\u0148uj\u00fa n\u00e1m poskytova\u0165 v\u00e1m lep\u0161\u00ed pou\u017e\u00edvate\u013esk\u00fd z\u00e1\u017eitok. Tieto s\u00fabory cookie zvy\u010dajne poskytuj\u00fa nastavenia a pohodln\u00e9 funkcie, ktor\u00e9 v\u00e1m pom\u00e1haj\u00fa prisp\u00f4sobi\u0165 webov\u00e9 str\u00e1nky (napr\u00edklad jazyk, ktor\u00fd si vyberiete, alebo typ str\u00e1nky, ktor\u00fa nav\u0161t\u00edvite). S\u00fabory cookie funk\u010dnosti sa pou\u017e\u00edvaj\u00fa len s va\u0161\u00edm s\u00fahlasom a svoj s\u00fahlas m\u00f4\u017eete kedyko\u013evek odvola\u0165 vypnut\u00edm s\u00faborov cookie funk\u010dnosti v Centre ochrany osobn\u00fdch \u00fadajov. Tieto s\u00fabory cookie neukladaj\u00fa \u017eiadne osobn\u00e9 \u00fadaje.<\/p><p>Pr\u00e1vny z\u00e1klad: \u010dl\u00e1nok 6 ods. 1 p\u00edsm. f) GDPR.<\/p><p>\u00a0<\/p><div class=\"table-responsive\"><table class=\"table table-bordered table-striped\"><tbody><tr><td><p><b>N\u00e1zov s\u00faboru cookie<\/b><\/p><\/td><td><p><b>Typ s\u00faboru cookie<\/b><\/p><\/td><td><p><b>Identifik\u00e1tor s\u00faboru cookie<\/b><\/p><\/td><td><p><b>Poskytovate\u013e s\u00faborov cookie<\/b><\/p><\/td><td><p><b>\u00dadaje spracovan\u00e9 s\u00faborom cookie<\/b><\/p><\/td><td><p><b>\u00da\u010del s\u00faboru cookie<\/b><\/p><\/td><td><p><b>\u017divotnos\u0165 s\u00faboru cookie<\/b><\/p><\/td><\/tr><tr><td><p>Funkcia WP<\/p><\/td><td><p>Z\u00e1kladn\u00e9 s\u00fabory cookie<\/p><\/td><td><p>wp-settings-{X}<\/p><\/td><td><p>WordPress<\/p><\/td><td><p>Potrebn\u00e9 na pou\u017e\u00edvanie funkci\u00ed.<\/p><\/td><td><p>Spr\u00e1vne fungovanie.<\/p><\/td><td><p>1 rok<\/p><\/td><\/tr><tr><td><p>Funkcia WP<\/p><\/td><td><p>Z\u00e1kladn\u00e9 s\u00fabory cookie<\/p><\/td><td><p>wp-settings-time-{X}<\/p><\/td><td><p>WordPress<\/p><\/td><td><p>Potrebn\u00e9 na pou\u017e\u00edvanie funkci\u00ed.<\/p><\/td><td><p>Spr\u00e1vne fungovanie.<\/p><\/td><td><p>1 rok<\/p><\/td><\/tr><tr><td><p>Funkcia WP<\/p><\/td><td><p>Z\u00e1kladn\u00e9 s\u00fabory cookie<\/p><\/td><td><p>wordpress_test_cookie<\/p><\/td><td><p>WordPress<\/p><\/td><td><p>Potrebn\u00e9 na pou\u017e\u00edvanie funkci\u00ed.<\/p><\/td><td><p>Spr\u00e1vne fungovanie.<\/p><\/td><td><p>1 rok<\/p><\/td><\/tr><tr><td><p>WP GDPR<\/p><\/td><td><p>Z\u00e1kladn\u00e9 s\u00fabory cookie<\/p><\/td><td><p>gdpr[allowed_cookies]<\/p><\/td><td><p>WordPress<\/p><\/td><td><p>Skuto\u010dnos\u0165 prijatia.<\/p><\/td><td><p>Uklad\u00e1 s\u00fabory cookie, ktor\u00e9 pou\u017e\u00edvate\u013e povolil.<\/p><\/td><td><p>1 rok<\/p><\/td><\/tr><tr><td><p>WP GDPR<\/p><\/td><td><p>Z\u00e1kladn\u00e9 s\u00fabory cookie<\/p><\/td><td><p>gdpr[consent_types]<\/p><\/td><td><p>WordPress<\/p><\/td><td><p>Skuto\u010dnos\u0165 prijatia.<\/p><\/td><td><p>Tento s\u00fabor cookie uklad\u00e1 inform\u00e1cie, ktor\u00e9 pou\u017e\u00edvate\u013e prijal.<\/p><\/td><td><p>1 rok<\/p><\/td><\/tr><tr><td><p>WP GDPR<\/p><\/td><td><p>Z\u00e1kladn\u00e9 s\u00fabory cookie<\/p><\/td><td><p>gdpr[privacy_bar]<\/p><\/td><td><p>WordPress<\/p><\/td><td><p>Skuto\u010dnos\u0165 prijatia.<\/p><\/td><td><p>S\u00falad s prij\u00edman\u00edm s\u00faborov cookie.<\/p><\/td><td><p>1 rok<\/p><\/td><\/tr><tr><td><p>WPML<\/p><\/td><td><p>Z\u00e1kladn\u00e9 s\u00fabory cookie<\/p><\/td><td><p>_icl_current_language<\/p><\/td><td><p>WordPress<\/p><\/td><td><p>Nastavenia jazyka<\/p><\/td><td><p>Spr\u00e1vne fungovanie.<\/p><\/td><td><p>1 de\u0148<\/p><\/td><\/tr><tr><td><p>WPML<\/p><\/td><td><p>Z\u00e1kladn\u00e9 s\u00fabory cookie<\/p><\/td><td><p>wpml_referer_url<\/p><\/td><td><p>WordPress<\/p><\/td><td><p>Predt\u00fdm zobrazen\u00e1 url adresa str\u00e1nky<\/p><\/td><td><p>Spr\u00e1vne fungovanie.<\/p><\/td><td><p>1 de\u0148<\/p><\/td><\/tr><tr><td><p>Slu\u017eba Google Analytics<\/p><\/td><td><p>Funk\u010dn\u00e9 a v\u00fdkonnostn\u00e9 s\u00fabory cookie<\/p><\/td><td><p>_ga<\/p><\/td><td><p>Google<\/p><\/td><td><p>URL, n\u00e1zov str\u00e1nky, n\u00e1zov prehliada\u010da, ve\u013ekos\u0165 okna prehliada\u010da, ve\u013ekos\u0165 obrazovky, Java, verzia flash, umiestnenie, jazyk<\/p><\/td><td><p>Anonymn\u00e9 \u0161tatistiky<\/p><\/td><td><p>2 roky<\/p><\/td><\/tr><tr><td><p>Slu\u017eba Google Analytics<\/p><\/td><td><p>Funk\u010dn\u00e9 a v\u00fdkonnostn\u00e9 s\u00fabory cookie<\/p><\/td><td><p>_gat<\/p><\/td><td><p>Google<\/p><\/td><td><p>URL, n\u00e1zov str\u00e1nky, n\u00e1zov prehliada\u010da, ve\u013ekos\u0165 okna prehliada\u010da, ve\u013ekos\u0165 obrazovky, Java, verzia flash, umiestnenie, jazyk<\/p><\/td><td><p>Anonymn\u00e9 \u0161tatistiky<\/p><\/td><td><p>Prehliada\u010d sa po zatvoren\u00ed vyma\u017ee<\/p><\/td><\/tr><tr><td><p>Slu\u017eba Google Analytics<\/p><\/td><td><p>Funk\u010dn\u00e9 a v\u00fdkonnostn\u00e9 s\u00fabory cookie<\/p><\/td><td><p>_gid<\/p><\/td><td><p>Google<\/p><\/td><td><p>URL, n\u00e1zov str\u00e1nky, n\u00e1zov prehliada\u010da, ve\u013ekos\u0165 okna prehliada\u010da, ve\u013ekos\u0165 obrazovky, Java, verzia flash, umiestnenie, jazyk<\/p><\/td><td><p>Anonymn\u00e9 \u0161tatistiky<\/p><\/td><td><p>1 de\u0148<\/p><\/td><\/tr><\/tbody><\/table><\/div><div class=\"table-responsive\"><table class=\"table table-bordered table-striped\"><tbody><tr><td>Facebook<\/td><td>Funk\u010dn\u00e9 a v\u00fdkonnostn\u00e9 s\u00fabory cookie<\/td><td>fr<\/td><td>Facebook<\/td><td>ID pou\u017e\u00edvate\u013ea, ID prehliada\u010da, \u010dasov\u00e1 pe\u010diatka, \u010fal\u0161ie \u00fadaje uveden\u00e9 vo vyhl\u00e1sen\u00ed o ochrane osobn\u00fdch \u00fadajov na facebook.com<\/td><td>Je to hlavn\u00fd reklamn\u00fd s\u00fabor cookie spolo\u010dnosti Facebook a m\u00f4\u017ee sa pou\u017e\u00edva\u0165 na zobrazovanie, meranie a zlep\u0161ovanie relevantnosti rekl\u00e1m.<\/td><td>3 mesiace<\/td><\/tr><tr><td>Facebook<\/td><td>Funk\u010dn\u00e9 a v\u00fdkonnostn\u00e9 s\u00fabory cookie<\/td><td>_fbp<\/td><td>Facebook<\/td><td>Facebook ho pou\u017e\u00edva na poskytovanie reklamn\u00fdch produktov tretej strane (napr. reklama v re\u00e1lnom \u010dase).<\/td><td>Reklamn\u00fd s\u00fabor cookie spolo\u010dnosti Facebook, ktor\u00fd sa pou\u017e\u00edva na zobrazovanie, meranie a zlep\u0161ovanie relevantnosti rekl\u00e1m.<\/td><td>3 mesiace<\/td><\/tr><tr><td>Facebook<\/td><td>Funk\u010dn\u00e9 a v\u00fdkonnostn\u00e9 s\u00fabory cookie<\/td><td>akt<\/td><td>Facebook<\/td><td>\u010casov\u00e1 pe\u010diatka<\/td><td>Rozli\u0161uje medzi dvoma rel\u00e1ciami vytvoren\u00fdmi pre toho ist\u00e9ho pou\u017e\u00edvate\u013ea v r\u00f4znych \u010dasoch. \u017divotnos\u0165 s\u00faboru cookie z\u00e1vis\u00ed od mo\u017enosti \"Zosta\u0165 prihl\u00e1sen\u00fd\". Ak je t\u00e1to mo\u017enos\u0165 akt\u00edvna, s\u00fabor cookie sa po zatvoren\u00ed prehliada\u010da vyma\u017ee<\/td><td>90 dn\u00ed \/ Prehliada\u010d sa po zatvoren\u00ed vyma\u017ee<\/td><\/tr><tr><td>Facebook<\/td><td>Funk\u010dn\u00e9 a v\u00fdkonnostn\u00e9 s\u00fabory cookie<\/td><td>c_user<\/td><td>Facebook<\/td><td>Obsahuje ID aktu\u00e1lne prihl\u00e1sen\u00e9ho pou\u017e\u00edvate\u013ea<\/td><td>Spr\u00e1vne fungovanie. \u017divotnos\u0165 s\u00faborov cookie z\u00e1vis\u00ed od mo\u017enosti \"Zosta\u0165 prihl\u00e1sen\u00fd\". Ak je t\u00e1to mo\u017enos\u0165 akt\u00edvna, s\u00fabor cookie sa po zatvoren\u00ed prehliada\u010da vyma\u017ee<\/td><td>90 dn\u00ed \/ Prehliada\u010d sa po zatvoren\u00ed vyma\u017ee<\/td><\/tr><tr><td>Facebook<\/td><td>Funk\u010dn\u00e9 a v\u00fdkonnostn\u00e9 s\u00fabory cookie<\/td><td>datr<\/td><td>Facebook<\/td><td>N\u00e1hodn\u00fd identifik\u00e1tor<\/td><td>Jeho \u00fa\u010delom je identifikova\u0165 prehliada\u010d pou\u017eit\u00fd na pripojenie k Facebooku bez oh\u013eadu na prihl\u00e1sen\u00e9ho pou\u017e\u00edvate\u013ea. Tento s\u00fabor cookie zohr\u00e1va k\u013e\u00fa\u010dov\u00fa \u00falohu v bezpe\u010dnostn\u00fdch funkci\u00e1ch a funkci\u00e1ch integrity str\u00e1nky spolo\u010dnosti Facebook.<\/td><td>2 roky<\/td><\/tr><tr><td>Facebook<\/td><td>Funk\u010dn\u00e9 a v\u00fdkonnostn\u00e9 s\u00fabory cookie<\/td><td>locale<\/td><td>Facebook<\/td><td>Umiestnenie naposledy prihl\u00e1sen\u00e9ho pou\u017e\u00edvate\u013ea v prehliada\u010di.<\/td><td>Umiestnenie naposledy prihl\u00e1sen\u00e9ho pou\u017e\u00edvate\u013ea v prehliada\u010di.<\/td><td>1 t\u00fd\u017ede\u0148<\/td><\/tr><tr><td>Facebook<\/td><td>Funk\u010dn\u00e9 a v\u00fdkonnostn\u00e9 s\u00fabory cookie<\/td><td>pr\u00edtomnos\u0165<\/td><td>Facebook<\/td><td>N\u00e1hodn\u00fd identifik\u00e1tor<\/td><td>Sl\u00fa\u017ei na ulo\u017eenie stavu chatu pou\u017e\u00edvate\u013ea. Napr\u00edklad, ak je chat otvoren\u00fd. Tento s\u00fabor cookie je s\u00fabor cookie rel\u00e1cie.<\/td><td>Prehliada\u010d sa po zatvoren\u00ed vyma\u017ee<\/td><\/tr><tr><td>Facebook<\/td><td>Funk\u010dn\u00e9 a v\u00fdkonnostn\u00e9 s\u00fabory cookie<\/td><td>sb<\/td><td>Facebook<\/td><td>Potrebn\u00e9 na pou\u017e\u00edvanie funkci\u00ed chatu.<\/td><td>Potrebn\u00e9 na pou\u017e\u00edvanie funkci\u00ed chatu.<\/td><td>2 roky<\/td><\/tr><tr><td>Facebook<\/td><td>Funk\u010dn\u00e9 a v\u00fdkonnostn\u00e9 s\u00fabory cookie<\/td><td>spin<\/td><td>Facebook<\/td><td>Potrebn\u00e9 na pou\u017e\u00edvanie funkci\u00ed chatu.<\/td><td>Potrebn\u00e9 na pou\u017e\u00edvanie funkci\u00ed chatu.<\/td><td>1 de\u0148<\/td><\/tr><tr><td>Facebook<\/td><td>Funk\u010dn\u00e9 a v\u00fdkonnostn\u00e9 s\u00fabory cookie<\/td><td>wd<\/td><td>Facebook<\/td><td>Ulo\u017eenie ve\u013ekosti okna prehliada\u010da<\/td><td>Facebook ho pou\u017e\u00edva na optimaliz\u00e1ciu rozlo\u017eenia str\u00e1nky.<\/td><td>1 t\u00fd\u017ede\u0148<\/td><\/tr><tr><td>Facebook<\/td><td>Funk\u010dn\u00e9 a v\u00fdkonnostn\u00e9 s\u00fabory cookie<\/td><td>xs<\/td><td>Facebook<\/td><td>\u010c\u00edslo rel\u00e1cie, \u0161ifrovanie rel\u00e1cie, pr\u00edznak \"secure\", ak pou\u017e\u00edvate\u013e povolil mo\u017enos\u0165 zabezpe\u010den\u00e9ho prehliadania.<\/td><td>Ez a s\u00fcti t\u00f6bb inform\u00e1ci\u00f3t tartalmaz, kett\u0151spont elv\u00e1lasztva (a kett\u0151spont az \u00e1tvitelhez a \u201c%3A\u201d \u00e9rt\u00e9kre van k\u00f3dolva).<\/td><td>1 rok<\/td><\/tr><\/tbody><\/table><\/div><p><strong><br \/>ANALYTIKA GOOGLE<\/strong><\/p><p>Webov\u00e1 str\u00e1nka pou\u017e\u00edva slu\u017ebu Google Analytics, ktor\u00fa poskytuje spolo\u010dnos\u0165 Google Inc. (\"Google\"). Slu\u017eba Google Analytics pou\u017e\u00edva na anal\u00fdzu pou\u017e\u00edvania webovej str\u00e1nky \u0161pecifick\u00fa formu s\u00faboru cookie, ktor\u00fd sa uklad\u00e1 vo va\u0161om po\u010d\u00edta\u010di. Inform\u00e1cie vygenerovan\u00e9 s\u00faborom cookie o va\u0161om pou\u017e\u00edvan\u00ed webovej lokality sa zvy\u010dajne pren\u00e1\u0161aj\u00fa a ukladaj\u00fa spolo\u010dnos\u0165ou Google na serveroch v Spojen\u00fdch \u0161t\u00e1toch americk\u00fdch.<\/p><p>Ukladaniu s\u00faborov cookie m\u00f4\u017eete zabr\u00e1ni\u0165 pou\u017eit\u00edm pr\u00edslu\u0161n\u00fdch nastaven\u00ed v softv\u00e9ri prehliada\u010da. Zhroma\u017e\u010fovaniu a sprac\u00favaniu \u00fadajov (vr\u00e1tane va\u0161ej IP adresy) generovan\u00fdch s\u00faborom cookie o va\u0161om pou\u017e\u00edvan\u00ed webovej lokality m\u00f4\u017eete spolo\u010dnosti Google zabr\u00e1ni\u0165 aj stiahnut\u00edm a in\u0161tal\u00e1ciou doplnku prehliada\u010da, ktor\u00fd je k dispoz\u00edcii na adrese https:\/\/tools.google.com\/dlpage\/gaoptout?hl=en.<\/p><p>Webov\u00e1 str\u00e1nka pou\u017e\u00edva aj slu\u017ebu Google Analytics na anal\u00fdzu toku n\u00e1v\u0161tevn\u00edkov prostredn\u00edctvom ID pou\u017e\u00edvate\u013ea sp\u00f4sobom nez\u00e1visl\u00fdm od zariadenia. Sledovanie pou\u017e\u00edvania v r\u00f4znych zariadeniach m\u00f4\u017eete vypn\u00fa\u0165 tak, \u017ee vo svojom \u00fa\u010dte Google prejdete do \u010dasti \"Moje inform\u00e1cie\", \"Osobn\u00e9 inform\u00e1cie\".<\/p><p>Pr\u00e1vny z\u00e1klad: \u010dl\u00e1nok 6 ods. 1 p\u00edsm. f) GDPR.<\/p><p>\u00a0<\/p><p><strong>KONTAKTN\u00dd FORMUL\u00c1R<\/strong><\/p><p>Prev\u00e1dzkovate\u013e \u00fadajov prev\u00e1dzkuje na prev\u00e1dzkovan\u00fdch webov\u00fdch str\u00e1nkach kontaktn\u00fd formul\u00e1r, ktor\u00fd pom\u00e1ha n\u00e1v\u0161tevn\u00edkom \u013eah\u0161ie nadviaza\u0165 kontakt a po\u017eiada\u0165 o inform\u00e1cie.<br \/>Vyplnen\u00edm tohto formul\u00e1ra a za\u0161krtnut\u00edm pol\u00ed\u010dka ni\u017e\u0161ie s\u00fahlas\u00edte s na\u0161imi z\u00e1sadami ochrany osobn\u00fdch \u00fadajov, ktor\u00fdch aktu\u00e1lnu verziu n\u00e1jdete na tejto adrese.<\/p><p>\u00a0<\/p><p><strong>\u00daDAJE POU\u017d\u00cdVATE\u013dA<\/strong><\/p><p>M\u00f4\u017eete skontrolova\u0165 a po\u017eiada\u0165 o zmenu svojich nastaven\u00ed a \u00fadajov, ktor\u00e9 sa o v\u00e1s ukladaj\u00fa.<\/p>\t\t\t\t\t\t\t\t<\/div>\n\t\t\t\t<\/div>\n\t\t\t\t\t<\/div>\n\t\t<\/div>\n\t\t\t\t\t<\/div>\n\t\t<\/section>\n\t\t\t\t<\/div>","protected":false},"excerpt":{"rendered":"<p>Cookie Nyilatkozat FELT\u00c9TLEN\u00dcL SZ\u00dcKS\u00c9GES COOKIE-K: A sz\u00fcks\u00e9ges cookie-k a rendszer m\u0171k\u00f6d\u00e9s\u00e9hez felt\u00e9tlen\u00fcl sz\u00fcks\u00e9gesek, azok n\u00e9lk\u00fcl a honlap nem haszn\u00e1lhat\u00f3 rendeltet\u00e9sszer\u0171en, a hr-rent jogos \u00e9rdek\u00e9nek \u00e9rv\u00e9nyes\u00edt\u00e9s\u00e9hez sz\u00fcks\u00e9ges a cookie-k haszn\u00e1lata. Ezek a cookie-k a felhaszn\u00e1l\u00f3 hozz\u00e1j\u00e1rul\u00e1sa n\u00e9lk\u00fcl haszn\u00e1lhat\u00f3k \u00e9s nem kapcsolhat\u00f3k ki. Jogalap: GDPR 6.cikk (1) bekezd\u00e9s b) pont. FUNKCI\u00d3 \u00c9S TELJES\u00cdTM\u00c9NY COOKIE-K A funkci\u00f3 \u00e9s &#8230; <a title=\"Vyhl\u00e1senie o s\u00faboroch cookie\" class=\"read-more\" href=\"https:\/\/roll-market.com\/sk\/cookie-policy\/\" aria-label=\"Pre\u010d\u00edtajte si viac o Cookie Nyilatkozat\">\u010c\u00edta\u0165 viac<\/a><\/p>","protected":false},"author":1,"featured_media":0,"parent":0,"menu_order":0,"comment_status":"closed","ping_status":"closed","template":"elementor_header_footer","meta":{"_acf_changed":false,"footnotes":""},"class_list":["post-593","page","type-page","status-publish"],"acf":[],"_links":{"self":[{"href":"https:\/\/roll-market.com\/sk\/wp-json\/wp\/v2\/pages\/593","targetHints":{"allow":["GET"]}}],"collection":[{"href":"https:\/\/roll-market.com\/sk\/wp-json\/wp\/v2\/pages"}],"about":[{"href":"https:\/\/roll-market.com\/sk\/wp-json\/wp\/v2\/types\/page"}],"author":[{"embeddable":true,"href":"https:\/\/roll-market.com\/sk\/wp-json\/wp\/v2\/users\/1"}],"replies":[{"embeddable":true,"href":"https:\/\/roll-market.com\/sk\/wp-json\/wp\/v2\/comments?post=593"}],"version-history":[{"count":4,"href":"https:\/\/roll-market.com\/sk\/wp-json\/wp\/v2\/pages\/593\/revisions"}],"predecessor-version":[{"id":597,"href":"https:\/\/roll-market.com\/sk\/wp-json\/wp\/v2\/pages\/593\/revisions\/597"}],"wp:attachment":[{"href":"https:\/\/roll-market.com\/sk\/wp-json\/wp\/v2\/media?parent=593"}],"curies":[{"name":"wp","href":"https:\/\/api.w.org\/{rel}","templated":true}]}}