{"id":32,"date":"2023-10-26T21:25:43","date_gmt":"2023-10-26T21:25:43","guid":{"rendered":"http:\/\/134.122.69.219\/?page_id=32"},"modified":"2023-12-20T13:42:55","modified_gmt":"2023-12-20T12:42:55","slug":"returns","status":"publish","type":"page","link":"https:\/\/roll-market.com\/sk\/returns\/","title":{"rendered":"Visszak\u00fcld\u00e9s &#8211; Panaszkezel\u00e9s"},"content":{"rendered":"<div data-elementor-type=\"wp-page\" data-elementor-id=\"32\" class=\"elementor elementor-32\" data-elementor-post-type=\"page\">\n\t\t\t\t\t\t<section class=\"elementor-section elementor-top-section elementor-element elementor-element-27bd96c elementor-section-stretched elementor-section-content-middle elementor-section-boxed elementor-section-height-default elementor-section-height-default\" data-id=\"27bd96c\" data-element_type=\"section\" data-settings=\"{&quot;stretch_section&quot;:&quot;section-stretched&quot;,&quot;jet_parallax_layout_list&quot;:[{&quot;jet_parallax_layout_image&quot;:{&quot;url&quot;:&quot;&quot;,&quot;id&quot;:&quot;&quot;,&quot;size&quot;:&quot;&quot;},&quot;_id&quot;:&quot;9d879cb&quot;,&quot;jet_parallax_layout_speed&quot;:{&quot;unit&quot;:&quot;%&quot;,&quot;size&quot;:50,&quot;sizes&quot;:[]},&quot;jet_parallax_layout_image_tablet&quot;:{&quot;url&quot;:&quot;&quot;,&quot;id&quot;:&quot;&quot;,&quot;size&quot;:&quot;&quot;},&quot;jet_parallax_layout_image_mobile&quot;:{&quot;url&quot;:&quot;&quot;,&quot;id&quot;:&quot;&quot;,&quot;size&quot;:&quot;&quot;},&quot;jet_parallax_layout_type&quot;:&quot;scroll&quot;,&quot;jet_parallax_layout_direction&quot;:&quot;1&quot;,&quot;jet_parallax_layout_fx_direction&quot;:null,&quot;jet_parallax_layout_z_index&quot;:&quot;&quot;,&quot;jet_parallax_layout_bg_x&quot;:50,&quot;jet_parallax_layout_bg_x_tablet&quot;:&quot;&quot;,&quot;jet_parallax_layout_bg_x_mobile&quot;:&quot;&quot;,&quot;jet_parallax_layout_bg_y&quot;:50,&quot;jet_parallax_layout_bg_y_tablet&quot;:&quot;&quot;,&quot;jet_parallax_layout_bg_y_mobile&quot;:&quot;&quot;,&quot;jet_parallax_layout_bg_size&quot;:&quot;auto&quot;,&quot;jet_parallax_layout_bg_size_tablet&quot;:&quot;&quot;,&quot;jet_parallax_layout_bg_size_mobile&quot;:&quot;&quot;,&quot;jet_parallax_layout_animation_prop&quot;:&quot;transform&quot;,&quot;jet_parallax_layout_on&quot;:[&quot;desktop&quot;,&quot;tablet&quot;]}],&quot;background_background&quot;:&quot;classic&quot;}\">\n\t\t\t\t\t\t<div class=\"elementor-container elementor-column-gap-default\">\n\t\t\t\t\t<div class=\"elementor-column elementor-col-100 elementor-top-column elementor-element elementor-element-da6d1a1\" data-id=\"da6d1a1\" data-element_type=\"column\">\n\t\t\t<div class=\"elementor-widget-wrap elementor-element-populated\">\n\t\t\t\t\t\t<div class=\"elementor-element elementor-element-3d5b764 elementor-widget elementor-widget-heading\" data-id=\"3d5b764\" data-element_type=\"widget\" data-widget_type=\"heading.default\">\n\t\t\t\t<div class=\"elementor-widget-container\">\n\t\t\t\t\t<h1 class=\"elementor-heading-title elementor-size-default\">VYBAVOVANIE REKLAM\u00c1CI\u00cd, Z\u00c1RUKA<\/h1>\t\t\t\t<\/div>\n\t\t\t\t<\/div>\n\t\t\t\t\t<\/div>\n\t\t<\/div>\n\t\t\t\t\t<\/div>\n\t\t<\/section>\n\t\t\t\t<section class=\"elementor-section elementor-top-section elementor-element elementor-element-ef43bab elementor-section-boxed elementor-section-height-default elementor-section-height-default\" data-id=\"ef43bab\" data-element_type=\"section\" data-settings=\"{&quot;jet_parallax_layout_list&quot;:[]}\">\n\t\t\t\t\t\t<div class=\"elementor-container elementor-column-gap-default\">\n\t\t\t\t\t<div class=\"elementor-column elementor-col-100 elementor-top-column elementor-element elementor-element-a922e2e\" data-id=\"a922e2e\" data-element_type=\"column\">\n\t\t\t<div class=\"elementor-widget-wrap elementor-element-populated\">\n\t\t\t\t\t\t<div class=\"elementor-element elementor-element-15c4fe6 elementor-widget elementor-widget-text-editor\" data-id=\"15c4fe6\" data-element_type=\"widget\" data-widget_type=\"text-editor.default\">\n\t\t\t\t<div class=\"elementor-widget-container\">\n\t\t\t\t\t\t\t\t\t<div class=\"rich-text__text rte\"><h4><strong>POSTUP PANELU <\/strong><\/h4><p>V pr\u00edpade s\u0165a\u017enosti m\u00f4\u017ee spotrebite\u013e poda\u0165 s\u0165a\u017enos\u0165 takto:<\/p><p>Kontaktujte pred\u00e1vaj\u00faceho e-mailom, cez internet alebo telefonicky. Kupuj\u00faci m\u00f4\u017ee poda\u0165 s\u0165a\u017enos\u0165 na slu\u017ebu \u00fastne alebo p\u00edsomne. Pred\u00e1vaj\u00faci je povinn\u00fd na reklam\u00e1ciu odpoveda\u0165 do 30 dn\u00ed, a to najm\u00e4 e-mailom na e-mailov\u00fa adresu uveden\u00fa Kupuj\u00facim. V pr\u00edpade zamietnutia reklam\u00e1cie mus\u00ed pred\u00e1vaj\u00faci uvies\u0165 d\u00f4vody svojho rozhodnutia a informova\u0165 kupuj\u00faceho o org\u00e1ne alebo zmierovacom org\u00e1ne, ktor\u00e9mu m\u00f4\u017ee s\u0165a\u017enos\u0165 post\u00fapi\u0165.<\/p><p>Ak je v\u00fdrobok v z\u00e1ru\u010dnej dobe chybn\u00fd, z\u00e1kazn\u00edk m\u00e1 pr\u00e1vo po\u017eadova\u0165 odstr\u00e1nenie chyby. Ak bola reklam\u00e1cia vybaven\u00e1 v\u00fdmenou tovaru za nov\u00fd v\u00fdrobok, z\u00e1ru\u010dn\u00e1 doba za\u010d\u00edna plyn\u00fa\u0165 znova odo d\u0148a v\u00fdmeny. V pr\u00edpade neopr\u00e1vnenej reklam\u00e1cie sa z\u00e1ru\u010dn\u00e1 doba nepredl\u017euje. O v\u00fdsledku pos\u00fadenia bude kupuj\u00faci bezodkladne informovan\u00fd.<\/p><p>Kupuj\u00faci mus\u00ed vr\u00e1ti\u0165 v\u00fdrobok v bezpe\u010dnom obale, aby sa zabezpe\u010dilo, \u017ee zostane po\u010das prepravy neporu\u0161en\u00fd. V\u00fdrobok by mal by\u0165 odoslan\u00fd len po predch\u00e1dzaj\u00facom upozornen\u00ed pred\u00e1vaj\u00faceho (telefonicky alebo e-mailom). Pred\u00e1vaj\u00faci neprij\u00edma tovar zaslan\u00fd na dobierku. K vr\u00e1teniu v\u00fdrobku mus\u00ed by\u0165 prilo\u017een\u00e1 fakt\u00fara alebo jej k\u00f3pia. N\u00e1klady na prepravu reklamovan\u00e9ho tovaru do servisn\u00e9ho strediska zn\u00e1\u0161a kupuj\u00faci od kupuj\u00faceho k pred\u00e1vaj\u00facemu. Po zisten\u00ed opr\u00e1vnenej reklam\u00e1cie zn\u00e1\u0161a n\u00e1klady na vr\u00e1tenie tovaru pred\u00e1vaj\u00faci.<\/p><h4><strong>PORADENSTVO <\/strong><\/h4><p>Z\u00e1ru\u010dn\u00e9 podmienky s\u00fa nasledovn\u00e9:<\/p><p><strong>Za\u010diatok kvalifika\u010dn\u00e9ho obdobia<\/strong>: Z\u00e1ru\u010dn\u00e1 doba za\u010d\u00edna plyn\u00fa\u0165 od d\u00e1tumu predaja v\u00fdrobku.<\/p><p><strong>Obmedzenie obdobia pozastavenia<\/strong>: Ak sa zariadenie pou\u017e\u00edva na pren\u00e1jom alebo komer\u010dn\u00e9 \u00fa\u010dely, z\u00e1ru\u010dn\u00e1 doba je obmedzen\u00e1 na 30 dn\u00ed.<\/p><p><strong>Z\u00e1ruka na bat\u00e9rie<\/strong>: Z\u00e1ru\u010dn\u00e1 doba na bat\u00e9riu je 6 mesiacov.<\/p><p><strong>Z\u00e1v\u00e4zok dobrej povesti<\/strong>: Spolo\u010dnos\u0165 ROLL-MARKET.COM oprav\u00ed alebo vymen\u00ed ak\u00fdko\u013evek <strong>v\u00fdrobn\u00e1 chyba<\/strong> diel po\u010das z\u00e1ru\u010dnej doby.<\/p><p>Za t\u00fdchto podmienok sa z\u00e1kazn\u00edci m\u00f4\u017eu spo\u013eahn\u00fa\u0165 na podporu spolo\u010dnosti ROLL-MARKET.COM, ak sa na v\u00fdrobkoch po\u010das z\u00e1ru\u010dnej doby prejavia v\u00fdrobn\u00e9 chyby.<\/p><h4><strong>Z\u00c1RUKA A SERVIS <\/strong><\/h4><p>Z\u00e1ruka plat\u00ed len vtedy, ak sa v\u00fdrobok pou\u017e\u00edva na ur\u010den\u00fd \u00fa\u010del.<\/p><p>V ni\u017e\u0161ie uveden\u00fdch pr\u00edpadoch spolo\u010dnos\u0165 ROLL-MARKET.COM neposkytuje z\u00e1ru\u010dn\u00fa ochranu:<\/p><ul><li>\u0161kody vzniknut\u00e9 v d\u00f4sledku pou\u017eitia met\u00f3dy opravy alebo \u00fadr\u017eby, ktor\u00e1 nebola vykonan\u00e1 v s\u00falade s pokynmi<\/li><li>\u0161kody sp\u00f4soben\u00e9 pou\u017e\u00edvan\u00edm kolobe\u017eiek v s\u00fa\u0165a\u017ei<\/li><li>opotrebite\u013en\u00e9 diely (napr. pneumatiky, brzdy, \u017eiarovky at\u010f.)<\/li><li>po\u0161kodenie v d\u00f4sledku nespr\u00e1vnej prepravy alebo skladovania<\/li><li>prenajat\u00fd v\u00fdrobok m\u00e1 obmedzen\u00fa z\u00e1ru\u010dn\u00fa ochranu (pozri vy\u0161\u0161ie).<\/li><li>po\u0161kodenie alebo z\u00e1vada sp\u00f4soben\u00e1 vonkaj\u0161\u00edm n\u00e1razom, po\u0161koden\u00edm alebo z\u00e1vadou.<\/li><li>v pr\u00edpade, \u017ee dopyt prekro\u010d\u00ed technicky predp\u00edsan\u00fa kapacitu<\/li><li>pre zmeny vykonan\u00e9 v zariaden\u00ed<\/li><li>\u0161kody sp\u00f4soben\u00e9 nespr\u00e1vnym pou\u017e\u00edvan\u00edm<\/li><li>ke\u010f po\u010d\u00edtadlo kilometrov zariadenia prekro\u010d\u00ed 2000 km.<\/li><\/ul><h4><strong>BEZPE\u010cN\u00c9 POU\u017d\u00cdVANIE<\/strong><\/h4><p>Zariadenie pou\u017e\u00edva v\u017edy jeden cestuj\u00faci.<\/p><p>Dbajte na dodr\u017eiavanie pravidiel cestnej prem\u00e1vky.<\/p><p>V\u017edy stojte oboma nohami na zariaden\u00ed a dr\u017ete riadidl\u00e1 oboma rukami.<\/p><p>Pri pou\u017e\u00edvan\u00ed kolobe\u017eky pou\u017e\u00edvajte bezpe\u010dnostn\u00e9 vybavenie.<\/p><p>Pred pou\u017eit\u00edm sk\u00fatra v prem\u00e1vke si precvi\u010dte jazdu na bezpe\u010dn\u00fdch miestach.<\/p><p>V z\u00e1ujme va\u0161ej bezpe\u010dnosti nastavte maxim\u00e1lnu r\u00fdchlos\u0165 na 25 km\/h. Pri r\u00fdchlosti nad 15 km\/h zapnite svetl\u00e1.<\/p><p>Kolobe\u017eku nezap\u00ednajte pri teplot\u00e1ch ni\u017e\u0161\u00edch ako -5 \u00b0C.<\/p><p>Na \u010distenie sk\u00fatra nepou\u017e\u00edvajte hor\u013eav\u00e9 materi\u00e1ly.<\/p><p>Ne\u010distite tlakov\u00fdm \u010disti\u010dom.<\/p><p>Dodr\u017eiavajte dopravn\u00e9 predpisy.<\/p><p>Ak zariadenie nepou\u017e\u00edvate, uchov\u00e1vajte ho na suchom a chladnom mieste.<\/p><p>Pri jazde po nerovn\u00fdch cest\u00e1ch zn\u00ed\u017ete r\u00fdchlos\u0165 alebo zvo\u013enite.<\/p><p>Kolobe\u017eku nepou\u017e\u00edvajte na klzkom povrchu.<\/p><p>Nejazdite do kalu\u017e\u00ed vody hlb\u0161\u00edch ako 3 cm.<\/p><p>Nepou\u017e\u00edvajte sk\u00fater za zl\u00fdch poveternostn\u00fdch podmienok (napr. d\u00e1\u017e\u010f, sneh)<\/p><p>Neprekra\u010dujte maxim\u00e1lnu nosnos\u0165 sk\u00fatra.<\/p><p>Kolobe\u017eku nepou\u017e\u00edvajte, ke\u010f je pr\u00edli\u0161 hor\u00faco alebo pr\u00edli\u0161 chladno. Udr\u017eiavajte ju mimo dosahu hor\u013eav\u00fdch materi\u00e1lov a otvoren\u00e9ho oh\u0148a. Nevystavujte kolobe\u017eku siln\u00e9mu slne\u010dn\u00e9mu \u017eiareniu.<\/p><\/div>\t\t\t\t\t\t\t\t<\/div>\n\t\t\t\t<\/div>\n\t\t\t\t\t<\/div>\n\t\t<\/div>\n\t\t\t\t\t<\/div>\n\t\t<\/section>\n\t\t\t\t<\/div>","protected":false},"excerpt":{"rendered":"<p>PANASZKEZEL\u00c9S, GARANCIA \u00c1RUPANASZ ELJ\u00c1R\u00c1S A fogyaszt\u00f3 panasz eset\u00e9n a k\u00f6vetkez\u0151k\u00e9ppen tehet panaszt: Az elad\u00f3val val\u00f3 kapcsolatfelv\u00e9tel e-mailben, az interneten vagy telefonon. A Vev\u0151 sz\u00f3ban \u00e9s \u00edr\u00e1sban is kifejtheti panasz\u00e1t a szolg\u00e1ltat\u00e1ssal kapcsolatban. Az elad\u00f3 k\u00f6teles a panaszt 30 napon bel\u00fcl \u00e9rdemben megv\u00e1laszolni, els\u0151sorban a Vev\u0151 \u00e1ltal megadott e-mail c\u00edmre elk\u00fcldve. Amennyiben a panaszt elutas\u00edtj\u00e1k, az &#8230; <a title=\"Vr\u00e1tenie - Vybavovanie s\u0165a\u017enost\u00ed\" class=\"read-more\" href=\"https:\/\/roll-market.com\/sk\/returns\/\" aria-label=\"Pre\u010d\u00edtajte si viac o Visszak\u00fcld\u00e9s &#8211; Panaszkezel\u00e9s\">\u010c\u00edta\u0165 viac<\/a><\/p>","protected":false},"author":1,"featured_media":0,"parent":0,"menu_order":0,"comment_status":"closed","ping_status":"closed","template":"elementor_header_footer","meta":{"_acf_changed":false,"footnotes":""},"class_list":["post-32","page","type-page","status-publish"],"acf":[],"_links":{"self":[{"href":"https:\/\/roll-market.com\/sk\/wp-json\/wp\/v2\/pages\/32","targetHints":{"allow":["GET"]}}],"collection":[{"href":"https:\/\/roll-market.com\/sk\/wp-json\/wp\/v2\/pages"}],"about":[{"href":"https:\/\/roll-market.com\/sk\/wp-json\/wp\/v2\/types\/page"}],"author":[{"embeddable":true,"href":"https:\/\/roll-market.com\/sk\/wp-json\/wp\/v2\/users\/1"}],"replies":[{"embeddable":true,"href":"https:\/\/roll-market.com\/sk\/wp-json\/wp\/v2\/comments?post=32"}],"version-history":[{"count":22,"href":"https:\/\/roll-market.com\/sk\/wp-json\/wp\/v2\/pages\/32\/revisions"}],"predecessor-version":[{"id":1019,"href":"https:\/\/roll-market.com\/sk\/wp-json\/wp\/v2\/pages\/32\/revisions\/1019"}],"wp:attachment":[{"href":"https:\/\/roll-market.com\/sk\/wp-json\/wp\/v2\/media?parent=32"}],"curies":[{"name":"wp","href":"https:\/\/api.w.org\/{rel}","templated":true}]}}