{"id":29,"date":"2023-10-26T21:25:27","date_gmt":"2023-10-26T21:25:27","guid":{"rendered":"http:\/\/134.122.69.219\/?page_id=29"},"modified":"2023-11-21T10:41:36","modified_gmt":"2023-11-21T09:41:36","slug":"delivery-policy","status":"publish","type":"page","link":"https:\/\/roll-market.com\/sk\/delivery-policy\/","title":{"rendered":"Inform\u00e1cie o doru\u010den\u00ed"},"content":{"rendered":"<div data-elementor-type=\"wp-page\" data-elementor-id=\"29\" class=\"elementor elementor-29\" data-elementor-post-type=\"page\">\n\t\t\t\t\t\t<section class=\"elementor-section elementor-top-section elementor-element elementor-element-7453467 elementor-section-stretched elementor-section-content-middle elementor-section-boxed elementor-section-height-default elementor-section-height-default\" data-id=\"7453467\" data-element_type=\"section\" data-settings=\"{&quot;stretch_section&quot;:&quot;section-stretched&quot;,&quot;jet_parallax_layout_list&quot;:[{&quot;jet_parallax_layout_image&quot;:{&quot;url&quot;:&quot;&quot;,&quot;id&quot;:&quot;&quot;,&quot;size&quot;:&quot;&quot;},&quot;_id&quot;:&quot;9d879cb&quot;,&quot;jet_parallax_layout_speed&quot;:{&quot;unit&quot;:&quot;%&quot;,&quot;size&quot;:50,&quot;sizes&quot;:[]},&quot;jet_parallax_layout_image_tablet&quot;:{&quot;url&quot;:&quot;&quot;,&quot;id&quot;:&quot;&quot;,&quot;size&quot;:&quot;&quot;},&quot;jet_parallax_layout_image_mobile&quot;:{&quot;url&quot;:&quot;&quot;,&quot;id&quot;:&quot;&quot;,&quot;size&quot;:&quot;&quot;},&quot;jet_parallax_layout_type&quot;:&quot;scroll&quot;,&quot;jet_parallax_layout_direction&quot;:&quot;1&quot;,&quot;jet_parallax_layout_fx_direction&quot;:null,&quot;jet_parallax_layout_z_index&quot;:&quot;&quot;,&quot;jet_parallax_layout_bg_x&quot;:50,&quot;jet_parallax_layout_bg_x_tablet&quot;:&quot;&quot;,&quot;jet_parallax_layout_bg_x_mobile&quot;:&quot;&quot;,&quot;jet_parallax_layout_bg_y&quot;:50,&quot;jet_parallax_layout_bg_y_tablet&quot;:&quot;&quot;,&quot;jet_parallax_layout_bg_y_mobile&quot;:&quot;&quot;,&quot;jet_parallax_layout_bg_size&quot;:&quot;auto&quot;,&quot;jet_parallax_layout_bg_size_tablet&quot;:&quot;&quot;,&quot;jet_parallax_layout_bg_size_mobile&quot;:&quot;&quot;,&quot;jet_parallax_layout_animation_prop&quot;:&quot;transform&quot;,&quot;jet_parallax_layout_on&quot;:[&quot;desktop&quot;,&quot;tablet&quot;]}],&quot;background_background&quot;:&quot;classic&quot;}\">\n\t\t\t\t\t\t<div class=\"elementor-container elementor-column-gap-default\">\n\t\t\t\t\t<div class=\"elementor-column elementor-col-100 elementor-top-column elementor-element elementor-element-8f40fff\" data-id=\"8f40fff\" data-element_type=\"column\">\n\t\t\t<div class=\"elementor-widget-wrap elementor-element-populated\">\n\t\t\t\t\t\t<div class=\"elementor-element elementor-element-e5199f7 elementor-widget elementor-widget-heading\" data-id=\"e5199f7\" data-element_type=\"widget\" data-widget_type=\"heading.default\">\n\t\t\t\t<div class=\"elementor-widget-container\">\n\t\t\t\t\t<h1 class=\"elementor-heading-title elementor-size-default\">Informa\u010dn\u00fd let\u00e1k o doru\u010den\u00ed<\/h1>\t\t\t\t<\/div>\n\t\t\t\t<\/div>\n\t\t\t\t\t<\/div>\n\t\t<\/div>\n\t\t\t\t\t<\/div>\n\t\t<\/section>\n\t\t\t\t<section class=\"elementor-section elementor-top-section elementor-element elementor-element-532bb14 elementor-section-boxed elementor-section-height-default elementor-section-height-default\" data-id=\"532bb14\" data-element_type=\"section\" data-settings=\"{&quot;jet_parallax_layout_list&quot;:[]}\">\n\t\t\t\t\t\t<div class=\"elementor-container elementor-column-gap-default\">\n\t\t\t\t\t<div class=\"elementor-column elementor-col-100 elementor-top-column elementor-element elementor-element-3460d09\" data-id=\"3460d09\" data-element_type=\"column\">\n\t\t\t<div class=\"elementor-widget-wrap elementor-element-populated\">\n\t\t\t\t\t\t<div class=\"elementor-element elementor-element-08b2c89 elementor-widget elementor-widget-text-editor\" data-id=\"08b2c89\" data-element_type=\"widget\" data-widget_type=\"text-editor.default\">\n\t\t\t\t<div class=\"elementor-widget-container\">\n\t\t\t\t\t\t\t\t\t<div class=\"rich-text__text rte\"><p>Objednan\u00e9 v\u00fdrobky doru\u010dujeme v pracovn\u00fdch d\u0148och a za\u0161leme v\u00e1m e-mail s presn\u00fdm d\u00e1tumom odoslania a doru\u010denia. Bal\u00edk doru\u010d\u00edme priamo pr\u00edjemcovi na uveden\u00fa adresu prostredn\u00edctvom kuri\u00e9rskej slu\u017eby (GLS, DPD).<\/p><p><strong>Pre v\u00fdrobky na sklade:<\/strong> Zak\u00fapen\u00fd v\u00fdrobok bude dodan\u00fd do 1-5 pracovn\u00fdch dn\u00ed od spracovania objedn\u00e1vky. O pl\u00e1novanom \u010dase dodania budete informovan\u00ed e-mailom.<\/p><p><strong>V pr\u00edpade vypredan\u00e9ho produktu:<\/strong> V\u00fdrobok nie je na sklade. Ak m\u00e1te o tento produkt z\u00e1ujem, kontaktujte n\u00e1s, aby sme v\u00e1m ozn\u00e1mili term\u00edn naskladnenia.<\/p><p>Pred\u00e1vaj\u00faci nenesie \u017eiadnu zodpovednos\u0165:<\/p><ul><li>oneskorenie dodania tovaru z d\u00f4vodu doru\u010dovacej slu\u017eby,<\/li><li>oneskoren\u00e9 dodanie tovaru z d\u00f4vodu nespr\u00e1vnej adresy kupuj\u00faceho\/pr\u00edjemcu,<\/li><li>\u0161kody sp\u00f4soben\u00e9 kuri\u00e9rskou slu\u017ebou.<\/li><\/ul><p><strong>Odoslanie z\u00e1sielky neznamen\u00e1 jej doru\u010denie!<\/strong><\/p><\/div>\t\t\t\t\t\t\t\t<\/div>\n\t\t\t\t<\/div>\n\t\t\t\t\t<\/div>\n\t\t<\/div>\n\t\t\t\t\t<\/div>\n\t\t<\/section>\n\t\t\t\t<\/div>","protected":false},"excerpt":{"rendered":"<p>Sz\u00e1ll\u00edt\u00e1si t\u00e9j\u00e9koztat\u00f3 A megrendelt term\u00e9keket munkanapokon k\u00e9zbes\u00edtj\u00fck, pontos felad\u00e1si \u00e9s kisz\u00e1ll\u00edt\u00e1si napj\u00e1r\u00f3l e-mailben k\u00fcld\u00fcnk \u00e9rtes\u00edt\u00e9st. A csomag k\u00e9zbes\u00edt\u00e9se k\u00f6zvetlen\u00fcl a c\u00edmzettnek a megjel\u00f6lt c\u00edmre fut\u00e1rszolg\u00e1lattal val\u00f3sul meg. (GLS, DPD). Rakt\u00e1ron l\u00e9v\u0151 term\u00e9k eset\u00e9n: A megv\u00e1s\u00e1rolt term\u00e9k kisz\u00e1ll\u00edt\u00e1sa a megrendel\u00e9s feldolgoz\u00e1s\u00e1t k\u00f6vet\u0151 1-5 munkanapon bel\u00fcl megt\u00f6rt\u00e9nik. A sz\u00e1ll\u00edt\u00e1s tervezett id\u0151pontj\u00e1r\u00f3l e-mailben adunk t\u00e1j\u00e9koztat\u00e1st. Elfogyott term\u00e9k eset\u00e9n: &#8230; <a title=\"Inform\u00e1cie o doru\u010den\u00ed\" class=\"read-more\" href=\"https:\/\/roll-market.com\/sk\/delivery-policy\/\" aria-label=\"Pre\u010d\u00edtajte si viac o Sz\u00e1ll\u00edt\u00e1si T\u00e1j\u00e9koztat\u00f3\">\u010c\u00edta\u0165 viac<\/a><\/p>","protected":false},"author":1,"featured_media":0,"parent":0,"menu_order":0,"comment_status":"closed","ping_status":"closed","template":"elementor_header_footer","meta":{"_acf_changed":false,"footnotes":""},"class_list":["post-29","page","type-page","status-publish"],"acf":[],"_links":{"self":[{"href":"https:\/\/roll-market.com\/sk\/wp-json\/wp\/v2\/pages\/29","targetHints":{"allow":["GET"]}}],"collection":[{"href":"https:\/\/roll-market.com\/sk\/wp-json\/wp\/v2\/pages"}],"about":[{"href":"https:\/\/roll-market.com\/sk\/wp-json\/wp\/v2\/types\/page"}],"author":[{"embeddable":true,"href":"https:\/\/roll-market.com\/sk\/wp-json\/wp\/v2\/users\/1"}],"replies":[{"embeddable":true,"href":"https:\/\/roll-market.com\/sk\/wp-json\/wp\/v2\/comments?post=29"}],"version-history":[{"count":10,"href":"https:\/\/roll-market.com\/sk\/wp-json\/wp\/v2\/pages\/29\/revisions"}],"predecessor-version":[{"id":826,"href":"https:\/\/roll-market.com\/sk\/wp-json\/wp\/v2\/pages\/29\/revisions\/826"}],"wp:attachment":[{"href":"https:\/\/roll-market.com\/sk\/wp-json\/wp\/v2\/media?parent=29"}],"curies":[{"name":"wp","href":"https:\/\/api.w.org\/{rel}","templated":true}]}}