{"id":21,"date":"2023-10-26T21:24:12","date_gmt":"2023-10-26T21:24:12","guid":{"rendered":"http:\/\/134.122.69.219\/?page_id=21"},"modified":"2024-08-02T22:19:06","modified_gmt":"2024-08-02T21:19:06","slug":"about-us","status":"publish","type":"page","link":"https:\/\/roll-market.com\/sk\/about-us\/","title":{"rendered":"O n\u00e1s"},"content":{"rendered":"<div data-elementor-type=\"wp-page\" data-elementor-id=\"21\" class=\"elementor elementor-21\" data-elementor-post-type=\"page\">\n\t\t\t\t\t\t<section class=\"elementor-section elementor-top-section elementor-element elementor-element-50405af elementor-section-stretched elementor-section-content-middle elementor-section-boxed elementor-section-height-default elementor-section-height-default\" data-id=\"50405af\" data-element_type=\"section\" data-settings=\"{&quot;stretch_section&quot;:&quot;section-stretched&quot;,&quot;jet_parallax_layout_list&quot;:[{&quot;jet_parallax_layout_image&quot;:{&quot;url&quot;:&quot;&quot;,&quot;id&quot;:&quot;&quot;,&quot;size&quot;:&quot;&quot;},&quot;_id&quot;:&quot;9d879cb&quot;,&quot;jet_parallax_layout_speed&quot;:{&quot;unit&quot;:&quot;%&quot;,&quot;size&quot;:50,&quot;sizes&quot;:[]},&quot;jet_parallax_layout_image_tablet&quot;:{&quot;url&quot;:&quot;&quot;,&quot;id&quot;:&quot;&quot;,&quot;size&quot;:&quot;&quot;},&quot;jet_parallax_layout_image_mobile&quot;:{&quot;url&quot;:&quot;&quot;,&quot;id&quot;:&quot;&quot;,&quot;size&quot;:&quot;&quot;},&quot;jet_parallax_layout_type&quot;:&quot;scroll&quot;,&quot;jet_parallax_layout_direction&quot;:&quot;1&quot;,&quot;jet_parallax_layout_fx_direction&quot;:null,&quot;jet_parallax_layout_z_index&quot;:&quot;&quot;,&quot;jet_parallax_layout_bg_x&quot;:50,&quot;jet_parallax_layout_bg_x_tablet&quot;:&quot;&quot;,&quot;jet_parallax_layout_bg_x_mobile&quot;:&quot;&quot;,&quot;jet_parallax_layout_bg_y&quot;:50,&quot;jet_parallax_layout_bg_y_tablet&quot;:&quot;&quot;,&quot;jet_parallax_layout_bg_y_mobile&quot;:&quot;&quot;,&quot;jet_parallax_layout_bg_size&quot;:&quot;auto&quot;,&quot;jet_parallax_layout_bg_size_tablet&quot;:&quot;&quot;,&quot;jet_parallax_layout_bg_size_mobile&quot;:&quot;&quot;,&quot;jet_parallax_layout_animation_prop&quot;:&quot;transform&quot;,&quot;jet_parallax_layout_on&quot;:[&quot;desktop&quot;,&quot;tablet&quot;]}],&quot;background_background&quot;:&quot;classic&quot;}\">\n\t\t\t\t\t\t<div class=\"elementor-container elementor-column-gap-default\">\n\t\t\t\t\t<div class=\"elementor-column elementor-col-100 elementor-top-column elementor-element elementor-element-5b8ea7b\" data-id=\"5b8ea7b\" data-element_type=\"column\">\n\t\t\t<div class=\"elementor-widget-wrap elementor-element-populated\">\n\t\t\t\t\t\t<div class=\"elementor-element elementor-element-8d7066b elementor-widget elementor-widget-heading\" data-id=\"8d7066b\" data-element_type=\"widget\" data-widget_type=\"heading.default\">\n\t\t\t\t<div class=\"elementor-widget-container\">\n\t\t\t\t\t<h1 class=\"elementor-heading-title elementor-size-default\">O n\u00e1s<\/h1>\t\t\t\t<\/div>\n\t\t\t\t<\/div>\n\t\t\t\t\t<\/div>\n\t\t<\/div>\n\t\t\t\t\t<\/div>\n\t\t<\/section>\n\t\t\t\t<section class=\"elementor-section elementor-top-section elementor-element elementor-element-4e0cc22 elementor-section-boxed elementor-section-height-default elementor-section-height-default\" data-id=\"4e0cc22\" data-element_type=\"section\" data-settings=\"{&quot;jet_parallax_layout_list&quot;:[]}\">\n\t\t\t\t\t\t<div class=\"elementor-container elementor-column-gap-default\">\n\t\t\t\t\t<div class=\"elementor-column elementor-col-50 elementor-top-column elementor-element elementor-element-5dc43a2\" data-id=\"5dc43a2\" data-element_type=\"column\">\n\t\t\t<div class=\"elementor-widget-wrap elementor-element-populated\">\n\t\t\t\t\t\t<div class=\"elementor-element elementor-element-87bbdde elementor-widget elementor-widget-text-editor\" data-id=\"87bbdde\" data-element_type=\"widget\" data-widget_type=\"text-editor.default\">\n\t\t\t\t<div class=\"elementor-widget-container\">\n\t\t\t\t\t\t\t\t\t<p><strong>Vitajte vo svete Roll-Market, kde elektrick\u00e9 kolobe\u017eky nie s\u00fa len dopravn\u00fdm prostriedkom, ale aj nov\u00fdm sp\u00f4sobom \u017eivota!<\/strong> Boli sme zalo\u017een\u00ed v roku 2023 s cie\u013eom revolu\u010dne zmeni\u0165 mestsk\u00fa dopravu a spr\u00edstupni\u0165 elektrick\u00e9 kolobe\u017eky v\u0161etk\u00fdm.<\/p><p>Na\u0161\u00edm srdcom je pon\u00faka\u0165 z\u00e1kazn\u00edkom inovat\u00edvne, ekologick\u00e9 a spo\u013eahliv\u00e9 elektrick\u00e9 kolobe\u017eky. Ver\u00edme, \u017ee modern\u00fd mestsk\u00fd \u017eivot je v pohybe a \u017ee kolobe\u017eky zohr\u00e1vaj\u00fa v tomto pohybe \u010doraz d\u00f4le\u017eitej\u0161iu \u00falohu. Elektrick\u00e9 kolobe\u017eky s\u00fa ide\u00e1lnou vo\u013ebou na pohyb po ru\u0161n\u00fdch mestsk\u00fdch cest\u00e1ch, preto\u017ee umo\u017e\u0148uj\u00fa pou\u017e\u00edvate\u013eom dosta\u0165 sa z bodu A do bodu B r\u00fdchlo, pohodlne a \u0161t\u00fdlovo.<\/p>\t\t\t\t\t\t\t\t<\/div>\n\t\t\t\t<\/div>\n\t\t\t\t\t<\/div>\n\t\t<\/div>\n\t\t\t\t<div class=\"elementor-column elementor-col-50 elementor-top-column elementor-element elementor-element-9300bb9\" data-id=\"9300bb9\" data-element_type=\"column\">\n\t\t\t<div class=\"elementor-widget-wrap elementor-element-populated\">\n\t\t\t\t\t\t<div class=\"elementor-element elementor-element-1387be3 elementor-widget elementor-widget-image\" data-id=\"1387be3\" data-element_type=\"widget\" data-widget_type=\"image.default\">\n\t\t\t\t<div class=\"elementor-widget-container\">\n\t\t\t\t\t\t\t\t\t\t\t\t\t\t\t<img fetchpriority=\"high\" decoding=\"async\" width=\"1024\" height=\"683\" src=\"https:\/\/roll-market.com\/wp-content\/uploads\/2024\/08\/rollmarket_scooter-1024x683.jpg\" class=\"attachment-large size-large wp-image-3865\" alt=\"\" srcset=\"https:\/\/roll-market.com\/wp-content\/uploads\/2024\/08\/rollmarket_scooter-1024x683.jpg 1024w, https:\/\/roll-market.com\/wp-content\/uploads\/2024\/08\/rollmarket_scooter-300x200.jpg 300w, https:\/\/roll-market.com\/wp-content\/uploads\/2024\/08\/rollmarket_scooter-768x512.jpg 768w, https:\/\/roll-market.com\/wp-content\/uploads\/2024\/08\/rollmarket_scooter-1536x1024.jpg 1536w, https:\/\/roll-market.com\/wp-content\/uploads\/2024\/08\/rollmarket_scooter-2048x1366.jpg 2048w, https:\/\/roll-market.com\/wp-content\/uploads\/2024\/08\/rollmarket_scooter-60x40.jpg 60w, https:\/\/roll-market.com\/wp-content\/uploads\/2024\/08\/rollmarket_scooter-110x73.jpg 110w, https:\/\/roll-market.com\/wp-content\/uploads\/2024\/08\/rollmarket_scooter-600x400.jpg 600w\" sizes=\"(max-width: 1024px) 100vw, 1024px\" \/>\t\t\t\t\t\t\t\t\t\t\t\t\t\t\t<\/div>\n\t\t\t\t<\/div>\n\t\t\t\t\t<\/div>\n\t\t<\/div>\n\t\t\t\t\t<\/div>\n\t\t<\/section>\n\t\t\t\t<section class=\"elementor-section elementor-top-section elementor-element elementor-element-1374190 elementor-reverse-mobile elementor-section-boxed elementor-section-height-default elementor-section-height-default\" data-id=\"1374190\" data-element_type=\"section\" data-settings=\"{&quot;jet_parallax_layout_list&quot;:[]}\">\n\t\t\t\t\t\t<div class=\"elementor-container elementor-column-gap-default\">\n\t\t\t\t\t<div class=\"elementor-column elementor-col-50 elementor-top-column elementor-element elementor-element-3cd8695\" data-id=\"3cd8695\" data-element_type=\"column\">\n\t\t\t<div class=\"elementor-widget-wrap elementor-element-populated\">\n\t\t\t\t\t\t<div class=\"elementor-element elementor-element-7c00aea elementor-widget elementor-widget-image\" data-id=\"7c00aea\" data-element_type=\"widget\" data-widget_type=\"image.default\">\n\t\t\t\t<div class=\"elementor-widget-container\">\n\t\t\t\t\t\t\t\t\t\t\t\t\t\t\t<img decoding=\"async\" width=\"1024\" height=\"683\" src=\"https:\/\/roll-market.com\/wp-content\/uploads\/2023\/11\/Roll-market-benefits-2-1024x683.jpg\" class=\"attachment-large size-large wp-image-881\" alt=\"\" srcset=\"https:\/\/roll-market.com\/wp-content\/uploads\/2023\/11\/Roll-market-benefits-2-1024x683.jpg 1024w, https:\/\/roll-market.com\/wp-content\/uploads\/2023\/11\/Roll-market-benefits-2-300x200.jpg 300w, https:\/\/roll-market.com\/wp-content\/uploads\/2023\/11\/Roll-market-benefits-2-768x512.jpg 768w, https:\/\/roll-market.com\/wp-content\/uploads\/2023\/11\/Roll-market-benefits-2-1536x1025.jpg 1536w, https:\/\/roll-market.com\/wp-content\/uploads\/2023\/11\/Roll-market-benefits-2-18x12.jpg 18w, https:\/\/roll-market.com\/wp-content\/uploads\/2023\/11\/Roll-market-benefits-2-60x40.jpg 60w, https:\/\/roll-market.com\/wp-content\/uploads\/2023\/11\/Roll-market-benefits-2-110x73.jpg 110w, https:\/\/roll-market.com\/wp-content\/uploads\/2023\/11\/Roll-market-benefits-2-600x400.jpg 600w, https:\/\/roll-market.com\/wp-content\/uploads\/2023\/11\/Roll-market-benefits-2.jpg 1920w\" sizes=\"(max-width: 1024px) 100vw, 1024px\" \/>\t\t\t\t\t\t\t\t\t\t\t\t\t\t\t<\/div>\n\t\t\t\t<\/div>\n\t\t\t\t\t<\/div>\n\t\t<\/div>\n\t\t\t\t<div class=\"elementor-column elementor-col-50 elementor-top-column elementor-element elementor-element-4a16b59\" data-id=\"4a16b59\" data-element_type=\"column\">\n\t\t\t<div class=\"elementor-widget-wrap elementor-element-populated\">\n\t\t\t\t\t\t<div class=\"elementor-element elementor-element-b508642 elementor-widget elementor-widget-text-editor\" data-id=\"b508642\" data-element_type=\"widget\" data-widget_type=\"text-editor.default\">\n\t\t\t\t<div class=\"elementor-widget-container\">\n\t\t\t\t\t\t\t\t\t<p>T\u00edm Roll-Market sa zaviazal poskytova\u0165 produkty a slu\u017eby najvy\u0161\u0161ej kvality. Ka\u017ed\u00fd z na\u0161ich v\u00fdrobkov je starostlivo vyberan\u00fd a spolupracujeme len s v\u00fdrobcami, ktor\u00ed sp\u013a\u0148aj\u00fa na\u0161e pr\u00edsne po\u017eiadavky na kvalitu. Sna\u017e\u00edme sa zabezpe\u010di\u0165, aby na\u0161e kolobe\u017eky boli nielen spo\u013eahliv\u00e9 a odoln\u00e9, ale aby na trhu vynikali aj modern\u00fdm dizajnom a pokro\u010dil\u00fdmi technologick\u00fdmi funkciami.<\/p><p>Vieme, \u017ee k\u013e\u00fa\u010dom k spokojnosti z\u00e1kazn\u00edkov je spo\u013eahliv\u00fd z\u00e1kazn\u00edcky servis a odborn\u00e1 podpora. <strong>Preto je n\u00e1\u0161 t\u00edm v\u017edy pripraven\u00fd pom\u00f4c\u0165 na\u0161im z\u00e1kazn\u00edkom vybra\u0165 si ten najlep\u0161\u00ed elektrick\u00fd sk\u00fater pod\u013ea ich potrieb a poskytn\u00fa\u0165 im n\u00e1sledn\u00e9 slu\u017eby a podporu.<\/strong><\/p>\t\t\t\t\t\t\t\t<\/div>\n\t\t\t\t<\/div>\n\t\t\t\t\t<\/div>\n\t\t<\/div>\n\t\t\t\t\t<\/div>\n\t\t<\/section>\n\t\t\t\t<section class=\"elementor-section elementor-top-section elementor-element elementor-element-fa7d7ea elementor-section-boxed elementor-section-height-default elementor-section-height-default\" data-id=\"fa7d7ea\" data-element_type=\"section\" data-settings=\"{&quot;jet_parallax_layout_list&quot;:[]}\">\n\t\t\t\t\t\t<div class=\"elementor-container elementor-column-gap-default\">\n\t\t\t\t\t<div class=\"elementor-column elementor-col-100 elementor-top-column elementor-element elementor-element-1534b3b\" data-id=\"1534b3b\" data-element_type=\"column\">\n\t\t\t<div class=\"elementor-widget-wrap elementor-element-populated\">\n\t\t\t\t\t\t<div class=\"elementor-element elementor-element-1ebb591 elementor-widget elementor-widget-text-editor\" data-id=\"1ebb591\" data-element_type=\"widget\" data-widget_type=\"text-editor.default\">\n\t\t\t\t<div class=\"elementor-widget-container\">\n\t\t\t\t\t\t\t\t\t<p><strong>\u010eakujeme, \u017ee ste si n\u00e1s vybrali pre ekologick\u00fa a dynamick\u00fa dopravu. T\u00edm Roll-Market sa te\u0161\u00ed, \u017ee m\u00f4\u017eeme spolo\u010dne presk\u00fama\u0165 nespo\u010detn\u00e9 mo\u017enosti elektrickej kolobe\u017eky. Bu\u010fme spolo\u010dne s\u00fa\u010das\u0165ou tejto vzru\u0161uj\u00facej a udr\u017eate\u013enej dopravnej revol\u00facie!<\/strong><\/p>\t\t\t\t\t\t\t\t<\/div>\n\t\t\t\t<\/div>\n\t\t\t\t\t<\/div>\n\t\t<\/div>\n\t\t\t\t\t<\/div>\n\t\t<\/section>\n\t\t\t\t<\/div>","protected":false},"excerpt":{"rendered":"<p>R\u00f3lunk \u00dcdv\u00f6zl\u00fcnk a Roll-Market vil\u00e1g\u00e1ban, ahol az elektromos rollerek nem csak egy k\u00f6zleked\u00e9si eszk\u00f6zt jelentenek, hanem egy \u00faj \u00e9let\u00e9rz\u00e9st is k\u00edn\u00e1lnak! C\u00e9g\u00fcnk 2023-ban j\u00f6tt l\u00e9tre azzal a c\u00e9llal, hogy forradalmas\u00edtsuk a v\u00e1rosi k\u00f6zleked\u00e9st \u00e9s hozz\u00e1f\u00e9rhet\u0151v\u00e9 tegy\u00fck az elektromos rollerez\u00e9s \u00e9lm\u00e9ny\u00e9t mindenki sz\u00e1m\u00e1ra. Sz\u00edv\u00fcnk cs\u00fccske az, hogy innovat\u00edv, k\u00f6rnyezetbar\u00e1t \u00e9s megb\u00edzhat\u00f3 elektromos rollereket k\u00edn\u00e1ljunk \u00fcgyfeleinknek. Hisz\u00fcnk &#8230; <a title=\"O n\u00e1s\" class=\"read-more\" href=\"https:\/\/roll-market.com\/sk\/about-us\/\" aria-label=\"Pre\u010d\u00edtajte si viac o R\u00f3lunk\">\u010c\u00edta\u0165 viac<\/a><\/p>","protected":false},"author":1,"featured_media":0,"parent":0,"menu_order":0,"comment_status":"closed","ping_status":"closed","template":"elementor_header_footer","meta":{"_acf_changed":false,"footnotes":""},"class_list":["post-21","page","type-page","status-publish"],"acf":[],"_links":{"self":[{"href":"https:\/\/roll-market.com\/sk\/wp-json\/wp\/v2\/pages\/21","targetHints":{"allow":["GET"]}}],"collection":[{"href":"https:\/\/roll-market.com\/sk\/wp-json\/wp\/v2\/pages"}],"about":[{"href":"https:\/\/roll-market.com\/sk\/wp-json\/wp\/v2\/types\/page"}],"author":[{"embeddable":true,"href":"https:\/\/roll-market.com\/sk\/wp-json\/wp\/v2\/users\/1"}],"replies":[{"embeddable":true,"href":"https:\/\/roll-market.com\/sk\/wp-json\/wp\/v2\/comments?post=21"}],"version-history":[{"count":28,"href":"https:\/\/roll-market.com\/sk\/wp-json\/wp\/v2\/pages\/21\/revisions"}],"predecessor-version":[{"id":3873,"href":"https:\/\/roll-market.com\/sk\/wp-json\/wp\/v2\/pages\/21\/revisions\/3873"}],"wp:attachment":[{"href":"https:\/\/roll-market.com\/sk\/wp-json\/wp\/v2\/media?parent=21"}],"curies":[{"name":"wp","href":"https:\/\/api.w.org\/{rel}","templated":true}]}}