{"id":1077,"date":"2024-01-05T09:49:05","date_gmt":"2024-01-05T08:49:05","guid":{"rendered":"http:\/\/134.122.69.219\/?page_id=1077"},"modified":"2024-01-05T10:44:04","modified_gmt":"2024-01-05T09:44:04","slug":"navod-na-pouzitie","status":"publish","type":"page","link":"https:\/\/roll-market.com\/sk\/navod-na-pouzitie\/","title":{"rendered":"N\u00e1vod na pou\u017eitie"},"content":{"rendered":"<div data-elementor-type=\"wp-page\" data-elementor-id=\"1077\" class=\"elementor elementor-1077\" data-elementor-post-type=\"page\">\n\t\t\t\t\t\t<section class=\"elementor-section elementor-top-section elementor-element elementor-element-c28f094 elementor-section-stretched elementor-section-content-middle elementor-section-boxed elementor-section-height-default elementor-section-height-default\" data-id=\"c28f094\" data-element_type=\"section\" data-settings=\"{&quot;stretch_section&quot;:&quot;section-stretched&quot;,&quot;jet_parallax_layout_list&quot;:[{&quot;jet_parallax_layout_image&quot;:{&quot;url&quot;:&quot;&quot;,&quot;id&quot;:&quot;&quot;,&quot;size&quot;:&quot;&quot;},&quot;_id&quot;:&quot;9d879cb&quot;,&quot;jet_parallax_layout_speed&quot;:{&quot;unit&quot;:&quot;%&quot;,&quot;size&quot;:50,&quot;sizes&quot;:[]},&quot;jet_parallax_layout_image_tablet&quot;:{&quot;url&quot;:&quot;&quot;,&quot;id&quot;:&quot;&quot;,&quot;size&quot;:&quot;&quot;},&quot;jet_parallax_layout_image_mobile&quot;:{&quot;url&quot;:&quot;&quot;,&quot;id&quot;:&quot;&quot;,&quot;size&quot;:&quot;&quot;},&quot;jet_parallax_layout_type&quot;:&quot;scroll&quot;,&quot;jet_parallax_layout_direction&quot;:&quot;1&quot;,&quot;jet_parallax_layout_fx_direction&quot;:null,&quot;jet_parallax_layout_z_index&quot;:&quot;&quot;,&quot;jet_parallax_layout_bg_x&quot;:50,&quot;jet_parallax_layout_bg_x_tablet&quot;:&quot;&quot;,&quot;jet_parallax_layout_bg_x_mobile&quot;:&quot;&quot;,&quot;jet_parallax_layout_bg_y&quot;:50,&quot;jet_parallax_layout_bg_y_tablet&quot;:&quot;&quot;,&quot;jet_parallax_layout_bg_y_mobile&quot;:&quot;&quot;,&quot;jet_parallax_layout_bg_size&quot;:&quot;auto&quot;,&quot;jet_parallax_layout_bg_size_tablet&quot;:&quot;&quot;,&quot;jet_parallax_layout_bg_size_mobile&quot;:&quot;&quot;,&quot;jet_parallax_layout_animation_prop&quot;:&quot;transform&quot;,&quot;jet_parallax_layout_on&quot;:[&quot;desktop&quot;,&quot;tablet&quot;]}],&quot;background_background&quot;:&quot;classic&quot;}\">\n\t\t\t\t\t\t<div class=\"elementor-container elementor-column-gap-default\">\n\t\t\t\t\t<div class=\"elementor-column elementor-col-100 elementor-top-column elementor-element elementor-element-7f0c31f\" data-id=\"7f0c31f\" data-element_type=\"column\">\n\t\t\t<div class=\"elementor-widget-wrap elementor-element-populated\">\n\t\t\t\t\t\t<div class=\"elementor-element elementor-element-fbb01c8 elementor-widget elementor-widget-heading\" data-id=\"fbb01c8\" data-element_type=\"widget\" data-widget_type=\"heading.default\">\n\t\t\t\t<div class=\"elementor-widget-container\">\n\t\t\t\t\t<h1 class=\"elementor-heading-title elementor-size-default\">N\u00e1vod na pou\u017eitie<\/h1>\t\t\t\t<\/div>\n\t\t\t\t<\/div>\n\t\t\t\t\t<\/div>\n\t\t<\/div>\n\t\t\t\t\t<\/div>\n\t\t<\/section>\n\t\t\t\t<section class=\"elementor-section elementor-top-section elementor-element elementor-element-942aec0 elementor-section-boxed elementor-section-height-default elementor-section-height-default\" data-id=\"942aec0\" data-element_type=\"section\" data-settings=\"{&quot;jet_parallax_layout_list&quot;:[]}\">\n\t\t\t\t\t\t<div class=\"elementor-container elementor-column-gap-default\">\n\t\t\t\t\t<div class=\"elementor-column elementor-col-100 elementor-top-column elementor-element elementor-element-3d98058\" data-id=\"3d98058\" data-element_type=\"column\">\n\t\t\t<div class=\"elementor-widget-wrap elementor-element-populated\">\n\t\t\t\t\t\t<div class=\"elementor-element elementor-element-ed2507d elementor-widget elementor-widget-text-editor\" data-id=\"ed2507d\" data-element_type=\"widget\" data-widget_type=\"text-editor.default\">\n\t\t\t\t<div class=\"elementor-widget-container\">\n\t\t\t\t\t\t\t\t\t<p>Na tejto str\u00e1nke n\u00e1jdete n\u00e1vody na pou\u017e\u00edvanie v\u0161etk\u00fdch elektrick\u00fdch kolobe\u017eiek, ktor\u00e9 pred\u00e1vame.\u00a0<\/p><p><span style=\"text-decoration: underline;\"><span style=\"color: #333333; text-decoration: underline;\"><a style=\"color: #333333; text-decoration: underline;\" href=\"https:\/\/roll-market.com\/wp-content\/uploads\/2024\/01\/AOVO-ES80.pdf\" target=\"_blank\" rel=\"noopener\">Pou\u017e\u00edvate\u013esk\u00e1 pr\u00edru\u010dka AOVO ES80<\/a><\/span><\/span><\/p><p><span style=\"text-decoration: underline;\"><span style=\"color: #333333; text-decoration: underline;\"><a style=\"color: #333333; text-decoration: underline;\" href=\"https:\/\/roll-market.com\/wp-content\/uploads\/2024\/01\/KugooKirin-M4.pdf\" target=\"_blank\" rel=\"noopener\">Pou\u017e\u00edvate\u013esk\u00e1 pr\u00edru\u010dka KUGOO KIRIN M4<\/a><\/span><\/span><\/p><p><span style=\"text-decoration: underline;\"><span style=\"color: #333333; text-decoration: underline;\"><a style=\"color: #333333; text-decoration: underline;\" href=\"https:\/\/roll-market.com\/wp-content\/uploads\/2024\/01\/ESMAX.pdf\" target=\"_blank\" rel=\"noopener\">AOVO PRO ESMAX n\u00e1vod na pou\u017eitie<\/a><\/span><\/span><\/p><p><span style=\"text-decoration: underline;\"><span style=\"color: #333333; text-decoration: underline;\"><a style=\"color: #333333; text-decoration: underline;\" href=\"https:\/\/roll-market.com\/wp-content\/uploads\/2024\/01\/M4PROkukirin.pdf\" target=\"_blank\" rel=\"noopener\">Pou\u017e\u00edvate\u013esk\u00e1 pr\u00edru\u010dka KUGOO KIRIN M4 PRO<\/a><\/span><\/span><\/p><p><span style=\"text-decoration: underline;\"><span style=\"color: #333333; text-decoration: underline;\"><a style=\"color: #333333; text-decoration: underline;\" href=\"https:\/\/roll-market.com\/wp-content\/uploads\/2024\/01\/G2MAX.pdf\" target=\"_blank\" rel=\"noopener\">Pou\u017e\u00edvate\u013esk\u00e1 pr\u00edru\u010dka KUGOO KIRIN G2 MAX<\/a><\/span><\/span><\/p><p><span style=\"text-decoration: underline;\"><span style=\"color: #333333; text-decoration: underline;\"><a style=\"color: #333333; text-decoration: underline;\" href=\"https:\/\/roll-market.com\/wp-content\/uploads\/2024\/01\/G3pro.pdf\" target=\"_blank\" rel=\"noopener\">Pou\u017e\u00edvate\u013esk\u00e1 pr\u00edru\u010dka KUGOO KIRIN G3 PRO<\/a><\/span><\/span><\/p><p><span style=\"text-decoration: underline;\"><span style=\"color: #333333; text-decoration: underline;\"><a style=\"color: #333333; text-decoration: underline;\" href=\"https:\/\/roll-market.com\/wp-content\/uploads\/2024\/01\/G2-PRO.pdf\" target=\"_blank\" rel=\"noopener\">Pou\u017e\u00edvate\u013esk\u00e1 pr\u00edru\u010dka KUGOO KIRIN G2 PRO<\/a><\/span><\/span><\/p><p><span style=\"text-decoration: underline;\"><span style=\"color: #333333; text-decoration: underline;\"><a style=\"color: #333333; text-decoration: underline;\" href=\"https:\/\/roll-market.com\/wp-content\/uploads\/2024\/01\/joyor-s5-10-s.pdf\" target=\"_blank\" rel=\"noopener\">JOYOR-S10-S n\u00e1vod na pou\u017eitie<\/a><\/span><\/span><\/p><p>Tuya PRO 2 n\u00e1vod na pou\u017eitie<\/p>\t\t\t\t\t\t\t\t<\/div>\n\t\t\t\t<\/div>\n\t\t\t\t\t<\/div>\n\t\t<\/div>\n\t\t\t\t\t<\/div>\n\t\t<\/section>\n\t\t\t\t<\/div>","protected":false},"excerpt":{"rendered":"<p>Haszn\u00e1lati utas\u00edt\u00e1sok Ezen az oldalon megtal\u00e1lhat\u00f3 minden \u00e1ltalunk \u00e9rt\u00e9kes\u00edtett elektromos roller haszn\u00e1lati utas\u00edt\u00e1sa.\u00a0 AOVO ES80 haszn\u00e1lati utas\u00edt\u00e1s KUGOO KIRIN M4 haszn\u00e1lati utas\u00edt\u00e1s AOVO PRO ESMAX haszn\u00e1lati utas\u00edt\u00e1s KUGOO KIRIN M4 PRO haszn\u00e1lati utas\u00edt\u00e1s KUGOO KIRIN G2 MAX haszn\u00e1lati utas\u00edt\u00e1s KUGOO KIRIN G3 PRO haszn\u00e1lati utas\u00edt\u00e1s KUGOO KIRIN G2 PRO haszn\u00e1lati utas\u00edt\u00e1s JOYOR-S10-S haszn\u00e1lati utas\u00edt\u00e1s Tuya &#8230; <a title=\"N\u00e1vod na pou\u017eitie\" class=\"read-more\" href=\"https:\/\/roll-market.com\/sk\/navod-na-pouzitie\/\" aria-label=\"Pre\u010d\u00edtajte si viac o Haszn\u00e1lati utas\u00edt\u00e1sok\">\u010c\u00edta\u0165 viac<\/a><\/p>","protected":false},"author":1,"featured_media":0,"parent":0,"menu_order":0,"comment_status":"closed","ping_status":"closed","template":"elementor_header_footer","meta":{"_acf_changed":false,"footnotes":""},"class_list":["post-1077","page","type-page","status-publish"],"acf":[],"_links":{"self":[{"href":"https:\/\/roll-market.com\/sk\/wp-json\/wp\/v2\/pages\/1077","targetHints":{"allow":["GET"]}}],"collection":[{"href":"https:\/\/roll-market.com\/sk\/wp-json\/wp\/v2\/pages"}],"about":[{"href":"https:\/\/roll-market.com\/sk\/wp-json\/wp\/v2\/types\/page"}],"author":[{"embeddable":true,"href":"https:\/\/roll-market.com\/sk\/wp-json\/wp\/v2\/users\/1"}],"replies":[{"embeddable":true,"href":"https:\/\/roll-market.com\/sk\/wp-json\/wp\/v2\/comments?post=1077"}],"version-history":[{"count":13,"href":"https:\/\/roll-market.com\/sk\/wp-json\/wp\/v2\/pages\/1077\/revisions"}],"predecessor-version":[{"id":1106,"href":"https:\/\/roll-market.com\/sk\/wp-json\/wp\/v2\/pages\/1077\/revisions\/1106"}],"wp:attachment":[{"href":"https:\/\/roll-market.com\/sk\/wp-json\/wp\/v2\/media?parent=1077"}],"curies":[{"name":"wp","href":"https:\/\/api.w.org\/{rel}","templated":true}]}}