{"id":720,"date":"2023-11-10T13:40:51","date_gmt":"2023-11-10T12:40:51","guid":{"rendered":"http:\/\/134.122.69.219\/?post_type=product&#038;p=720"},"modified":"2024-08-05T11:11:56","modified_gmt":"2024-08-05T10:11:56","slug":"tuya-pro-2","status":"publish","type":"product","link":"https:\/\/roll-market.com\/ro\/product\/tuya-pro-2\/","title":{"rendered":"Tuya PRO 2"},"content":{"rendered":"<div class=\"flex flex-grow flex-col max-w-full gap-3 gizmo:gap-0\">\n<div class=\"min-h-[20px] text-message peer flex flex-col items-start gap-3 whitespace-pre-wrap break-words peer-[.text-message]:mt-5 overflow-x-auto\" data-message-author-role=\"assistant\" data-message-id=\"fe82b406-e26b-4b64-a1c4-2497dd520dd2\">\n<div class=\"markdown prose w-full break-words dark:prose-invert dark\">\n<p><strong>Descoperi\u021bi scuterul electric Tuya Pro 2, care se m\u00e2ndre\u0219te cu performan\u021be ridicate \u0219i o serie de caracteristici impresionante:<\/strong><\/p>\n<ul>\n<li><strong>20 km Capacitate de deplasare:<\/strong> Cu o autonomie de 20 de kilometri, scuterul ofer\u0103 op\u021biuni suplimentare de conducere.<\/li>\n<li><strong>Controlul inteligent al aplica\u021biilor:<\/strong> Cu ajutorul aplica\u021biei AovoPro, pute\u021bi bloca \u0219i debloca cu u\u0219urin\u021b\u0103 scuterul \u0219i pute\u021bi monitoriza viteza, starea bateriei \u0219i puterea. \u00cen plus, pute\u021bi controla iluminarea, pute\u021bi seta timpul de oprire automat\u0103 \u0219i pute\u021bi alege din patru set\u0103ri de vitez\u0103.<\/li>\n<li><strong>Progres rapid:<\/strong> Cu o vitez\u0103 maxim\u0103 de 31km\/h \u0219i patru set\u0103ri diferite de vitez\u0103 (6KM\/H, 15KM\/H, 20KM\/H, 25KM\/H), scuterul poate fi ajustat la o vitez\u0103 variabil\u0103.<\/li>\n<li><strong>Design masiv:<\/strong> Fabricat din aliaj de aluminiu, scuterul de 120 kg este puternic \u0219i durabil. Propulsat\u0103 de un motor de 350W, este capabil\u0103 s\u0103 urce pante de p\u00e2n\u0103 la 20 de grade.<\/li>\n<li><strong>Siguran\u021ba \u00eenainte de toate:<\/strong> Sistemul dublu de fr\u00e2nare (fr\u00e2n\u0103 fa\u021b\u0103 electric\u0103 \u0219i fr\u00e2n\u0103 pe disc spate) garanteaz\u0103 o oprire rapid\u0103 \u0219i sigur\u0103. Scuterul are un grad de protec\u021bie IP65.<\/li>\n<li><strong>U\u0219or de transportat:<\/strong> Scuterul se pliaz\u0103 \u00een 3 secunde pentru depozitare \u0219i transport u\u0219or, c\u00e2nt\u0103rind 12,5 kg \u0219i av\u00e2nd un mecanism de pliere fiabil.<\/li>\n<li><strong>O experien\u021b\u0103 de condus pl\u0103cut\u0103:<\/strong> Caracteristici precum un clopot metalic puternic, un afi\u0219aj LCD color \u0219i un sistem de control al vitezei de croazier\u0103 fac c\u0103l\u0103toria o pl\u0103cere.<\/li>\n<li><strong>O c\u0103l\u0103torie confortabil\u0103 \u0219i f\u0103r\u0103 defecte:<\/strong> Anvelopele antiderapante de 8,5 inch, cu structur\u0103 solid\u0103 \u00een form\u0103 de fagure de miere, rezistente la \u00een\u021bep\u0103turi, asigur\u0103 o c\u0103l\u0103torie confortabil\u0103.<\/li>\n<\/ul>\n<\/div>\n<\/div>\n<\/div>","protected":false},"excerpt":{"rendered":"<div class=\"flex flex-grow flex-col max-w-full gap-3 gizmo:gap-0\">\n<div class=\"min-h-[20px] text-message peer flex flex-col items-start gap-3 whitespace-pre-wrap break-words peer-[.text-message]:mt-5 overflow-x-auto\" data-message-author-role=\"assistant\" data-message-id=\"7f7da77a-26cd-4499-a268-85510afce9d5\">\n<div class=\"markdown prose w-full break-words dark:prose-invert dark\">\n<p>Tuya Pro 2 este o trotinet\u0103 electric\u0103 care combin\u0103 o vitez\u0103 impresionant\u0103, o durat\u0103 de via\u021b\u0103 lung\u0103, un nivel ridicat de siguran\u021b\u0103 \u0219i caracteristici tehnologice avansate pentru a oferi o experien\u021b\u0103 de condus unic\u0103 de \u00eenalt\u0103 calitate.<\/p>\n<\/div>\n<\/div>\n<\/div>","protected":false},"featured_media":721,"comment_status":"open","ping_status":"closed","template":"","meta":{"_acf_changed":false},"product_brand":[],"product_cat":[15,20,34],"product_tag":[],"class_list":{"0":"post-720","1":"product","2":"type-product","3":"status-publish","4":"has-post-thumbnail","6":"product_cat-rollerek","7":"product_cat-hetvegi-rollerek","8":"product_cat-tuya","10":"first","11":"outofstock","12":"sale","13":"shipping-taxable","14":"purchasable","15":"product-type-simple"},"acf":[],"_links":{"self":[{"href":"https:\/\/roll-market.com\/ro\/wp-json\/wp\/v2\/product\/720","targetHints":{"allow":["GET"]}}],"collection":[{"href":"https:\/\/roll-market.com\/ro\/wp-json\/wp\/v2\/product"}],"about":[{"href":"https:\/\/roll-market.com\/ro\/wp-json\/wp\/v2\/types\/product"}],"replies":[{"embeddable":true,"href":"https:\/\/roll-market.com\/ro\/wp-json\/wp\/v2\/comments?post=720"}],"wp:featuredmedia":[{"embeddable":true,"href":"https:\/\/roll-market.com\/ro\/wp-json\/wp\/v2\/media\/721"}],"wp:attachment":[{"href":"https:\/\/roll-market.com\/ro\/wp-json\/wp\/v2\/media?parent=720"}],"wp:term":[{"taxonomy":"product_brand","embeddable":true,"href":"https:\/\/roll-market.com\/ro\/wp-json\/wp\/v2\/product_brand?post=720"},{"taxonomy":"product_cat","embeddable":true,"href":"https:\/\/roll-market.com\/ro\/wp-json\/wp\/v2\/product_cat?post=720"},{"taxonomy":"product_tag","embeddable":true,"href":"https:\/\/roll-market.com\/ro\/wp-json\/wp\/v2\/product_tag?post=720"}],"curies":[{"name":"wp","href":"https:\/\/api.w.org\/{rel}","templated":true}]}}