{"id":392,"date":"2023-10-31T17:55:20","date_gmt":"2023-10-31T16:55:20","guid":{"rendered":"http:\/\/134.122.69.219\/?post_type=product&#038;p=392"},"modified":"2025-05-05T10:30:36","modified_gmt":"2025-05-05T08:30:36","slug":"joyor-s10-s","status":"publish","type":"product","link":"https:\/\/roll-market.com\/ro\/product\/joyor-s10-s\/","title":{"rendered":"JOYOR-S10-S 2X1000W 18AH"},"content":{"rendered":"<p>Joyor S10-S este un scuter destul de robust, cu fr\u00e2ne pe disc hidraulice fa\u021b\u0103 \u0219i spate \u0219i suspensie dubl\u0103 fa\u021b\u0103 \u0219i spate. Acest design garanteaz\u0103 o deplasare lin\u0103 \u0219i sigur\u0103 chiar \u0219i pe teren accidentat. Luminile din fa\u021b\u0103 \u0219i din spate asigur\u0103 iluminarea \u00een timpul mersului pe timp de noapte, ceea ce contribuie \u00een mare m\u0103sur\u0103 la o deplasare \u00eencrez\u0103toare \u0219i lipsit\u0103 de griji, chiar \u0219i dup\u0103 l\u0103sarea \u00eentunericului.<\/p>","protected":false},"excerpt":{"rendered":"<p>Joyor S10-S este un scuter extrem de puternic \u0219i robust, propulsat de dou\u0103 motoare de 1000 W. Este capabil s\u0103 parcurg\u0103 distan\u021be de p\u00e2n\u0103 la 70-85 de kilometri, ating\u00e2nd \u00een acela\u0219i timp o vitez\u0103 maxim\u0103 de p\u00e2n\u0103 la 65 km\/h.<\/p>","protected":false},"featured_media":394,"comment_status":"open","ping_status":"closed","template":"","meta":{"_acf_changed":false},"product_brand":[],"product_cat":[15,17,21],"product_tag":[],"class_list":{"0":"post-392","1":"product","2":"type-product","3":"status-publish","4":"has-post-thumbnail","6":"product_cat-rollerek","7":"product_cat-joyor","8":"product_cat-performance-rollerek","10":"first","11":"outofstock","12":"sale","13":"shipping-taxable","14":"purchasable","15":"product-type-simple"},"acf":[],"_links":{"self":[{"href":"https:\/\/roll-market.com\/ro\/wp-json\/wp\/v2\/product\/392","targetHints":{"allow":["GET"]}}],"collection":[{"href":"https:\/\/roll-market.com\/ro\/wp-json\/wp\/v2\/product"}],"about":[{"href":"https:\/\/roll-market.com\/ro\/wp-json\/wp\/v2\/types\/product"}],"replies":[{"embeddable":true,"href":"https:\/\/roll-market.com\/ro\/wp-json\/wp\/v2\/comments?post=392"}],"wp:featuredmedia":[{"embeddable":true,"href":"https:\/\/roll-market.com\/ro\/wp-json\/wp\/v2\/media\/394"}],"wp:attachment":[{"href":"https:\/\/roll-market.com\/ro\/wp-json\/wp\/v2\/media?parent=392"}],"wp:term":[{"taxonomy":"product_brand","embeddable":true,"href":"https:\/\/roll-market.com\/ro\/wp-json\/wp\/v2\/product_brand?post=392"},{"taxonomy":"product_cat","embeddable":true,"href":"https:\/\/roll-market.com\/ro\/wp-json\/wp\/v2\/product_cat?post=392"},{"taxonomy":"product_tag","embeddable":true,"href":"https:\/\/roll-market.com\/ro\/wp-json\/wp\/v2\/product_tag?post=392"}],"curies":[{"name":"wp","href":"https:\/\/api.w.org\/{rel}","templated":true}]}}