{"id":380,"date":"2023-10-31T18:49:07","date_gmt":"2023-10-31T16:49:07","guid":{"rendered":"http:\/\/134.122.69.219\/?post_type=product&#038;p=380"},"modified":"2026-04-20T11:49:57","modified_gmt":"2026-04-20T09:49:57","slug":"kugoo-kirin-g2-pro-600w-15ah-45km-h","status":"publish","type":"product","link":"https:\/\/roll-market.com\/ro\/product\/kugoo-kirin-g2-pro-600w-15ah-45km-h\/","title":{"rendered":"KUKIRIN G2 PRO 2.0 600W 15AH 45KM\/H 2026"},"content":{"rendered":"<p>Cu o lungime total\u0103 de 120 cm, o \u00een\u0103l\u021bime maxim\u0103 de 128 cm \u0219i o greutate de numai 24 kg (f\u0103r\u0103 scaun), poate fi ridicat cu u\u0219urin\u021b\u0103 de unul singur. \u00cencape confortabil \u00een portbagaj, de exemplu, \u0219i poate fi ridicat cu u\u0219urin\u021b\u0103 pe c\u00e2teva trepte, dac\u0103 este necesar. Capacitatea sa de \u00eenc\u0103rcare este destul de bun\u0103, p\u00e2n\u0103 la 120 kg, conform specifica\u021biilor din fabric\u0103. Cadrul din aluminiu este robust, cu suspensie cu bra\u021b oscilant fa\u021b\u0103 \u0219i spate, ceea ce este foarte util pentru c\u0103l\u0103toriile mai lungi, at\u00e2t \u00een mediul urban, c\u00e2t \u0219i \u00een afara drumului.<\/p>","protected":false},"excerpt":{"rendered":"<p>Kugoo Kirin G2 PRO este o trotinet\u0103 electric\u0103 cu adev\u0103rat robust\u0103. Motorul s\u0103u de 600 W \u0219i bateria de 15 Ah permit o autonomie de p\u00e2n\u0103 la 55 km \u0219i o vitez\u0103 de p\u00e2n\u0103 la 45 km\/h.<\/p>","protected":false},"featured_media":4130,"comment_status":"open","ping_status":"closed","template":"","meta":{"_acf_changed":false},"product_brand":[],"product_cat":[18,21,15],"product_tag":[],"class_list":{"0":"post-380","1":"product","2":"type-product","3":"status-publish","4":"has-post-thumbnail","6":"product_cat-kugoo","7":"product_cat-performance-rollerek","8":"product_cat-rollerek","10":"first","11":"instock","12":"sale","13":"shipping-taxable","14":"purchasable","15":"product-type-simple"},"acf":[],"_links":{"self":[{"href":"https:\/\/roll-market.com\/ro\/wp-json\/wp\/v2\/product\/380","targetHints":{"allow":["GET"]}}],"collection":[{"href":"https:\/\/roll-market.com\/ro\/wp-json\/wp\/v2\/product"}],"about":[{"href":"https:\/\/roll-market.com\/ro\/wp-json\/wp\/v2\/types\/product"}],"replies":[{"embeddable":true,"href":"https:\/\/roll-market.com\/ro\/wp-json\/wp\/v2\/comments?post=380"}],"wp:featuredmedia":[{"embeddable":true,"href":"https:\/\/roll-market.com\/ro\/wp-json\/wp\/v2\/media\/4130"}],"wp:attachment":[{"href":"https:\/\/roll-market.com\/ro\/wp-json\/wp\/v2\/media?parent=380"}],"wp:term":[{"taxonomy":"product_brand","embeddable":true,"href":"https:\/\/roll-market.com\/ro\/wp-json\/wp\/v2\/product_brand?post=380"},{"taxonomy":"product_cat","embeddable":true,"href":"https:\/\/roll-market.com\/ro\/wp-json\/wp\/v2\/product_cat?post=380"},{"taxonomy":"product_tag","embeddable":true,"href":"https:\/\/roll-market.com\/ro\/wp-json\/wp\/v2\/product_tag?post=380"}],"curies":[{"name":"wp","href":"https:\/\/api.w.org\/{rel}","templated":true}]}}