{"id":366,"date":"2023-10-31T16:45:43","date_gmt":"2023-10-31T16:45:43","guid":{"rendered":"http:\/\/134.122.69.219\/?post_type=product&#038;p=366"},"modified":"2024-08-05T11:02:59","modified_gmt":"2024-08-05T10:02:59","slug":"kugoo-kirin-g3-pro-2x1200w-23ah-65km-h","status":"publish","type":"product","link":"https:\/\/roll-market.com\/ro\/product\/kugoo-kirin-g3-pro-2x1200w-23ah-65km-h\/","title":{"rendered":"KUGOO KIRIN G3 PRO 2X1200W 23AH 65KM\/H"},"content":{"rendered":"<p>G3 Pro este un model cu un design remarcabil. G3 Pro este alegerea optim\u0103 pentru cei care \u0219tiu ce \u00ee\u0219i doresc. Pentru care trotineta nu este doar transport, ci \u0219i distrac\u021bie. Datorit\u0103 designului s\u0103u cu dou\u0103 motoare, este capabil s\u0103 urce dealuri abrupte la care nici nu te-ai g\u00e2ndi. Sistemul de fr\u00e2nare hidraulic este excelent pentru decelerarea \u0219i fr\u00e2narea dinamic\u0103. Absorb\u021bia sa de \u0219ocuri func\u021bioneaz\u0103 cu o eficien\u021b\u0103 impresionant\u0103, accept\u00e2nd cu u\u0219urin\u021b\u0103 provoc\u0103rile celui mai accidentat teren.<\/p>","protected":false},"excerpt":{"rendered":"<p>Trotineta electric\u0103 off-road Kugoo Kirin G3 Pro dispune de dou\u0103 motoare de 1200W, o baterie \u00eenlocuibil\u0103 de 52V, 23,2Ah, anvelope off-road de 10 inch, o autonomie de 80 km \u0219i o vitez\u0103 maxim\u0103 de 65 km\/h.<\/p>","protected":false},"featured_media":374,"comment_status":"open","ping_status":"closed","template":"","meta":{"_acf_changed":false},"product_brand":[],"product_cat":[15,18,21],"product_tag":[],"class_list":{"0":"post-366","1":"product","2":"type-product","3":"status-publish","4":"has-post-thumbnail","6":"product_cat-rollerek","7":"product_cat-kugoo","8":"product_cat-performance-rollerek","10":"first","11":"outofstock","12":"sale","13":"shipping-taxable","14":"purchasable","15":"product-type-simple"},"acf":[],"_links":{"self":[{"href":"https:\/\/roll-market.com\/ro\/wp-json\/wp\/v2\/product\/366","targetHints":{"allow":["GET"]}}],"collection":[{"href":"https:\/\/roll-market.com\/ro\/wp-json\/wp\/v2\/product"}],"about":[{"href":"https:\/\/roll-market.com\/ro\/wp-json\/wp\/v2\/types\/product"}],"replies":[{"embeddable":true,"href":"https:\/\/roll-market.com\/ro\/wp-json\/wp\/v2\/comments?post=366"}],"wp:featuredmedia":[{"embeddable":true,"href":"https:\/\/roll-market.com\/ro\/wp-json\/wp\/v2\/media\/374"}],"wp:attachment":[{"href":"https:\/\/roll-market.com\/ro\/wp-json\/wp\/v2\/media?parent=366"}],"wp:term":[{"taxonomy":"product_brand","embeddable":true,"href":"https:\/\/roll-market.com\/ro\/wp-json\/wp\/v2\/product_brand?post=366"},{"taxonomy":"product_cat","embeddable":true,"href":"https:\/\/roll-market.com\/ro\/wp-json\/wp\/v2\/product_cat?post=366"},{"taxonomy":"product_tag","embeddable":true,"href":"https:\/\/roll-market.com\/ro\/wp-json\/wp\/v2\/product_tag?post=366"}],"curies":[{"name":"wp","href":"https:\/\/api.w.org\/{rel}","templated":true}]}}