{"id":343,"date":"2023-10-31T16:29:40","date_gmt":"2023-10-31T16:29:40","guid":{"rendered":"http:\/\/134.122.69.219\/?post_type=product&#038;p=343"},"modified":"2025-12-09T00:05:55","modified_gmt":"2025-12-08T22:05:55","slug":"aovo-pro-esmax-500w-145ah-35km-h","status":"publish","type":"product","link":"https:\/\/roll-market.com\/ro\/product\/aovo-pro-esmax-500w-145ah-35km-h\/","title":{"rendered":"AOVO PRO ESMAX 500W 14,5AH 35KM\/H"},"content":{"rendered":"<p>Este, de asemenea, potrivit pentru c\u0103l\u0103torii pe distan\u021be mai lungi \u0219i ideal pentru cei care apreciaz\u0103 autonomia. Datorit\u0103 anvelopelor pneumatice \u0219i absorb\u021biei \u0219ocurilor fa\u021b\u0103-spate, ofer\u0103 o c\u0103l\u0103torie mai pl\u0103cut\u0103. Datorit\u0103 sistemului s\u0103u de pliere, ESMAX este u\u0219or de transportat \u0219i depozitat \u00een ma\u0219in\u0103 \u0219i \u00een transportul public. Bucura\u021bi-v\u0103 de posibilit\u0103\u021bi nelimitate \u0219i experimenta\u021bi ceva special cu ESMAX.<\/p>","protected":false},"excerpt":{"rendered":"<p>Aovo Pro ESMAX este extrem de u\u0219oar\u0103 \u0219i compact\u0103 pentru o utilizare confortabil\u0103 at\u00e2t \u00een mediul urban, c\u00e2t \u0219i \u00een cel off-road.<\/p>","protected":false},"featured_media":346,"comment_status":"open","ping_status":"closed","template":"","meta":{"_acf_changed":false},"product_brand":[],"product_cat":[15,30,16,20],"product_tag":[],"class_list":{"0":"post-343","1":"product","2":"type-product","3":"status-publish","4":"has-post-thumbnail","6":"product_cat-rollerek","7":"product_cat-akcios-rollerek","8":"product_cat-aovo","9":"product_cat-hetvegi-rollerek","11":"first","12":"outofstock","13":"sale","14":"shipping-taxable","15":"purchasable","16":"product-type-simple"},"acf":[],"_links":{"self":[{"href":"https:\/\/roll-market.com\/ro\/wp-json\/wp\/v2\/product\/343","targetHints":{"allow":["GET"]}}],"collection":[{"href":"https:\/\/roll-market.com\/ro\/wp-json\/wp\/v2\/product"}],"about":[{"href":"https:\/\/roll-market.com\/ro\/wp-json\/wp\/v2\/types\/product"}],"replies":[{"embeddable":true,"href":"https:\/\/roll-market.com\/ro\/wp-json\/wp\/v2\/comments?post=343"}],"wp:featuredmedia":[{"embeddable":true,"href":"https:\/\/roll-market.com\/ro\/wp-json\/wp\/v2\/media\/346"}],"wp:attachment":[{"href":"https:\/\/roll-market.com\/ro\/wp-json\/wp\/v2\/media?parent=343"}],"wp:term":[{"taxonomy":"product_brand","embeddable":true,"href":"https:\/\/roll-market.com\/ro\/wp-json\/wp\/v2\/product_brand?post=343"},{"taxonomy":"product_cat","embeddable":true,"href":"https:\/\/roll-market.com\/ro\/wp-json\/wp\/v2\/product_cat?post=343"},{"taxonomy":"product_tag","embeddable":true,"href":"https:\/\/roll-market.com\/ro\/wp-json\/wp\/v2\/product_tag?post=343"}],"curies":[{"name":"wp","href":"https:\/\/api.w.org\/{rel}","templated":true}]}}