{"id":2016,"date":"2024-06-24T11:05:14","date_gmt":"2024-06-24T09:05:14","guid":{"rendered":"http:\/\/134.122.69.219\/?post_type=product&#038;p=2016"},"modified":"2026-04-20T23:04:18","modified_gmt":"2026-04-20T21:04:18","slug":"kugoo-kukirin-g2","status":"publish","type":"product","link":"https:\/\/roll-market.com\/ro\/product\/kugoo-kukirin-g2\/","title":{"rendered":"KuKirin G2 2026 800W 15ah 45km\/h"},"content":{"rendered":"<p class=\"p1\">Scuterul electric KuKirin G2 este echipat cu anvelope off-road de 10 inch, amortizoare cu arc fa\u021b\u0103 \u0219i spate. Aderen\u021ba sa excelent\u0103 \u0219i efectul de absorb\u021bie a \u0219ocurilor asigur\u0103 o rulare lin\u0103 \u00een diferite condi\u021bii de drum. Absorb\u021bia \u0219ocurilor, ro\u021bile mari \u0219i sistemul dublu de fr\u00e2nare sporesc siguran\u021ba \u0219i confortul condusului. Indiferent dac\u0103 o utiliza\u021bi pe drumuri urbane asfaltate sau pe drumuri rurale cu pietri\u0219, KuKirin G2 se va descurca cu u\u0219urin\u021b\u0103 \u0219i v\u0103 va oferi o experien\u021b\u0103 de conducere de neegalat.<\/p>","protected":false},"excerpt":{"rendered":"<p class=\"p1\">Scuterul electric KuKirin G2 este echipat cu anvelope off-road de 10 inch, amortizoare de prim\u0103var\u0103 fa\u021b\u0103 \u0219i spate. Prinderea sa excelent\u0103 \u0219i efectul de absorb\u021bie a \u0219ocurilor asigur\u0103 o rulare lin\u0103 \u00een diferite condi\u021bii de drum.<\/p>","protected":false},"featured_media":4932,"comment_status":"open","ping_status":"closed","template":"","meta":{"_acf_changed":false},"product_brand":[],"product_cat":[21,15,18],"product_tag":[],"class_list":{"0":"post-2016","1":"product","2":"type-product","3":"status-publish","4":"has-post-thumbnail","6":"product_cat-performance-rollerek","7":"product_cat-rollerek","8":"product_cat-kugoo","10":"first","11":"instock","12":"sale","13":"shipping-taxable","14":"purchasable","15":"product-type-simple"},"acf":[],"_links":{"self":[{"href":"https:\/\/roll-market.com\/ro\/wp-json\/wp\/v2\/product\/2016","targetHints":{"allow":["GET"]}}],"collection":[{"href":"https:\/\/roll-market.com\/ro\/wp-json\/wp\/v2\/product"}],"about":[{"href":"https:\/\/roll-market.com\/ro\/wp-json\/wp\/v2\/types\/product"}],"replies":[{"embeddable":true,"href":"https:\/\/roll-market.com\/ro\/wp-json\/wp\/v2\/comments?post=2016"}],"wp:featuredmedia":[{"embeddable":true,"href":"https:\/\/roll-market.com\/ro\/wp-json\/wp\/v2\/media\/4932"}],"wp:attachment":[{"href":"https:\/\/roll-market.com\/ro\/wp-json\/wp\/v2\/media?parent=2016"}],"wp:term":[{"taxonomy":"product_brand","embeddable":true,"href":"https:\/\/roll-market.com\/ro\/wp-json\/wp\/v2\/product_brand?post=2016"},{"taxonomy":"product_cat","embeddable":true,"href":"https:\/\/roll-market.com\/ro\/wp-json\/wp\/v2\/product_cat?post=2016"},{"taxonomy":"product_tag","embeddable":true,"href":"https:\/\/roll-market.com\/ro\/wp-json\/wp\/v2\/product_tag?post=2016"}],"curies":[{"name":"wp","href":"https:\/\/api.w.org\/{rel}","templated":true}]}}