{"id":1642,"date":"2024-04-24T12:42:06","date_gmt":"2024-04-24T10:42:06","guid":{"rendered":"http:\/\/134.122.69.219\/?post_type=product&#038;p=1642"},"modified":"2026-04-18T11:50:45","modified_gmt":"2026-04-18T09:50:45","slug":"kugoo-g3-2024-kukirin-g3","status":"publish","type":"product","link":"https:\/\/roll-market.com\/ro\/product\/kugoo-g3-2024-kukirin-g3\/","title":{"rendered":"Kukirin G3 2026 1200W 18ah"},"content":{"rendered":"<p class=\"p1\">In terms of performance, the updated Kugoo G3 2024 (Kukirin G3) is now one of the more powerful models. The rear wheel is equipped with a 1200 W motor with a maximum speed of 50 km\/h and a tilting capacity of 30\u00b0. The scooter is based on a 52 V system. The equipment also includes a new TPU system for efficient suspension (plastic suspension), powerful front and rear headlights, side lighting, a clear and transparent touch display, and front disc and rear engine brakes. So the improvement over previous generations is more than enough. Kugoo&#8217;s Kirin G3 battery has a capacity of 18.6 Ah and a maximum range of up to 70 kilometres on a charge (depending on driving style). It then takes 4-6 hours to fully charge with the included charger.<\/p>","protected":false},"excerpt":{"rendered":"<p>\u00cen ceea ce prive\u0219te performan\u021bele, Kugoo G3 2024 (Kukirin G3) actualizat este acum unul dintre cele mai puternice modele. Roata din spate este echipat\u0103 cu un motor de 1200 W, cu o vitez\u0103 maxim\u0103 de 50 km\/h \u0219i o capacitate de \u00eenclinare de 30\u00b0.<\/p>","protected":false},"featured_media":1643,"comment_status":"open","ping_status":"closed","template":"","meta":{"_acf_changed":false},"product_brand":[],"product_cat":[21,15,18],"product_tag":[],"class_list":{"0":"post-1642","1":"product","2":"type-product","3":"status-publish","4":"has-post-thumbnail","6":"product_cat-performance-rollerek","7":"product_cat-rollerek","8":"product_cat-kugoo","10":"first","11":"outofstock","12":"sale","13":"shipping-taxable","14":"purchasable","15":"product-type-simple"},"acf":[],"_links":{"self":[{"href":"https:\/\/roll-market.com\/ro\/wp-json\/wp\/v2\/product\/1642","targetHints":{"allow":["GET"]}}],"collection":[{"href":"https:\/\/roll-market.com\/ro\/wp-json\/wp\/v2\/product"}],"about":[{"href":"https:\/\/roll-market.com\/ro\/wp-json\/wp\/v2\/types\/product"}],"replies":[{"embeddable":true,"href":"https:\/\/roll-market.com\/ro\/wp-json\/wp\/v2\/comments?post=1642"}],"wp:featuredmedia":[{"embeddable":true,"href":"https:\/\/roll-market.com\/ro\/wp-json\/wp\/v2\/media\/1643"}],"wp:attachment":[{"href":"https:\/\/roll-market.com\/ro\/wp-json\/wp\/v2\/media?parent=1642"}],"wp:term":[{"taxonomy":"product_brand","embeddable":true,"href":"https:\/\/roll-market.com\/ro\/wp-json\/wp\/v2\/product_brand?post=1642"},{"taxonomy":"product_cat","embeddable":true,"href":"https:\/\/roll-market.com\/ro\/wp-json\/wp\/v2\/product_cat?post=1642"},{"taxonomy":"product_tag","embeddable":true,"href":"https:\/\/roll-market.com\/ro\/wp-json\/wp\/v2\/product_tag?post=1642"}],"curies":[{"name":"wp","href":"https:\/\/api.w.org\/{rel}","templated":true}]}}