{"id":142,"date":"2023-10-29T15:04:54","date_gmt":"2023-10-29T13:04:54","guid":{"rendered":"http:\/\/134.122.69.219\/?post_type=product&#038;p=142"},"modified":"2026-04-20T11:49:02","modified_gmt":"2026-04-20T09:49:02","slug":"aovo-es80","status":"publish","type":"product","link":"https:\/\/roll-market.com\/ro\/product\/aovo-es80\/","title":{"rendered":"AOVO ES80 350W 10.5AH 31KM\/H 2025"},"content":{"rendered":"<p>Datorit\u0103 construc\u021biei sale din aluminiu de calitate aeronautic\u0103, nu este doar pentru utilizarea \u00een ora\u0219, ci \u0219i pentru drumurile mai dificile. Este, de asemenea, o alegere bun\u0103 pentru zilele ploioase, deoarece designul s\u0103u IP64 \u00eei asigur\u0103 o rezisten\u021b\u0103 bun\u0103 la vremea umed\u0103. Capacitatea bateriei asigur\u0103 o autonomie de p\u00e2n\u0103 la 35 km cu o singur\u0103 \u00eenc\u0103rcare. Trotineta este pliabil\u0103 pentru a fi transportat\u0103 \u0219i depozitat\u0103 cu u\u0219urin\u021b\u0103.<\/p>","protected":false},"excerpt":{"rendered":"<div class=\"product__description rte quick-add-hidden\">Scuterul electric Aovo ProES80 M365 este u\u0219or de utilizat \u0219i este un mijloc de transport popular. Are un motor puternic care poate accelera p\u00e2n\u0103 la 31 km\/h.<\/div>","protected":false},"featured_media":143,"comment_status":"open","ping_status":"closed","template":"","meta":{"_acf_changed":false},"product_brand":[],"product_cat":[16,20,15],"product_tag":[],"class_list":{"0":"post-142","1":"product","2":"type-product","3":"status-publish","4":"has-post-thumbnail","6":"product_cat-aovo","7":"product_cat-hetvegi-rollerek","8":"product_cat-rollerek","10":"first","11":"instock","12":"sale","13":"shipping-taxable","14":"purchasable","15":"product-type-simple"},"acf":[],"_links":{"self":[{"href":"https:\/\/roll-market.com\/ro\/wp-json\/wp\/v2\/product\/142","targetHints":{"allow":["GET"]}}],"collection":[{"href":"https:\/\/roll-market.com\/ro\/wp-json\/wp\/v2\/product"}],"about":[{"href":"https:\/\/roll-market.com\/ro\/wp-json\/wp\/v2\/types\/product"}],"replies":[{"embeddable":true,"href":"https:\/\/roll-market.com\/ro\/wp-json\/wp\/v2\/comments?post=142"}],"wp:featuredmedia":[{"embeddable":true,"href":"https:\/\/roll-market.com\/ro\/wp-json\/wp\/v2\/media\/143"}],"wp:attachment":[{"href":"https:\/\/roll-market.com\/ro\/wp-json\/wp\/v2\/media?parent=142"}],"wp:term":[{"taxonomy":"product_brand","embeddable":true,"href":"https:\/\/roll-market.com\/ro\/wp-json\/wp\/v2\/product_brand?post=142"},{"taxonomy":"product_cat","embeddable":true,"href":"https:\/\/roll-market.com\/ro\/wp-json\/wp\/v2\/product_cat?post=142"},{"taxonomy":"product_tag","embeddable":true,"href":"https:\/\/roll-market.com\/ro\/wp-json\/wp\/v2\/product_tag?post=142"}],"curies":[{"name":"wp","href":"https:\/\/api.w.org\/{rel}","templated":true}]}}