{"id":1068,"date":"2024-01-05T10:46:17","date_gmt":"2024-01-05T08:46:17","guid":{"rendered":"http:\/\/134.122.69.219\/?post_type=product&#038;p=1068"},"modified":"2026-04-20T11:48:38","modified_gmt":"2026-04-20T09:48:38","slug":"kugoo-kukirin-g4","status":"publish","type":"product","link":"https:\/\/roll-market.com\/ro\/product\/kugoo-kukirin-g4\/","title":{"rendered":"KUKIRIN G4 2000W 20AH 70KM\/H 2026"},"content":{"rendered":"<p>Trac\u021biunea spate \u0219i suspensia telescopic\u0103 a Kugoo KuKirin G4 asigur\u0103 performan\u021be excelente chiar \u0219i pe terenuri dificile. Nu are nicio problem\u0103 s\u0103 urce \u0219i s\u0103 coboare terasamente, s\u0103 treac\u0103 peste liniile electrice \u0219i alte obstacole. Farul frontal asigur\u0103 o iluminare eficient\u0103, \u00een timp ce luminile suplimentare fac scuterul foarte vizibil pe timp de noapte.<\/p>","protected":false},"excerpt":{"rendered":"<p>O alegere excelent\u0103 pentru transportul urban \u0219i rural, Kugoo KIRIN G4 este rapid, puternic, dinamic \u0219i durabil. Scuterul se \u00eencadreaz\u0103 \u00een gama medie superioar\u0103 \u00een ceea ce prive\u0219te dimensiunile.<\/p>","protected":false},"featured_media":7561,"comment_status":"open","ping_status":"closed","template":"","meta":{"_acf_changed":false},"product_brand":[],"product_cat":[15,18,21],"product_tag":[],"class_list":{"0":"post-1068","1":"product","2":"type-product","3":"status-publish","4":"has-post-thumbnail","6":"product_cat-rollerek","7":"product_cat-kugoo","8":"product_cat-performance-rollerek","10":"first","11":"outofstock","12":"sale","13":"shipping-taxable","14":"purchasable","15":"product-type-simple"},"acf":[],"_links":{"self":[{"href":"https:\/\/roll-market.com\/ro\/wp-json\/wp\/v2\/product\/1068","targetHints":{"allow":["GET"]}}],"collection":[{"href":"https:\/\/roll-market.com\/ro\/wp-json\/wp\/v2\/product"}],"about":[{"href":"https:\/\/roll-market.com\/ro\/wp-json\/wp\/v2\/types\/product"}],"replies":[{"embeddable":true,"href":"https:\/\/roll-market.com\/ro\/wp-json\/wp\/v2\/comments?post=1068"}],"wp:featuredmedia":[{"embeddable":true,"href":"https:\/\/roll-market.com\/ro\/wp-json\/wp\/v2\/media\/7561"}],"wp:attachment":[{"href":"https:\/\/roll-market.com\/ro\/wp-json\/wp\/v2\/media?parent=1068"}],"wp:term":[{"taxonomy":"product_brand","embeddable":true,"href":"https:\/\/roll-market.com\/ro\/wp-json\/wp\/v2\/product_brand?post=1068"},{"taxonomy":"product_cat","embeddable":true,"href":"https:\/\/roll-market.com\/ro\/wp-json\/wp\/v2\/product_cat?post=1068"},{"taxonomy":"product_tag","embeddable":true,"href":"https:\/\/roll-market.com\/ro\/wp-json\/wp\/v2\/product_tag?post=1068"}],"curies":[{"name":"wp","href":"https:\/\/api.w.org\/{rel}","templated":true}]}}