{"id":1061,"date":"2024-01-05T10:33:54","date_gmt":"2024-01-05T08:33:54","guid":{"rendered":"http:\/\/134.122.69.219\/?post_type=product&#038;p=1061"},"modified":"2026-04-21T07:50:10","modified_gmt":"2026-04-21T05:50:10","slug":"kugoo-kukirin-g2-master","status":"publish","type":"product","link":"https:\/\/roll-market.com\/ro\/product\/kugoo-kukirin-g2-master\/","title":{"rendered":"KuKirin G2 Master dual 2x1000W 20.8AH 2026"},"content":{"rendered":"<p>Scuterul KUGOO KuKirin G2 Master are o transmisie dubl\u0103 puternic\u0103 \u0219i suspensie telescopic\u0103, astfel \u00eenc\u00e2t poate aborda cu u\u0219urin\u021b\u0103 orice teren. Lumina montat\u0103 \u00een fa\u021b\u0103 asigur\u0103 o iluminare excelent\u0103, \u00een timp ce luminile suplimentare fac scuterul foarte vizibil pe timp de noapte. KUKIRIN G2 MASTER este alegerea ideal\u0103 pentru cei care caut\u0103 un scuter electric care poate face fa\u021b\u0103 cu u\u0219urin\u021b\u0103 oric\u0103rei provoc\u0103ri.<\/p>","protected":false},"excerpt":{"rendered":"<p>V\u0103 \u00eentreba\u021bi ce scuter electric s\u0103 alege\u021bi care este puternic, rapid \u0219i dinamic? C\u0103uta\u021bi o trotinet\u0103 care poate face fa\u021b\u0103 cu u\u0219urin\u021b\u0103 terenului accidentat \u0219i str\u0103zilor pline de obstacole? Dac\u0103 da, KUKIRIN G2 MASTER ar putea fi alegerea ideal\u0103 pentru tine!<\/p>","protected":false},"featured_media":5776,"comment_status":"open","ping_status":"closed","template":"","meta":{"_acf_changed":false},"product_brand":[],"product_cat":[15,18,21],"product_tag":[],"class_list":{"0":"post-1061","1":"product","2":"type-product","3":"status-publish","4":"has-post-thumbnail","6":"product_cat-rollerek","7":"product_cat-kugoo","8":"product_cat-performance-rollerek","10":"first","11":"instock","12":"sale","13":"shipping-taxable","14":"purchasable","15":"product-type-simple"},"acf":[],"_links":{"self":[{"href":"https:\/\/roll-market.com\/ro\/wp-json\/wp\/v2\/product\/1061","targetHints":{"allow":["GET"]}}],"collection":[{"href":"https:\/\/roll-market.com\/ro\/wp-json\/wp\/v2\/product"}],"about":[{"href":"https:\/\/roll-market.com\/ro\/wp-json\/wp\/v2\/types\/product"}],"replies":[{"embeddable":true,"href":"https:\/\/roll-market.com\/ro\/wp-json\/wp\/v2\/comments?post=1061"}],"wp:featuredmedia":[{"embeddable":true,"href":"https:\/\/roll-market.com\/ro\/wp-json\/wp\/v2\/media\/5776"}],"wp:attachment":[{"href":"https:\/\/roll-market.com\/ro\/wp-json\/wp\/v2\/media?parent=1061"}],"wp:term":[{"taxonomy":"product_brand","embeddable":true,"href":"https:\/\/roll-market.com\/ro\/wp-json\/wp\/v2\/product_brand?post=1061"},{"taxonomy":"product_cat","embeddable":true,"href":"https:\/\/roll-market.com\/ro\/wp-json\/wp\/v2\/product_cat?post=1061"},{"taxonomy":"product_tag","embeddable":true,"href":"https:\/\/roll-market.com\/ro\/wp-json\/wp\/v2\/product_tag?post=1061"}],"curies":[{"name":"wp","href":"https:\/\/api.w.org\/{rel}","templated":true}]}}