{"id":593,"date":"2023-11-04T11:07:04","date_gmt":"2023-11-04T11:07:04","guid":{"rendered":"http:\/\/134.122.69.219\/?page_id=593"},"modified":"2023-11-04T11:21:46","modified_gmt":"2023-11-04T11:21:46","slug":"cookie-policy","status":"publish","type":"page","link":"https:\/\/roll-market.com\/ro\/cookie-policy\/","title":{"rendered":"Declara\u021bia privind cookie-urile"},"content":{"rendered":"<div data-elementor-type=\"wp-page\" data-elementor-id=\"593\" class=\"elementor elementor-593\" data-elementor-post-type=\"page\">\n\t\t\t\t\t\t<section class=\"elementor-section elementor-top-section elementor-element elementor-element-e72e08f elementor-section-stretched elementor-section-content-middle elementor-section-boxed elementor-section-height-default elementor-section-height-default\" data-id=\"e72e08f\" data-element_type=\"section\" data-settings=\"{&quot;stretch_section&quot;:&quot;section-stretched&quot;,&quot;jet_parallax_layout_list&quot;:[{&quot;jet_parallax_layout_image&quot;:{&quot;url&quot;:&quot;&quot;,&quot;id&quot;:&quot;&quot;,&quot;size&quot;:&quot;&quot;},&quot;_id&quot;:&quot;9d879cb&quot;,&quot;jet_parallax_layout_speed&quot;:{&quot;unit&quot;:&quot;%&quot;,&quot;size&quot;:50,&quot;sizes&quot;:[]},&quot;jet_parallax_layout_image_tablet&quot;:{&quot;url&quot;:&quot;&quot;,&quot;id&quot;:&quot;&quot;,&quot;size&quot;:&quot;&quot;},&quot;jet_parallax_layout_image_mobile&quot;:{&quot;url&quot;:&quot;&quot;,&quot;id&quot;:&quot;&quot;,&quot;size&quot;:&quot;&quot;},&quot;jet_parallax_layout_type&quot;:&quot;scroll&quot;,&quot;jet_parallax_layout_direction&quot;:&quot;1&quot;,&quot;jet_parallax_layout_fx_direction&quot;:null,&quot;jet_parallax_layout_z_index&quot;:&quot;&quot;,&quot;jet_parallax_layout_bg_x&quot;:50,&quot;jet_parallax_layout_bg_x_tablet&quot;:&quot;&quot;,&quot;jet_parallax_layout_bg_x_mobile&quot;:&quot;&quot;,&quot;jet_parallax_layout_bg_y&quot;:50,&quot;jet_parallax_layout_bg_y_tablet&quot;:&quot;&quot;,&quot;jet_parallax_layout_bg_y_mobile&quot;:&quot;&quot;,&quot;jet_parallax_layout_bg_size&quot;:&quot;auto&quot;,&quot;jet_parallax_layout_bg_size_tablet&quot;:&quot;&quot;,&quot;jet_parallax_layout_bg_size_mobile&quot;:&quot;&quot;,&quot;jet_parallax_layout_animation_prop&quot;:&quot;transform&quot;,&quot;jet_parallax_layout_on&quot;:[&quot;desktop&quot;,&quot;tablet&quot;]}],&quot;background_background&quot;:&quot;classic&quot;}\">\n\t\t\t\t\t\t<div class=\"elementor-container elementor-column-gap-default\">\n\t\t\t\t\t<div class=\"elementor-column elementor-col-100 elementor-top-column elementor-element elementor-element-cd72b9d\" data-id=\"cd72b9d\" data-element_type=\"column\">\n\t\t\t<div class=\"elementor-widget-wrap elementor-element-populated\">\n\t\t\t\t\t\t<div class=\"elementor-element elementor-element-4b9d87e elementor-widget elementor-widget-heading\" data-id=\"4b9d87e\" data-element_type=\"widget\" data-widget_type=\"heading.default\">\n\t\t\t\t<div class=\"elementor-widget-container\">\n\t\t\t\t\t<h1 class=\"elementor-heading-title elementor-size-default\">Declara\u021bia privind cookie-urile<\/h1>\t\t\t\t<\/div>\n\t\t\t\t<\/div>\n\t\t\t\t\t<\/div>\n\t\t<\/div>\n\t\t\t\t\t<\/div>\n\t\t<\/section>\n\t\t\t\t<section class=\"elementor-section elementor-top-section elementor-element elementor-element-6c59839 elementor-section-boxed elementor-section-height-default elementor-section-height-default\" data-id=\"6c59839\" data-element_type=\"section\" data-settings=\"{&quot;jet_parallax_layout_list&quot;:[]}\">\n\t\t\t\t\t\t<div class=\"elementor-container elementor-column-gap-default\">\n\t\t\t\t\t<div class=\"elementor-column elementor-col-100 elementor-top-column elementor-element elementor-element-0f22534\" data-id=\"0f22534\" data-element_type=\"column\">\n\t\t\t<div class=\"elementor-widget-wrap elementor-element-populated\">\n\t\t\t\t\t\t<div class=\"elementor-element elementor-element-f5e3c47 elementor-widget elementor-widget-text-editor\" data-id=\"f5e3c47\" data-element_type=\"widget\" data-widget_type=\"text-editor.default\">\n\t\t\t\t<div class=\"elementor-widget-container\">\n\t\t\t\t\t\t\t\t\t<h4><strong>COOKIE-URI CARE SUNT STRICT NECESARE:<\/strong><\/h4><p>Cookie-urile necesare sunt absolut necesare pentru ca sistemul s\u0103 func\u021bioneze, f\u0103r\u0103 acestea site-ul nu poate fi utilizat \u00een mod corespunz\u0103tor, iar utilizarea cookie-urilor este necesar\u0103 pentru a pune \u00een aplicare interesele legitime ale Mr-rent. Aceste cookie-uri pot fi utilizate f\u0103r\u0103 consim\u021b\u0103m\u00e2ntul utilizatorului \u0219i nu pot fi dezactivate.<\/p><p>Temeiul juridic: articolul 6 alineatul (1) litera (b) din RGPD.<\/p><h4><strong>COOKIE-URI FUNC\u021aIONALE \u0218I DE PERFORMAN\u021a\u0102<\/strong><\/h4><p>Cookie-urile de func\u021bionalitate \u0219i de performan\u021b\u0103 nu sunt strict necesare pentru utilizarea site-ului web, dar ne permit s\u0103 v\u0103 oferim o experien\u021b\u0103 de utilizare mai bun\u0103. Aceste module cookie ofer\u0103, de obicei, set\u0103ri \u0219i caracteristici de confort pentru a v\u0103 ajuta s\u0103 personaliza\u021bi site-ul web (de exemplu, limba pe care o alege\u021bi sau tipul de pagin\u0103 pe care o vizita\u021bi). Modulele cookie de func\u021bionalitate sunt utilizate numai cu consim\u021b\u0103m\u00e2ntul dumneavoastr\u0103 \u0219i v\u0103 pute\u021bi retrage consim\u021b\u0103m\u00e2ntul \u00een orice moment prin dezactivarea modulelor cookie de func\u021bionalitate \u00een Centrul de confiden\u021bialitate. Aceste module cookie nu stocheaz\u0103 date cu caracter personal.<\/p><p>Temeiul juridic: articolul 6 alineatul (1) litera (f) din RGPD.<\/p><p>\u00a0<\/p><div class=\"table-responsive\"><table class=\"table table-bordered table-striped\"><tbody><tr><td><p><b>Numele cookie-ului<\/b><\/p><\/td><td><p><b>Tipul de cookie<\/b><\/p><\/td><td><p><b>Identificatorul cookie-ului<\/b><\/p><\/td><td><p><b>Furnizor de cookie-uri<\/b><\/p><\/td><td><p><b>Date prelucrate de cookie<\/b><\/p><\/td><td><p><b>Scopul cookie-ului<\/b><\/p><\/td><td><p><b>Durata de via\u021b\u0103 a cookie-urilor<\/b><\/p><\/td><\/tr><tr><td><p>Func\u021bia WP<\/p><\/td><td><p>Cookie-uri esen\u021biale<\/p><\/td><td><p>wp-settings-{X}<\/p><\/td><td><p>WordPress<\/p><\/td><td><p>Necesar pentru a utiliza func\u021biile.<\/p><\/td><td><p>Func\u021bionare corect\u0103.<\/p><\/td><td><p>1 an<\/p><\/td><\/tr><tr><td><p>Func\u021bia WP<\/p><\/td><td><p>Cookie-uri esen\u021biale<\/p><\/td><td><p>wp-settings-time-{X}<\/p><\/td><td><p>WordPress<\/p><\/td><td><p>Necesar pentru a utiliza func\u021biile.<\/p><\/td><td><p>Func\u021bionare corect\u0103.<\/p><\/td><td><p>1 an<\/p><\/td><\/tr><tr><td><p>Func\u021bia WP<\/p><\/td><td><p>Cookie-uri esen\u021biale<\/p><\/td><td><p>wordpress_test_cookie<\/p><\/td><td><p>WordPress<\/p><\/td><td><p>Necesar pentru a utiliza func\u021biile.<\/p><\/td><td><p>Func\u021bionare corect\u0103.<\/p><\/td><td><p>1 an<\/p><\/td><\/tr><tr><td><p>WP GDPR<\/p><\/td><td><p>Cookie-uri esen\u021biale<\/p><\/td><td><p>gdpr[allowed_cookies]<\/p><\/td><td><p>WordPress<\/p><\/td><td><p>Faptul de a accepta.<\/p><\/td><td><p>Stocheaz\u0103 modulele cookie pe care utilizatorul le-a permis.<\/p><\/td><td><p>1 an<\/p><\/td><\/tr><tr><td><p>WP GDPR<\/p><\/td><td><p>Cookie-uri esen\u021biale<\/p><\/td><td><p>gdpr[consent_types]<\/p><\/td><td><p>WordPress<\/p><\/td><td><p>Faptul de a accepta.<\/p><\/td><td><p>Acest modul cookie stocheaz\u0103 informa\u021biile care au fost acceptate de c\u0103tre utilizator.<\/p><\/td><td><p>1 an<\/p><\/td><\/tr><tr><td><p>WP GDPR<\/p><\/td><td><p>Cookie-uri esen\u021biale<\/p><\/td><td><p>gdpr[privacy_bar]<\/p><\/td><td><p>WordPress<\/p><\/td><td><p>Faptul de a accepta.<\/p><\/td><td><p>Conformitatea cu acceptarea cookie-urilor.<\/p><\/td><td><p>1 an<\/p><\/td><\/tr><tr><td><p>WPML<\/p><\/td><td><p>Cookie-uri esen\u021biale<\/p><\/td><td><p>_icl_current_language<\/p><\/td><td><p>WordPress<\/p><\/td><td><p>Set\u0103ri de limb\u0103<\/p><\/td><td><p>Func\u021bionare corect\u0103.<\/p><\/td><td><p>1 zi<\/p><\/td><\/tr><tr><td><p>WPML<\/p><\/td><td><p>Cookie-uri esen\u021biale<\/p><\/td><td><p>wpml_referer_url<\/p><\/td><td><p>WordPress<\/p><\/td><td><p>URL-ul paginii vizualizate anterior<\/p><\/td><td><p>Func\u021bionare corect\u0103.<\/p><\/td><td><p>1 zi<\/p><\/td><\/tr><tr><td><p>Google Analytics<\/p><\/td><td><p>Cookie-uri func\u021bionale \u0219i de performan\u021b\u0103<\/p><\/td><td><p>Nu, nu.<\/p><\/td><td><p>Google<\/p><\/td><td><p>URL, titlul paginii, numele browserului, dimensiunea ferestrei browserului, dimensiunea ecranului, java, versiunea flash, loca\u021bia, limba<\/p><\/td><td><p>Statistici anonime<\/p><\/td><td><p>2 ani<\/p><\/td><\/tr><tr><td><p>Google Analytics<\/p><\/td><td><p>Cookie-uri func\u021bionale \u0219i de performan\u021b\u0103<\/p><\/td><td><p>Nu, nu.<\/p><\/td><td><p>Google<\/p><\/td><td><p>URL, titlul paginii, numele browserului, dimensiunea ferestrei browserului, dimensiunea ecranului, java, versiunea flash, loca\u021bia, limba<\/p><\/td><td><p>Statistici anonime<\/p><\/td><td><p>Browserul este \u0219ters atunci c\u00e2nd este \u00eenchis<\/p><\/td><\/tr><tr><td><p>Google Analytics<\/p><\/td><td><p>Cookie-uri func\u021bionale \u0219i de performan\u021b\u0103<\/p><\/td><td><p>_gid<\/p><\/td><td><p>Google<\/p><\/td><td><p>URL, titlul paginii, numele browserului, dimensiunea ferestrei browserului, dimensiunea ecranului, java, versiunea flash, loca\u021bia, limba<\/p><\/td><td><p>Statistici anonime<\/p><\/td><td><p>1 zi<\/p><\/td><\/tr><\/tbody><\/table><\/div><div class=\"table-responsive\"><table class=\"table table-bordered table-striped\"><tbody><tr><td>Facebook<\/td><td>Cookie-uri func\u021bionale \u0219i de performan\u021b\u0103<\/td><td>fr<\/td><td>Facebook<\/td><td>ID-ul utilizatorului, ID-ul browserului, marcajul de timp, alte date prev\u0103zute \u00een declara\u021bia de confiden\u021bialitate facebook.com<\/td><td>Acesta este principalul cookie publicitar al Facebook \u0219i poate fi utilizat pentru a afi\u0219a, m\u0103sura \u0219i \u00eembun\u0103t\u0103\u021bi relevan\u021ba anun\u021burilor.<\/td><td>3 luni<\/td><\/tr><tr><td>Facebook<\/td><td>Cookie-uri func\u021bionale \u0219i de performan\u021b\u0103<\/td><td>_fbp<\/td><td>Facebook<\/td><td>Facebook le utilizeaz\u0103 pentru a furniza produse publicitare unei ter\u021be p\u0103r\u021bi (de exemplu, publicitate \u00een timp real)<\/td><td>Cookie-ul publicitar al Facebook, utilizat pentru a afi\u0219a, m\u0103sura \u0219i \u00eembun\u0103t\u0103\u021bi relevan\u021ba anun\u021burilor.<\/td><td>3 luni<\/td><\/tr><tr><td>Facebook<\/td><td>Cookie-uri func\u021bionale \u0219i de performan\u021b\u0103<\/td><td>act<\/td><td>Facebook<\/td><td>Timestamp<\/td><td>Face distinc\u021bia \u00eentre dou\u0103 sesiuni create pentru acela\u0219i utilizator la momente diferite. Durata de via\u021b\u0103 a modulului cookie depinde de op\u021biunea \"Stay logged in\" (R\u0103m\u00e2i conectat). Dac\u0103 aceast\u0103 op\u021biune este activ\u0103, cookie-ul este \u0219ters atunci c\u00e2nd browserul este \u00eenchis.<\/td><td>90 de zile \/ Browserul este \u0219ters atunci c\u00e2nd este \u00eenchis<\/td><\/tr><tr><td>Facebook<\/td><td>Cookie-uri func\u021bionale \u0219i de performan\u021b\u0103<\/td><td>c_user<\/td><td>Facebook<\/td><td>Con\u021bine ID-ul de utilizator al utilizatorului conectat \u00een mod curent<\/td><td>Func\u021bionare corect\u0103. Durata de via\u021b\u0103 a cookie-urilor depinde de op\u021biunea \"Stay logged in\" (R\u0103m\u00e2i conectat). Dac\u0103 aceast\u0103 op\u021biune este activ\u0103, cookie-ul va fi \u0219ters atunci c\u00e2nd browserul este \u00eenchis<\/td><td>90 de zile \/ Browserul este \u0219ters atunci c\u00e2nd este \u00eenchis<\/td><\/tr><tr><td>Facebook<\/td><td>Cookie-uri func\u021bionale \u0219i de performan\u021b\u0103<\/td><td>datr<\/td><td>Facebook<\/td><td>Identificator aleatoriu<\/td><td>Scopul s\u0103u este de a identifica browserul utilizat pentru a se conecta la Facebook, indiferent de utilizatorul conectat. Acest modul cookie joac\u0103 un rol esen\u021bial \u00een func\u021biile de securitate \u0219i de integritate a site-ului Facebook.<\/td><td>2 ani<\/td><\/tr><tr><td>Facebook<\/td><td>Cookie-uri func\u021bionale \u0219i de performan\u021b\u0103<\/td><td>locale<\/td><td>Facebook<\/td><td>Loca\u021bia ultimului utilizator conectat la browser.<\/td><td>Loca\u021bia ultimului utilizator conectat la browser.<\/td><td>1 s\u0103pt\u0103m\u00e2n\u0103<\/td><\/tr><tr><td>Facebook<\/td><td>Cookie-uri func\u021bionale \u0219i de performan\u021b\u0103<\/td><td>prezen\u021b\u0103<\/td><td>Facebook<\/td><td>Identificator aleatoriu<\/td><td>Utilizat pentru a stoca starea de chat a utilizatorului. De exemplu, dac\u0103 chat-ul este deschis. Acest modul cookie este un modul cookie de sesiune.<\/td><td>Browserul este \u0219ters atunci c\u00e2nd este \u00eenchis<\/td><\/tr><tr><td>Facebook<\/td><td>Cookie-uri func\u021bionale \u0219i de performan\u021b\u0103<\/td><td>sb<\/td><td>Facebook<\/td><td>Necesar pentru a utiliza func\u021biile de chat.<\/td><td>Necesar pentru a utiliza func\u021biile de chat.<\/td><td>2 ani<\/td><\/tr><tr><td>Facebook<\/td><td>Cookie-uri func\u021bionale \u0219i de performan\u021b\u0103<\/td><td>rotire<\/td><td>Facebook<\/td><td>Necesar pentru a utiliza func\u021biile de chat.<\/td><td>Necesar pentru a utiliza func\u021biile de chat.<\/td><td>1 zi<\/td><\/tr><tr><td>Facebook<\/td><td>Cookie-uri func\u021bionale \u0219i de performan\u021b\u0103<\/td><td>wd<\/td><td>Facebook<\/td><td>Stoca\u021bi dimensiunile ferestrelor de browser<\/td><td>Facebook \u00eel folose\u0219te pentru a optimiza aspectul paginii.<\/td><td>1 s\u0103pt\u0103m\u00e2n\u0103<\/td><\/tr><tr><td>Facebook<\/td><td>Cookie-uri func\u021bionale \u0219i de performan\u021b\u0103<\/td><td>xs<\/td><td>Facebook<\/td><td>Num\u0103rul sesiunii, criptarea sesiunii, indicatorul \"secure\" dac\u0103 utilizatorul a activat op\u021biunea de navigare securizat\u0103.<\/td><td>Ez a s\u00fcti t\u00f6bb inform\u00e1ci\u00f3t tartalmaz, kett\u0151spont elv\u00e1lasztva (a kett\u0151spont az \u00e1tvitelhez a \u201c%3A\u201d \u00e9rt\u00e9kre van k\u00f3dolva).<\/td><td>1 an<\/td><\/tr><\/tbody><\/table><\/div><p><strong><br \/>GOOGLE ANALYTICS<\/strong><\/p><p>Site-ul utilizeaz\u0103 Google Analytics, un serviciu de analiz\u0103 web furnizat de Google Inc. (\"Google\"). Google Analytics utilizeaz\u0103 o form\u0103 specific\u0103 de cookie, stocat\u0103 pe computerul dumneavoastr\u0103, pentru a analiza utilizarea site-ului web. Informa\u021biile generate de modulul cookie cu privire la utilizarea de c\u0103tre dvs. a site-ului web sunt de obicei transmise \u0219i stocate de Google pe serverele din Statele Unite.<\/p><p>Pute\u021bi \u00eempiedica stocarea modulelor cookie prin utilizarea set\u0103rilor corespunz\u0103toare \u00een software-ul browserului dumneavoastr\u0103. De asemenea, pute\u021bi \u00eempiedica Google s\u0103 colecteze \u0219i s\u0103 proceseze datele (inclusiv adresa dumneavoastr\u0103 IP) generate de modulul cookie cu privire la utilizarea de c\u0103tre dumneavoastr\u0103 a site-ului web, desc\u0103rc\u00e2nd \u0219i instal\u00e2nd plug-in-ul pentru browser disponibil la adresa https:\/\/tools.google.com\/dlpage\/gaoptout?hl=en.<\/p><p>De asemenea, site-ul web utilizeaz\u0103 Google Analytics pentru a analiza fluxul de vizitatori prin intermediul ID-ului de utilizator \u00een mod independent de dispozitiv. Pute\u021bi dezactiva urm\u0103rirea utiliz\u0103rii dvs. pe diferite dispozitive acces\u00e2nd \"Informa\u021biile mele\", \"Informa\u021bii personale\" \u00een contul dvs. Google.<\/p><p>Temeiul juridic: articolul 6 alineatul (1) litera (f) din RGPD.<\/p><p>\u00a0<\/p><p><strong>FORMULAR DE CONTACT<\/strong><\/p><p>Operatorul de date opereaz\u0103 un formular de contact pe site-urile web operate, care ajut\u0103 vizitatorii s\u0103 stabileasc\u0103 un contact \u0219i s\u0103 solicite informa\u021bii mai u\u0219or.<br \/>Prin completarea acestui formular \u0219i bifarea c\u0103su\u021bei de mai jos, accepta\u021bi Politica noastr\u0103 de confiden\u021bialitate, a c\u0103rei versiune actual\u0103 poate fi g\u0103sit\u0103 la.<\/p><p>\u00a0<\/p><p><strong>DATE UTILIZATOR<\/strong><\/p><p>Pute\u021bi s\u0103 verifica\u021bi \u0219i s\u0103 solicita\u021bi modific\u0103ri ale set\u0103rilor dvs. \u0219i ale datelor stocate despre dvs.<\/p>\t\t\t\t\t\t\t\t<\/div>\n\t\t\t\t<\/div>\n\t\t\t\t\t<\/div>\n\t\t<\/div>\n\t\t\t\t\t<\/div>\n\t\t<\/section>\n\t\t\t\t<\/div>","protected":false},"excerpt":{"rendered":"<p>Declara\u021bie privind cookie-urile COOKIES NECESARE: Cookie-urile necesare sunt strict necesare pentru func\u021bionarea sistemului, f\u0103r\u0103 acestea site-ul nu poate fi utilizat \u00een mod corespunz\u0103tor, iar utilizarea cookie-urilor este necesar\u0103 pentru a asigura interesele legitime ale Mr-rent. Aceste cookie-uri pot fi utilizate f\u0103r\u0103 consim\u021b\u0103m\u00e2ntul utilizatorului \u0219i nu pot fi dezactivate. Temei juridic: articolul 6 alineatul (1) litera (b) din GDPR. Func\u021bia \u0219i func\u021bia COOKIE-K Func\u021bia \u0219i func\u021bia ... <a title=\"Declara\u021bia privind cookie-urile\" class=\"read-more\" href=\"https:\/\/roll-market.com\/ro\/cookie-policy\/\" aria-label=\"Cite\u0219te mai multe despre Cookie Nyilatkozat\">Cite\u0219te mai mult<\/a><\/p>","protected":false},"author":1,"featured_media":0,"parent":0,"menu_order":0,"comment_status":"closed","ping_status":"closed","template":"elementor_header_footer","meta":{"_acf_changed":false,"footnotes":""},"class_list":["post-593","page","type-page","status-publish"],"acf":[],"_links":{"self":[{"href":"https:\/\/roll-market.com\/ro\/wp-json\/wp\/v2\/pages\/593","targetHints":{"allow":["GET"]}}],"collection":[{"href":"https:\/\/roll-market.com\/ro\/wp-json\/wp\/v2\/pages"}],"about":[{"href":"https:\/\/roll-market.com\/ro\/wp-json\/wp\/v2\/types\/page"}],"author":[{"embeddable":true,"href":"https:\/\/roll-market.com\/ro\/wp-json\/wp\/v2\/users\/1"}],"replies":[{"embeddable":true,"href":"https:\/\/roll-market.com\/ro\/wp-json\/wp\/v2\/comments?post=593"}],"version-history":[{"count":4,"href":"https:\/\/roll-market.com\/ro\/wp-json\/wp\/v2\/pages\/593\/revisions"}],"predecessor-version":[{"id":597,"href":"https:\/\/roll-market.com\/ro\/wp-json\/wp\/v2\/pages\/593\/revisions\/597"}],"wp:attachment":[{"href":"https:\/\/roll-market.com\/ro\/wp-json\/wp\/v2\/media?parent=593"}],"curies":[{"name":"wp","href":"https:\/\/api.w.org\/{rel}","templated":true}]}}