{"id":21,"date":"2023-10-26T21:24:12","date_gmt":"2023-10-26T21:24:12","guid":{"rendered":"http:\/\/134.122.69.219\/?page_id=21"},"modified":"2024-08-02T22:19:06","modified_gmt":"2024-08-02T21:19:06","slug":"about-us","status":"publish","type":"page","link":"https:\/\/roll-market.com\/ro\/about-us\/","title":{"rendered":"Despre noi"},"content":{"rendered":"<div data-elementor-type=\"wp-page\" data-elementor-id=\"21\" class=\"elementor elementor-21\" data-elementor-post-type=\"page\">\n\t\t\t\t\t\t<section class=\"elementor-section elementor-top-section elementor-element elementor-element-50405af elementor-section-stretched elementor-section-content-middle elementor-section-boxed elementor-section-height-default elementor-section-height-default\" data-id=\"50405af\" data-element_type=\"section\" data-settings=\"{&quot;stretch_section&quot;:&quot;section-stretched&quot;,&quot;jet_parallax_layout_list&quot;:[{&quot;jet_parallax_layout_image&quot;:{&quot;url&quot;:&quot;&quot;,&quot;id&quot;:&quot;&quot;,&quot;size&quot;:&quot;&quot;},&quot;_id&quot;:&quot;9d879cb&quot;,&quot;jet_parallax_layout_speed&quot;:{&quot;unit&quot;:&quot;%&quot;,&quot;size&quot;:50,&quot;sizes&quot;:[]},&quot;jet_parallax_layout_image_tablet&quot;:{&quot;url&quot;:&quot;&quot;,&quot;id&quot;:&quot;&quot;,&quot;size&quot;:&quot;&quot;},&quot;jet_parallax_layout_image_mobile&quot;:{&quot;url&quot;:&quot;&quot;,&quot;id&quot;:&quot;&quot;,&quot;size&quot;:&quot;&quot;},&quot;jet_parallax_layout_type&quot;:&quot;scroll&quot;,&quot;jet_parallax_layout_direction&quot;:&quot;1&quot;,&quot;jet_parallax_layout_fx_direction&quot;:null,&quot;jet_parallax_layout_z_index&quot;:&quot;&quot;,&quot;jet_parallax_layout_bg_x&quot;:50,&quot;jet_parallax_layout_bg_x_tablet&quot;:&quot;&quot;,&quot;jet_parallax_layout_bg_x_mobile&quot;:&quot;&quot;,&quot;jet_parallax_layout_bg_y&quot;:50,&quot;jet_parallax_layout_bg_y_tablet&quot;:&quot;&quot;,&quot;jet_parallax_layout_bg_y_mobile&quot;:&quot;&quot;,&quot;jet_parallax_layout_bg_size&quot;:&quot;auto&quot;,&quot;jet_parallax_layout_bg_size_tablet&quot;:&quot;&quot;,&quot;jet_parallax_layout_bg_size_mobile&quot;:&quot;&quot;,&quot;jet_parallax_layout_animation_prop&quot;:&quot;transform&quot;,&quot;jet_parallax_layout_on&quot;:[&quot;desktop&quot;,&quot;tablet&quot;]}],&quot;background_background&quot;:&quot;classic&quot;}\">\n\t\t\t\t\t\t<div class=\"elementor-container elementor-column-gap-default\">\n\t\t\t\t\t<div class=\"elementor-column elementor-col-100 elementor-top-column elementor-element elementor-element-5b8ea7b\" data-id=\"5b8ea7b\" data-element_type=\"column\">\n\t\t\t<div class=\"elementor-widget-wrap elementor-element-populated\">\n\t\t\t\t\t\t<div class=\"elementor-element elementor-element-8d7066b elementor-widget elementor-widget-heading\" data-id=\"8d7066b\" data-element_type=\"widget\" data-widget_type=\"heading.default\">\n\t\t\t\t<div class=\"elementor-widget-container\">\n\t\t\t\t\t<h1 class=\"elementor-heading-title elementor-size-default\">Despre noi<\/h1>\t\t\t\t<\/div>\n\t\t\t\t<\/div>\n\t\t\t\t\t<\/div>\n\t\t<\/div>\n\t\t\t\t\t<\/div>\n\t\t<\/section>\n\t\t\t\t<section class=\"elementor-section elementor-top-section elementor-element elementor-element-4e0cc22 elementor-section-boxed elementor-section-height-default elementor-section-height-default\" data-id=\"4e0cc22\" data-element_type=\"section\" data-settings=\"{&quot;jet_parallax_layout_list&quot;:[]}\">\n\t\t\t\t\t\t<div class=\"elementor-container elementor-column-gap-default\">\n\t\t\t\t\t<div class=\"elementor-column elementor-col-50 elementor-top-column elementor-element elementor-element-5dc43a2\" data-id=\"5dc43a2\" data-element_type=\"column\">\n\t\t\t<div class=\"elementor-widget-wrap elementor-element-populated\">\n\t\t\t\t\t\t<div class=\"elementor-element elementor-element-87bbdde elementor-widget elementor-widget-text-editor\" data-id=\"87bbdde\" data-element_type=\"widget\" data-widget_type=\"text-editor.default\">\n\t\t\t\t<div class=\"elementor-widget-container\">\n\t\t\t\t\t\t\t\t\t<p><strong>Bine a\u021bi venit \u00een lumea Roll-Market, unde scuterele electrice nu sunt doar un mijloc de transport, ci \u0219i un nou mod de via\u021b\u0103!<\/strong> Am fost fondat\u0103 \u00een 2023 cu scopul de a revolu\u021biona transportul urban \u0219i de a face ca experien\u021ba scuterelor electrice s\u0103 fie accesibil\u0103 tuturor.<\/p><p>Inima noastr\u0103 este de a oferi clien\u021bilor no\u0219tri scutere electrice inovatoare, ecologice \u0219i fiabile. Credem c\u0103 via\u021ba urban\u0103 modern\u0103 este \u00een mi\u0219care \u0219i c\u0103 scuterele joac\u0103 un rol din ce \u00een ce mai important \u00een aceast\u0103 mi\u0219care. Trotinetele electrice sunt alegerea perfect\u0103 pentru a se deplasa pe drumurile urbane aglomerate, permi\u021b\u00e2nd utilizatorilor s\u0103 ajung\u0103 din punctul A \u00een punctul B rapid, confortabil \u0219i cu stil.<\/p>\t\t\t\t\t\t\t\t<\/div>\n\t\t\t\t<\/div>\n\t\t\t\t\t<\/div>\n\t\t<\/div>\n\t\t\t\t<div class=\"elementor-column elementor-col-50 elementor-top-column elementor-element elementor-element-9300bb9\" data-id=\"9300bb9\" data-element_type=\"column\">\n\t\t\t<div class=\"elementor-widget-wrap elementor-element-populated\">\n\t\t\t\t\t\t<div class=\"elementor-element elementor-element-1387be3 elementor-widget elementor-widget-image\" data-id=\"1387be3\" data-element_type=\"widget\" data-widget_type=\"image.default\">\n\t\t\t\t<div class=\"elementor-widget-container\">\n\t\t\t\t\t\t\t\t\t\t\t\t\t\t\t<img fetchpriority=\"high\" decoding=\"async\" width=\"1024\" height=\"683\" src=\"https:\/\/roll-market.com\/wp-content\/uploads\/2024\/08\/rollmarket_scooter-1024x683.jpg\" class=\"attachment-large size-large wp-image-3865\" alt=\"\" srcset=\"https:\/\/roll-market.com\/wp-content\/uploads\/2024\/08\/rollmarket_scooter-1024x683.jpg 1024w, https:\/\/roll-market.com\/wp-content\/uploads\/2024\/08\/rollmarket_scooter-300x200.jpg 300w, https:\/\/roll-market.com\/wp-content\/uploads\/2024\/08\/rollmarket_scooter-768x512.jpg 768w, https:\/\/roll-market.com\/wp-content\/uploads\/2024\/08\/rollmarket_scooter-1536x1024.jpg 1536w, https:\/\/roll-market.com\/wp-content\/uploads\/2024\/08\/rollmarket_scooter-2048x1366.jpg 2048w, https:\/\/roll-market.com\/wp-content\/uploads\/2024\/08\/rollmarket_scooter-60x40.jpg 60w, https:\/\/roll-market.com\/wp-content\/uploads\/2024\/08\/rollmarket_scooter-110x73.jpg 110w, https:\/\/roll-market.com\/wp-content\/uploads\/2024\/08\/rollmarket_scooter-600x400.jpg 600w\" sizes=\"(max-width: 1024px) 100vw, 1024px\" \/>\t\t\t\t\t\t\t\t\t\t\t\t\t\t\t<\/div>\n\t\t\t\t<\/div>\n\t\t\t\t\t<\/div>\n\t\t<\/div>\n\t\t\t\t\t<\/div>\n\t\t<\/section>\n\t\t\t\t<section class=\"elementor-section elementor-top-section elementor-element elementor-element-1374190 elementor-reverse-mobile elementor-section-boxed elementor-section-height-default elementor-section-height-default\" data-id=\"1374190\" data-element_type=\"section\" data-settings=\"{&quot;jet_parallax_layout_list&quot;:[]}\">\n\t\t\t\t\t\t<div class=\"elementor-container elementor-column-gap-default\">\n\t\t\t\t\t<div class=\"elementor-column elementor-col-50 elementor-top-column elementor-element elementor-element-3cd8695\" data-id=\"3cd8695\" data-element_type=\"column\">\n\t\t\t<div class=\"elementor-widget-wrap elementor-element-populated\">\n\t\t\t\t\t\t<div class=\"elementor-element elementor-element-7c00aea elementor-widget elementor-widget-image\" data-id=\"7c00aea\" data-element_type=\"widget\" data-widget_type=\"image.default\">\n\t\t\t\t<div class=\"elementor-widget-container\">\n\t\t\t\t\t\t\t\t\t\t\t\t\t\t\t<img decoding=\"async\" width=\"1024\" height=\"683\" src=\"https:\/\/roll-market.com\/wp-content\/uploads\/2023\/11\/Roll-market-benefits-2-1024x683.jpg\" class=\"attachment-large size-large wp-image-881\" alt=\"\" srcset=\"https:\/\/roll-market.com\/wp-content\/uploads\/2023\/11\/Roll-market-benefits-2-1024x683.jpg 1024w, https:\/\/roll-market.com\/wp-content\/uploads\/2023\/11\/Roll-market-benefits-2-300x200.jpg 300w, https:\/\/roll-market.com\/wp-content\/uploads\/2023\/11\/Roll-market-benefits-2-768x512.jpg 768w, https:\/\/roll-market.com\/wp-content\/uploads\/2023\/11\/Roll-market-benefits-2-1536x1025.jpg 1536w, https:\/\/roll-market.com\/wp-content\/uploads\/2023\/11\/Roll-market-benefits-2-18x12.jpg 18w, https:\/\/roll-market.com\/wp-content\/uploads\/2023\/11\/Roll-market-benefits-2-60x40.jpg 60w, https:\/\/roll-market.com\/wp-content\/uploads\/2023\/11\/Roll-market-benefits-2-110x73.jpg 110w, https:\/\/roll-market.com\/wp-content\/uploads\/2023\/11\/Roll-market-benefits-2-600x400.jpg 600w, https:\/\/roll-market.com\/wp-content\/uploads\/2023\/11\/Roll-market-benefits-2.jpg 1920w\" sizes=\"(max-width: 1024px) 100vw, 1024px\" \/>\t\t\t\t\t\t\t\t\t\t\t\t\t\t\t<\/div>\n\t\t\t\t<\/div>\n\t\t\t\t\t<\/div>\n\t\t<\/div>\n\t\t\t\t<div class=\"elementor-column elementor-col-50 elementor-top-column elementor-element elementor-element-4a16b59\" data-id=\"4a16b59\" data-element_type=\"column\">\n\t\t\t<div class=\"elementor-widget-wrap elementor-element-populated\">\n\t\t\t\t\t\t<div class=\"elementor-element elementor-element-b508642 elementor-widget elementor-widget-text-editor\" data-id=\"b508642\" data-element_type=\"widget\" data-widget_type=\"text-editor.default\">\n\t\t\t\t<div class=\"elementor-widget-container\">\n\t\t\t\t\t\t\t\t\t<p>Echipa Roll-Market se angajeaz\u0103 s\u0103 ofere produse \u0219i servicii de cea mai \u00eenalt\u0103 calitate. Fiecare dintre produsele noastre este selectat cu aten\u021bie \u0219i lucr\u0103m numai cu produc\u0103tori care \u00eendeplinesc cerin\u021bele noastre stricte de calitate. Ne str\u0103duim s\u0103 ne asigur\u0103m c\u0103 scuterele noastre nu sunt doar fiabile \u0219i durabile, ci \u0219i c\u0103 se remarc\u0103 pe pia\u021b\u0103 prin designul lor modern \u0219i caracteristicile tehnologice avansate.<\/p><p>\u0218tim c\u0103 cheia satisfac\u021biei clien\u021bilor este un serviciu de \u00eencredere \u0219i un suport de specialitate. <strong>De aceea, echipa noastr\u0103 este \u00eentotdeauna preg\u0103tit\u0103 s\u0103 \u00eei ajute pe clien\u021bii no\u0219tri s\u0103 aleag\u0103 cea mai bun\u0103 trotinet\u0103 electric\u0103 pentru nevoile lor \u0219i s\u0103 le ofere serviciile \u0219i suportul care urmeaz\u0103.<\/strong><\/p>\t\t\t\t\t\t\t\t<\/div>\n\t\t\t\t<\/div>\n\t\t\t\t\t<\/div>\n\t\t<\/div>\n\t\t\t\t\t<\/div>\n\t\t<\/section>\n\t\t\t\t<section class=\"elementor-section elementor-top-section elementor-element elementor-element-fa7d7ea elementor-section-boxed elementor-section-height-default elementor-section-height-default\" data-id=\"fa7d7ea\" data-element_type=\"section\" data-settings=\"{&quot;jet_parallax_layout_list&quot;:[]}\">\n\t\t\t\t\t\t<div class=\"elementor-container elementor-column-gap-default\">\n\t\t\t\t\t<div class=\"elementor-column elementor-col-100 elementor-top-column elementor-element elementor-element-1534b3b\" data-id=\"1534b3b\" data-element_type=\"column\">\n\t\t\t<div class=\"elementor-widget-wrap elementor-element-populated\">\n\t\t\t\t\t\t<div class=\"elementor-element elementor-element-1ebb591 elementor-widget elementor-widget-text-editor\" data-id=\"1ebb591\" data-element_type=\"widget\" data-widget_type=\"text-editor.default\">\n\t\t\t\t<div class=\"elementor-widget-container\">\n\t\t\t\t\t\t\t\t\t<p><strong>V\u0103 mul\u021bumim c\u0103 ne-a\u021bi ales pentru un transport ecologic \u0219i dinamic. Echipa de la Roll-Market este \u00eenc\u00e2ntat\u0103 s\u0103 exploreze \u00eempreun\u0103 nenum\u0103ratele posibilit\u0103\u021bi ale scuterelor electrice. Haide\u021bi s\u0103 facem parte \u00eempreun\u0103 din aceast\u0103 revolu\u021bie de transport captivant\u0103 \u0219i durabil\u0103!<\/strong><\/p>\t\t\t\t\t\t\t\t<\/div>\n\t\t\t\t<\/div>\n\t\t\t\t\t<\/div>\n\t\t<\/div>\n\t\t\t\t\t<\/div>\n\t\t<\/section>\n\t\t\t\t<\/div>","protected":false},"excerpt":{"rendered":"<p>R\u00f3lunk \u00dcdv\u00f6zl\u00fcnk a Roll-Market vil\u00e1g\u00e1ban, ahol az elektromos rollerek nem csak egy k\u00f6zleked\u00e9si eszk\u00f6zt jelentenek, hanem egy \u00faj \u00e9let\u00e9rz\u00e9st is k\u00edn\u00e1lnak! C\u00e9g\u00fcnk 2023-ban j\u00f6tt l\u00e9tre azzal a c\u00e9llal, hogy forradalmas\u00edtsuk a v\u00e1rosi k\u00f6zleked\u00e9st \u00e9s hozz\u00e1f\u00e9rhet\u0151v\u00e9 tegy\u00fck az elektromos rollerez\u00e9s \u00e9lm\u00e9ny\u00e9t mindenki sz\u00e1m\u00e1ra. Sz\u00edv\u00fcnk cs\u00fccske az, hogy innovat\u00edv, k\u00f6rnyezetbar\u00e1t \u00e9s megb\u00edzhat\u00f3 elektromos rollereket k\u00edn\u00e1ljunk \u00fcgyfeleinknek. Hisz\u00fcnk &#8230; <a title=\"Despre noi\" class=\"read-more\" href=\"https:\/\/roll-market.com\/ro\/about-us\/\" aria-label=\"Cite\u0219te mai multe despre R\u00f3lunk\">Cite\u0219te mai mult<\/a><\/p>","protected":false},"author":1,"featured_media":0,"parent":0,"menu_order":0,"comment_status":"closed","ping_status":"closed","template":"elementor_header_footer","meta":{"_acf_changed":false,"footnotes":""},"class_list":["post-21","page","type-page","status-publish"],"acf":[],"_links":{"self":[{"href":"https:\/\/roll-market.com\/ro\/wp-json\/wp\/v2\/pages\/21","targetHints":{"allow":["GET"]}}],"collection":[{"href":"https:\/\/roll-market.com\/ro\/wp-json\/wp\/v2\/pages"}],"about":[{"href":"https:\/\/roll-market.com\/ro\/wp-json\/wp\/v2\/types\/page"}],"author":[{"embeddable":true,"href":"https:\/\/roll-market.com\/ro\/wp-json\/wp\/v2\/users\/1"}],"replies":[{"embeddable":true,"href":"https:\/\/roll-market.com\/ro\/wp-json\/wp\/v2\/comments?post=21"}],"version-history":[{"count":28,"href":"https:\/\/roll-market.com\/ro\/wp-json\/wp\/v2\/pages\/21\/revisions"}],"predecessor-version":[{"id":3873,"href":"https:\/\/roll-market.com\/ro\/wp-json\/wp\/v2\/pages\/21\/revisions\/3873"}],"wp:attachment":[{"href":"https:\/\/roll-market.com\/ro\/wp-json\/wp\/v2\/media?parent=21"}],"curies":[{"name":"wp","href":"https:\/\/api.w.org\/{rel}","templated":true}]}}