{"id":720,"date":"2023-11-10T13:40:51","date_gmt":"2023-11-10T12:40:51","guid":{"rendered":"http:\/\/134.122.69.219\/?post_type=product&#038;p=720"},"modified":"2024-08-05T11:11:56","modified_gmt":"2024-08-05T10:11:56","slug":"tuya-pro-2","status":"publish","type":"product","link":"https:\/\/roll-market.com\/hu\/termek\/tuya-pro-2\/","title":{"rendered":"Tuya PRO 2"},"content":{"rendered":"<div class=\"flex flex-grow flex-col max-w-full gap-3 gizmo:gap-0\">\n<div class=\"min-h-[20px] text-message peer flex flex-col items-start gap-3 whitespace-pre-wrap break-words peer-[.text-message]:mt-5 overflow-x-auto\" data-message-author-role=\"assistant\" data-message-id=\"fe82b406-e26b-4b64-a1c4-2497dd520dd2\">\n<div class=\"markdown prose w-full break-words dark:prose-invert dark\">\n<p><strong>Fedezze fel a Tuya Pro 2 elektromos rollert, mely magas teljes\u00edtm\u00e9ny\u0171 \u00e9s sz\u00e1mos leny\u0171g\u00f6z\u0151 tulajdons\u00e1ggal b\u00fcszk\u00e9lkedhet:<\/strong><\/p>\n<ul>\n<li><strong>20km-es Utaz\u00e1si Kapacit\u00e1s:<\/strong> A roller 20 kilom\u00e9teres hat\u00f3t\u00e1vols\u00e1ga r\u00e9v\u00e9n tov\u00e1bbi vezet\u00e9si lehet\u0151s\u00e9geket k\u00edn\u00e1l.<\/li>\n<li><strong>Okos Alkalmaz\u00e1svez\u00e9rl\u00e9s:<\/strong> Az AovoPro alkalmaz\u00e1ssal k\u00f6nnyed\u00e9n z\u00e1rhat\u00f3 \u00e9s nyithat\u00f3 a roller, valamint k\u00f6vethet\u0151 a sebess\u00e9g, az akkumul\u00e1tor \u00e1llapota, \u00e9s a teljes\u00edtm\u00e9ny. Ezen fel\u00fcl, szab\u00e1lyozhat\u00f3 a vil\u00e1g\u00edt\u00e1s, be\u00e1ll\u00edthat\u00f3 az automatikus kikapcsol\u00e1si id\u0151, \u00e9s v\u00e1laszthat a n\u00e9gy sebess\u00e9gfokozat k\u00f6z\u00fcl.<\/li>\n<li><strong>Gyors Halad\u00e1s:<\/strong> A roller 31km\/h-\u00e1s maxim\u00e1lis sebess\u00e9g\u00e9vel \u00e9s n\u00e9gy k\u00fcl\u00f6nb\u00f6z\u0151 sebess\u00e9gfokozattal (6KM\/H, 15KM\/H, 20KM\/H, 25KM\/H) szab\u00e1lyozhat\u00f3 a temp\u00f3.<\/li>\n<li><strong>Massz\u00edv Kialak\u00edt\u00e1s:<\/strong> Az alum\u00ednium \u00f6tv\u00f6zetb\u0151l k\u00e9sz\u00fclt, 120KG teherb\u00edr\u00e1s\u00fa roller er\u0151s \u00e9s strapab\u00edr\u00f3. Egy 350W-os motor hajtja, amely k\u00e9pes ak\u00e1r 20 fokos emelked\u0151k megm\u00e1sz\u00e1s\u00e1ra is.<\/li>\n<li><strong>Biztons\u00e1g Els\u0151dlegesen:<\/strong> A kett\u0151s f\u00e9krendszer (elektromos els\u0151 f\u00e9k \u00e9s h\u00e1ts\u00f3 t\u00e1rcsaf\u00e9k) garant\u00e1lja a gyors \u00e9s biztons\u00e1gos meg\u00e1ll\u00e1st. A roller IP65 v\u00e9delmi besorol\u00e1ssal rendelkezik.<\/li>\n<li><strong>K\u00f6nnyen Hordozhat\u00f3:<\/strong> A roller 3 m\u00e1sodperc alatt \u00f6sszecsukhat\u00f3 a k\u00f6nnyebb t\u00e1rol\u00e1s \u00e9s sz\u00e1ll\u00edt\u00e1s \u00e9rdek\u00e9ben, 12,5KG s\u00faly\u00e1val \u00e9s megb\u00edzhat\u00f3 \u00f6sszecsukhat\u00f3 mechanizmussal.<\/li>\n<li><strong>\u00c9lvezetes Vezet\u00e9si \u00c9lm\u00e9ny:<\/strong> Olyan funkci\u00f3k, mint a hangos f\u00e9m cseng\u0151, a sz\u00ednes LCD kijelz\u0151 \u00e9s a tempomat, \u00e9lvezetess\u00e9 teszik az utaz\u00e1st.<\/li>\n<li><strong>K\u00e9nyelmes \u00e9s Defektmentes Utaz\u00e1s:<\/strong> Az 8,5 h\u00fcvelykes cs\u00fasz\u00e1sg\u00e1tl\u00f3, t\u00f6m\u00f6r m\u00e9zgabor\u00edt\u00e1s\u00fa, defektmentes gumik biztos\u00edtj\u00e1k a k\u00e9nyelmes utaz\u00e1st.<\/li>\n<\/ul>\n<\/div>\n<\/div>\n<\/div>\n","protected":false},"excerpt":{"rendered":"<div class=\"flex flex-grow flex-col max-w-full gap-3 gizmo:gap-0\">\n<div class=\"min-h-[20px] text-message peer flex flex-col items-start gap-3 whitespace-pre-wrap break-words peer-[.text-message]:mt-5 overflow-x-auto\" data-message-author-role=\"assistant\" data-message-id=\"7f7da77a-26cd-4499-a268-85510afce9d5\">\n<div class=\"markdown prose w-full break-words dark:prose-invert dark\">\n<p>A Tuya Pro 2 egy olyan elektromos roller, amely mag\u00e1ban foglalja a leny\u0171g\u00f6z\u0151 gyorsas\u00e1got, a hossz\u00fa \u00e9lettartamot, a magas szint\u0171 biztons\u00e1got \u00e9s a fejlett technol\u00f3gi\u00e1s funkci\u00f3kat, \u00edgy egyed\u00fcl\u00e1ll\u00f3an kiv\u00e1l\u00f3 min\u0151s\u00e9g\u0171 vezet\u00e9si \u00e9lm\u00e9nyt k\u00edn\u00e1l.<\/p>\n<\/div>\n<\/div>\n<\/div>\n","protected":false},"featured_media":721,"comment_status":"open","ping_status":"closed","template":"","meta":{"_acf_changed":false},"product_brand":[],"product_cat":[20,15,34],"product_tag":[],"class_list":{"0":"post-720","1":"product","2":"type-product","3":"status-publish","4":"has-post-thumbnail","6":"product_cat-hetvegi-rollerek","7":"product_cat-rollerek","8":"product_cat-tuya","10":"first","11":"outofstock","12":"sale","13":"shipping-taxable","14":"purchasable","15":"product-type-simple"},"acf":[],"_links":{"self":[{"href":"https:\/\/roll-market.com\/hu\/wp-json\/wp\/v2\/product\/720","targetHints":{"allow":["GET"]}}],"collection":[{"href":"https:\/\/roll-market.com\/hu\/wp-json\/wp\/v2\/product"}],"about":[{"href":"https:\/\/roll-market.com\/hu\/wp-json\/wp\/v2\/types\/product"}],"replies":[{"embeddable":true,"href":"https:\/\/roll-market.com\/hu\/wp-json\/wp\/v2\/comments?post=720"}],"wp:featuredmedia":[{"embeddable":true,"href":"https:\/\/roll-market.com\/hu\/wp-json\/wp\/v2\/media\/721"}],"wp:attachment":[{"href":"https:\/\/roll-market.com\/hu\/wp-json\/wp\/v2\/media?parent=720"}],"wp:term":[{"taxonomy":"product_brand","embeddable":true,"href":"https:\/\/roll-market.com\/hu\/wp-json\/wp\/v2\/product_brand?post=720"},{"taxonomy":"product_cat","embeddable":true,"href":"https:\/\/roll-market.com\/hu\/wp-json\/wp\/v2\/product_cat?post=720"},{"taxonomy":"product_tag","embeddable":true,"href":"https:\/\/roll-market.com\/hu\/wp-json\/wp\/v2\/product_tag?post=720"}],"curies":[{"name":"wp","href":"https:\/\/api.w.org\/{rel}","templated":true}]}}