{"id":392,"date":"2023-10-31T17:55:20","date_gmt":"2023-10-31T16:55:20","guid":{"rendered":"http:\/\/134.122.69.219\/?post_type=product&#038;p=392"},"modified":"2025-05-05T10:30:36","modified_gmt":"2025-05-05T08:30:36","slug":"joyor-s10-s","status":"publish","type":"product","link":"https:\/\/roll-market.com\/hu\/termek\/joyor-s10-s\/","title":{"rendered":"JOYOR-S10-S 2X1000W 18AH"},"content":{"rendered":"<p>A Joyor S10-S egy meglehet\u0151sen massz\u00edv roller, amely els\u0151 \u00e9s h\u00e1ts\u00f3 hidraulikus t\u00e1rcsaf\u00e9kekkel, valamint dupla els\u0151 \u00e9s h\u00e1ts\u00f3 felf\u00fcggeszt\u00e9ssel rendelkezik. Ez a kialak\u00edt\u00e1s garant\u00e1lja a sima \u00e9s biztons\u00e1gos utaz\u00e1st ak\u00e1r egyenetlen terepen is. Az els\u0151 \u00e9s h\u00e1ts\u00f3 l\u00e1mp\u00e1k megvil\u00e1g\u00edt\u00e1st ny\u00fajtanak az \u00e9jszakai vezet\u00e9s sor\u00e1n, mely sokban hozz\u00e1j\u00e1rul a magabiztos \u00e9s gondtalan utaz\u00e1shoz, ak\u00e1r s\u00f6t\u00e9ted\u00e9s ut\u00e1n is.<\/p>\n","protected":false},"excerpt":{"rendered":"<p>A Joyor S10-S egy rendk\u00edv\u00fcl er\u0151s \u00e9s robosztus roller, amelyet k\u00e9t darab 1000 W-os motor hajt. K\u00e9pes ak\u00e1r 70-85 kilom\u00e9teres t\u00e1vols\u00e1got is megtenni, mik\u00f6zben el\u00e9rheti a 65 km\/\u00f3r\u00e1s cs\u00facssebess\u00e9get is.<\/p>\n","protected":false},"featured_media":394,"comment_status":"open","ping_status":"closed","template":"","meta":{"_acf_changed":false},"product_brand":[],"product_cat":[15,17,21],"product_tag":[],"class_list":{"0":"post-392","1":"product","2":"type-product","3":"status-publish","4":"has-post-thumbnail","6":"product_cat-rollerek","7":"product_cat-joyor","8":"product_cat-performance-rollerek","10":"first","11":"outofstock","12":"sale","13":"shipping-taxable","14":"purchasable","15":"product-type-simple"},"acf":[],"_links":{"self":[{"href":"https:\/\/roll-market.com\/hu\/wp-json\/wp\/v2\/product\/392","targetHints":{"allow":["GET"]}}],"collection":[{"href":"https:\/\/roll-market.com\/hu\/wp-json\/wp\/v2\/product"}],"about":[{"href":"https:\/\/roll-market.com\/hu\/wp-json\/wp\/v2\/types\/product"}],"replies":[{"embeddable":true,"href":"https:\/\/roll-market.com\/hu\/wp-json\/wp\/v2\/comments?post=392"}],"wp:featuredmedia":[{"embeddable":true,"href":"https:\/\/roll-market.com\/hu\/wp-json\/wp\/v2\/media\/394"}],"wp:attachment":[{"href":"https:\/\/roll-market.com\/hu\/wp-json\/wp\/v2\/media?parent=392"}],"wp:term":[{"taxonomy":"product_brand","embeddable":true,"href":"https:\/\/roll-market.com\/hu\/wp-json\/wp\/v2\/product_brand?post=392"},{"taxonomy":"product_cat","embeddable":true,"href":"https:\/\/roll-market.com\/hu\/wp-json\/wp\/v2\/product_cat?post=392"},{"taxonomy":"product_tag","embeddable":true,"href":"https:\/\/roll-market.com\/hu\/wp-json\/wp\/v2\/product_tag?post=392"}],"curies":[{"name":"wp","href":"https:\/\/api.w.org\/{rel}","templated":true}]}}