{"id":380,"date":"2023-10-31T18:49:07","date_gmt":"2023-10-31T16:49:07","guid":{"rendered":"http:\/\/134.122.69.219\/?post_type=product&#038;p=380"},"modified":"2026-04-18T11:57:10","modified_gmt":"2026-04-18T09:57:10","slug":"kugoo-kirin-g2-pro-600w-15ah-45km-h","status":"publish","type":"product","link":"https:\/\/roll-market.com\/hu\/termek\/kugoo-kirin-g2-pro-600w-15ah-45km-h\/","title":{"rendered":"KUKIRIN G2 PRO 2.0 600W 15AH 45KM\/H 2026"},"content":{"rendered":"<p>Teljes hossza 120 cm, maxim\u00e1lis magass\u00e1ga pedig 128 cm, s\u00falya mind\u00f6ssze 24 kg (\u00fcl\u00e9s n\u00e9lk\u00fcl), ami lehet\u0151v\u00e9 teszi k\u00f6nnyed felemel\u00e9s\u00e9t egyed\u00fcl is. K\u00e9nyelmesen elf\u00e9r p\u00e9ld\u00e1ul a csomagtart\u00f3ban \u00e9s sz\u00fcks\u00e9g eset\u00e9n k\u00f6nnyed\u00e9n felvihet\u0151 n\u00e9h\u00e1ny l\u00e9pcs\u0151fokot. Terhelhet\u0151s\u00e9ge meglehet\u0151sen j\u00f3, a gy\u00e1ri adatok szerint ak\u00e1r 120 kg s\u00falyt is elb\u00edr. Az alum\u00ednium v\u00e1zszerkezet strapab\u00edr\u00f3, el\u00f6l-h\u00e1tul leng\u0151karos felf\u00fcggeszt\u00e9ssel, mely rendk\u00edv\u00fcl hasznos hosszabb utak megt\u00e9tele sor\u00e1n mind v\u00e1rosi, mind terep k\u00f6rnyezetben egyar\u00e1nt.<\/p>\n","protected":false},"excerpt":{"rendered":"<p>A Kugoo Kirin G2 PRO egy igaz\u00e1n massz\u00edv elektromos roller. 600 W-os motorja \u00e9s 15 Ah-s akkumul\u00e1tora lehet\u0151v\u00e9 teszi az ak\u00e1r 55 km-es hat\u00f3t\u00e1vot, valamint a 45 km\/h-s sebess\u00e9get is.<\/p>\n","protected":false},"featured_media":4130,"comment_status":"open","ping_status":"closed","template":"","meta":{"_acf_changed":false},"product_brand":[],"product_cat":[15,18,21],"product_tag":[],"class_list":{"0":"post-380","1":"product","2":"type-product","3":"status-publish","4":"has-post-thumbnail","6":"product_cat-rollerek","7":"product_cat-kugoo","8":"product_cat-performance-rollerek","10":"first","11":"instock","12":"sale","13":"shipping-taxable","14":"purchasable","15":"product-type-simple"},"acf":[],"_links":{"self":[{"href":"https:\/\/roll-market.com\/hu\/wp-json\/wp\/v2\/product\/380","targetHints":{"allow":["GET"]}}],"collection":[{"href":"https:\/\/roll-market.com\/hu\/wp-json\/wp\/v2\/product"}],"about":[{"href":"https:\/\/roll-market.com\/hu\/wp-json\/wp\/v2\/types\/product"}],"replies":[{"embeddable":true,"href":"https:\/\/roll-market.com\/hu\/wp-json\/wp\/v2\/comments?post=380"}],"wp:featuredmedia":[{"embeddable":true,"href":"https:\/\/roll-market.com\/hu\/wp-json\/wp\/v2\/media\/4130"}],"wp:attachment":[{"href":"https:\/\/roll-market.com\/hu\/wp-json\/wp\/v2\/media?parent=380"}],"wp:term":[{"taxonomy":"product_brand","embeddable":true,"href":"https:\/\/roll-market.com\/hu\/wp-json\/wp\/v2\/product_brand?post=380"},{"taxonomy":"product_cat","embeddable":true,"href":"https:\/\/roll-market.com\/hu\/wp-json\/wp\/v2\/product_cat?post=380"},{"taxonomy":"product_tag","embeddable":true,"href":"https:\/\/roll-market.com\/hu\/wp-json\/wp\/v2\/product_tag?post=380"}],"curies":[{"name":"wp","href":"https:\/\/api.w.org\/{rel}","templated":true}]}}