{"id":366,"date":"2023-10-31T16:45:43","date_gmt":"2023-10-31T16:45:43","guid":{"rendered":"http:\/\/134.122.69.219\/?post_type=product&#038;p=366"},"modified":"2024-08-05T11:02:59","modified_gmt":"2024-08-05T10:02:59","slug":"kugoo-kirin-g3-pro-2x1200w-23ah-65km-h","status":"publish","type":"product","link":"https:\/\/roll-market.com\/hu\/termek\/kugoo-kirin-g3-pro-2x1200w-23ah-65km-h\/","title":{"rendered":"KUGOO KIRIN G3 PRO 2X1200W 23AH 65KM\/H"},"content":{"rendered":"<p>A G3 Pro kiemelked\u0151en kivitelezett modell. A G3 Pro optim\u00e1lis v\u00e1laszt\u00e1s azok sz\u00e1m\u00e1ra, akik tudj\u00e1k, hogy mit akarnak. Akiknek a rollerez\u00e9s nem csak k\u00f6zleked\u00e9s, de sz\u00f3rakoz\u00e1s is. Dupla motoros kivitelez\u00e9s\u00e9nek k\u00f6sz\u00f6nhet\u0151en k\u00e9pes olyan meredek emelked\u0151k\u00f6n is k\u00f6zlekedni, amelyekre nem is gondoln\u00e1l. A hidraulikus f\u00e9krendszer kiv\u00e1l\u00f3an m\u0171k\u00f6dik a dinamikus lass\u00edt\u00e1sok \u00e9s f\u00e9kez\u00e9sek sor\u00e1n. Leng\u00e9scsillap\u00edt\u00e1sa leny\u0171g\u00f6z\u0151 hat\u00e9konys\u00e1ggal m\u0171k\u00f6dik, mely k\u00f6nnyed\u00e9n veszi a r\u00e1z\u00f3sabb\u00a0terepek\u00a0kih\u00edv\u00e1sait.<\/p>\n","protected":false},"excerpt":{"rendered":"<p>A Kugoo Kirin G3 Pro terepj\u00e1r\u00f3 elektromos roller k\u00e9t 1200W-os motorral, 52V-os, 23.2Ah cser\u00e9lhet\u0151 akkumul\u00e1torral, 10 h\u00fcvelykes terepgumikkal, 80 km-es hat\u00f3t\u00e1vols\u00e1ggal \u00e9s 65 km\/h cs\u00facssebess\u00e9ggel rendelkezik.<\/p>\n","protected":false},"featured_media":374,"comment_status":"open","ping_status":"closed","template":"","meta":{"_acf_changed":false},"product_brand":[],"product_cat":[15,18,21],"product_tag":[],"class_list":{"0":"post-366","1":"product","2":"type-product","3":"status-publish","4":"has-post-thumbnail","6":"product_cat-rollerek","7":"product_cat-kugoo","8":"product_cat-performance-rollerek","10":"first","11":"outofstock","12":"sale","13":"shipping-taxable","14":"purchasable","15":"product-type-simple"},"acf":[],"_links":{"self":[{"href":"https:\/\/roll-market.com\/hu\/wp-json\/wp\/v2\/product\/366","targetHints":{"allow":["GET"]}}],"collection":[{"href":"https:\/\/roll-market.com\/hu\/wp-json\/wp\/v2\/product"}],"about":[{"href":"https:\/\/roll-market.com\/hu\/wp-json\/wp\/v2\/types\/product"}],"replies":[{"embeddable":true,"href":"https:\/\/roll-market.com\/hu\/wp-json\/wp\/v2\/comments?post=366"}],"wp:featuredmedia":[{"embeddable":true,"href":"https:\/\/roll-market.com\/hu\/wp-json\/wp\/v2\/media\/374"}],"wp:attachment":[{"href":"https:\/\/roll-market.com\/hu\/wp-json\/wp\/v2\/media?parent=366"}],"wp:term":[{"taxonomy":"product_brand","embeddable":true,"href":"https:\/\/roll-market.com\/hu\/wp-json\/wp\/v2\/product_brand?post=366"},{"taxonomy":"product_cat","embeddable":true,"href":"https:\/\/roll-market.com\/hu\/wp-json\/wp\/v2\/product_cat?post=366"},{"taxonomy":"product_tag","embeddable":true,"href":"https:\/\/roll-market.com\/hu\/wp-json\/wp\/v2\/product_tag?post=366"}],"curies":[{"name":"wp","href":"https:\/\/api.w.org\/{rel}","templated":true}]}}