{"id":357,"date":"2023-10-31T17:39:10","date_gmt":"2023-10-31T16:39:10","guid":{"rendered":"http:\/\/134.122.69.219\/?post_type=product&#038;p=357"},"modified":"2026-04-18T22:50:28","modified_gmt":"2026-04-18T20:50:28","slug":"kugoo-kirin-g2-max-1000w-20ah-55km-h","status":"publish","type":"product","link":"https:\/\/roll-market.com\/hu\/termek\/kugoo-kirin-g2-max-1000w-20ah-55km-h\/","title":{"rendered":"KUKIRIN G2 MAX 1000W 20AH 55KM\/H"},"content":{"rendered":"<p>A roller egyszer\u0171en t\u00e1rolhat\u00f3 \u00e9s sz\u00e1ll\u00edthat\u00f3 \u00f6sszecsukhat\u00f3 rendszer\u00e9nek k\u00f6sz\u00f6nhet\u0151en. A felf\u00fajhat\u00f3 gumik jobb tapad\u00e1st, els\u0151-h\u00e1ts\u00f3 leng\u00e9scsillap\u00edt\u00f3i k\u00e9nyelmesebb utaz\u00e1st biztos\u00edtanak.<\/p>\n","protected":false},"excerpt":{"rendered":"<p>A Kugoo G2 Max elektromos roller egy er\u0151teljes \u00e9s stabil roller, amely alkalmas hosszabb t\u00e1v\u00fa utaz\u00e1sokhoz is. Az 1000W-os motor \u00e9s a 20,0 Ah-s akkumul\u00e1tor lehet\u0151v\u00e9 teszi az ak\u00e1r 80 km-es hat\u00f3t\u00e1vols\u00e1got is.<\/p>\n","protected":false},"featured_media":365,"comment_status":"open","ping_status":"closed","template":"","meta":{"_acf_changed":false},"product_brand":[],"product_cat":[15,18,21],"product_tag":[],"class_list":{"0":"post-357","1":"product","2":"type-product","3":"status-publish","4":"has-post-thumbnail","6":"product_cat-rollerek","7":"product_cat-kugoo","8":"product_cat-performance-rollerek","10":"first","11":"instock","12":"sale","13":"shipping-taxable","14":"purchasable","15":"product-type-simple"},"acf":[],"_links":{"self":[{"href":"https:\/\/roll-market.com\/hu\/wp-json\/wp\/v2\/product\/357","targetHints":{"allow":["GET"]}}],"collection":[{"href":"https:\/\/roll-market.com\/hu\/wp-json\/wp\/v2\/product"}],"about":[{"href":"https:\/\/roll-market.com\/hu\/wp-json\/wp\/v2\/types\/product"}],"replies":[{"embeddable":true,"href":"https:\/\/roll-market.com\/hu\/wp-json\/wp\/v2\/comments?post=357"}],"wp:featuredmedia":[{"embeddable":true,"href":"https:\/\/roll-market.com\/hu\/wp-json\/wp\/v2\/media\/365"}],"wp:attachment":[{"href":"https:\/\/roll-market.com\/hu\/wp-json\/wp\/v2\/media?parent=357"}],"wp:term":[{"taxonomy":"product_brand","embeddable":true,"href":"https:\/\/roll-market.com\/hu\/wp-json\/wp\/v2\/product_brand?post=357"},{"taxonomy":"product_cat","embeddable":true,"href":"https:\/\/roll-market.com\/hu\/wp-json\/wp\/v2\/product_cat?post=357"},{"taxonomy":"product_tag","embeddable":true,"href":"https:\/\/roll-market.com\/hu\/wp-json\/wp\/v2\/product_tag?post=357"}],"curies":[{"name":"wp","href":"https:\/\/api.w.org\/{rel}","templated":true}]}}