{"id":343,"date":"2023-10-31T16:29:40","date_gmt":"2023-10-31T16:29:40","guid":{"rendered":"http:\/\/134.122.69.219\/?post_type=product&#038;p=343"},"modified":"2025-12-09T00:05:55","modified_gmt":"2025-12-08T22:05:55","slug":"aovo-pro-esmax-500w-145ah-35km-h","status":"publish","type":"product","link":"https:\/\/roll-market.com\/hu\/termek\/aovo-pro-esmax-500w-145ah-35km-h\/","title":{"rendered":"AOVO PRO ESMAX 500W 14,5AH 35KM\/H"},"content":{"rendered":"<p>Alkalmas hosszabb t\u00e1v\u00fa utaz\u00e1sokra is \u00e9s ide\u00e1lis azoknak, akiknek fontos a hat\u00f3t\u00e1vols\u00e1g. A leveg\u0151s gumiabroncsainak \u00e9s els\u0151-h\u00e1ts\u00f3 leng\u00e9scsillap\u00edt\u00e1s\u00e1nak k\u00f6sz\u00f6nhet\u0151en \u00e9lvezetesebb utaz\u00e1st biztos\u00edt. Az ESMAX \u00f6sszecsukhat\u00f3 rendszer\u00e9nek k\u00f6sz\u00f6nhet\u0151en k\u00f6nnyen sz\u00e1ll\u00edthat\u00f3 \u00e9s t\u00e1rolhat\u00f3 aut\u00f3ban \u00e9s t\u00f6megk\u00f6zleked\u00e9sen egyar\u00e1nt. \u00c9lvezd a hat\u00e1rok n\u00e9lk\u00fcli lehet\u0151s\u00e9geket \u00e9s \u00e9lj \u00e1t valami k\u00fcl\u00f6nlegeset az ESMAX seg\u00edts\u00e9g\u00e9vel.<\/p>\n","protected":false},"excerpt":{"rendered":"<p>Az Aovo Pro ESMAX rendk\u00edv\u00fcl k\u00f6nny\u0171 \u00e9s kompakt kialak\u00edt\u00e1s\u00e1nak k\u00f6sz\u00f6nhet\u0151en k\u00e9nyelmes haszn\u00e1latot biztos\u00edt nem csak v\u00e1rosi, de terep k\u00f6rnyezetben is.<\/p>\n","protected":false},"featured_media":346,"comment_status":"open","ping_status":"closed","template":"","meta":{"_acf_changed":false},"product_brand":[],"product_cat":[15,30,16,20],"product_tag":[],"class_list":{"0":"post-343","1":"product","2":"type-product","3":"status-publish","4":"has-post-thumbnail","6":"product_cat-rollerek","7":"product_cat-akcios-rollerek","8":"product_cat-aovo","9":"product_cat-hetvegi-rollerek","11":"first","12":"outofstock","13":"sale","14":"shipping-taxable","15":"purchasable","16":"product-type-simple"},"acf":[],"_links":{"self":[{"href":"https:\/\/roll-market.com\/hu\/wp-json\/wp\/v2\/product\/343","targetHints":{"allow":["GET"]}}],"collection":[{"href":"https:\/\/roll-market.com\/hu\/wp-json\/wp\/v2\/product"}],"about":[{"href":"https:\/\/roll-market.com\/hu\/wp-json\/wp\/v2\/types\/product"}],"replies":[{"embeddable":true,"href":"https:\/\/roll-market.com\/hu\/wp-json\/wp\/v2\/comments?post=343"}],"wp:featuredmedia":[{"embeddable":true,"href":"https:\/\/roll-market.com\/hu\/wp-json\/wp\/v2\/media\/346"}],"wp:attachment":[{"href":"https:\/\/roll-market.com\/hu\/wp-json\/wp\/v2\/media?parent=343"}],"wp:term":[{"taxonomy":"product_brand","embeddable":true,"href":"https:\/\/roll-market.com\/hu\/wp-json\/wp\/v2\/product_brand?post=343"},{"taxonomy":"product_cat","embeddable":true,"href":"https:\/\/roll-market.com\/hu\/wp-json\/wp\/v2\/product_cat?post=343"},{"taxonomy":"product_tag","embeddable":true,"href":"https:\/\/roll-market.com\/hu\/wp-json\/wp\/v2\/product_tag?post=343"}],"curies":[{"name":"wp","href":"https:\/\/api.w.org\/{rel}","templated":true}]}}