{"id":1751,"date":"2024-05-13T14:33:50","date_gmt":"2024-05-13T13:33:50","guid":{"rendered":"http:\/\/134.122.69.219\/?post_type=product&#038;p=1751"},"modified":"2024-08-05T10:39:44","modified_gmt":"2024-08-05T09:39:44","slug":"sixfox-ts07","status":"publish","type":"product","link":"https:\/\/roll-market.com\/hu\/termek\/sixfox-ts07\/","title":{"rendered":"Sixfox TS07 2024"},"content":{"rendered":"<p class=\"p1\">A TS07 elektromos roller egy kiv\u00e1l\u00f3an felszerelt v\u00e1rosi roller. Dupla leng\u00e9scsillap\u00edt\u00e1ssal \u00e9s ir\u00e1nyjelz\u0151vel is rendelkezik, ami kateg\u00f3ri\u00e1j\u00e1ban kiemelked\u0151.<\/p>\n<p class=\"p1\">Remek alternat\u00edva a t\u00f6megk\u00f6zleked\u00e9s kiv\u00e1lt\u00e1s\u00e1ra. A roller Bluetooth applik\u00e1ci\u00f3val rendelkezik \u00e9s \u00faj gener\u00e1ci\u00f3s akkumul\u00e1tora gondoskodik a hat\u00f3t\u00e1vr\u00f3l.<\/p>\n","protected":false},"excerpt":{"rendered":"<p class=\"p1\">A TS07 elektromos roller egy kiv\u00e1l\u00f3an felszerelt v\u00e1rosi roller. Dupla leng\u00e9scsillap\u00edt\u00e1ssal \u00e9s ir\u00e1nyjelz\u0151vel is rendelkezik, ami kateg\u00f3ri\u00e1j\u00e1ban kiemelked\u0151.<\/p>\n<p class=\"p1\">Remek alternat\u00edva a t\u00f6megk\u00f6zleked\u00e9s kiv\u00e1lt\u00e1s\u00e1ra. A roller Bluetooth applik\u00e1ci\u00f3val rendelkezik \u00e9s \u00faj gener\u00e1ci\u00f3s akkumul\u00e1tora gondoskodik a hat\u00f3t\u00e1vr\u00f3l.<\/p>\n","protected":false},"featured_media":1753,"comment_status":"open","ping_status":"closed","template":"","meta":{"_acf_changed":false},"product_brand":[],"product_cat":[30,15,20],"product_tag":[],"class_list":{"0":"post-1751","1":"product","2":"type-product","3":"status-publish","4":"has-post-thumbnail","6":"product_cat-akcios-rollerek","7":"product_cat-rollerek","8":"product_cat-hetvegi-rollerek","10":"first","11":"outofstock","12":"sale","13":"shipping-taxable","14":"purchasable","15":"product-type-simple"},"acf":[],"_links":{"self":[{"href":"https:\/\/roll-market.com\/hu\/wp-json\/wp\/v2\/product\/1751","targetHints":{"allow":["GET"]}}],"collection":[{"href":"https:\/\/roll-market.com\/hu\/wp-json\/wp\/v2\/product"}],"about":[{"href":"https:\/\/roll-market.com\/hu\/wp-json\/wp\/v2\/types\/product"}],"replies":[{"embeddable":true,"href":"https:\/\/roll-market.com\/hu\/wp-json\/wp\/v2\/comments?post=1751"}],"wp:featuredmedia":[{"embeddable":true,"href":"https:\/\/roll-market.com\/hu\/wp-json\/wp\/v2\/media\/1753"}],"wp:attachment":[{"href":"https:\/\/roll-market.com\/hu\/wp-json\/wp\/v2\/media?parent=1751"}],"wp:term":[{"taxonomy":"product_brand","embeddable":true,"href":"https:\/\/roll-market.com\/hu\/wp-json\/wp\/v2\/product_brand?post=1751"},{"taxonomy":"product_cat","embeddable":true,"href":"https:\/\/roll-market.com\/hu\/wp-json\/wp\/v2\/product_cat?post=1751"},{"taxonomy":"product_tag","embeddable":true,"href":"https:\/\/roll-market.com\/hu\/wp-json\/wp\/v2\/product_tag?post=1751"}],"curies":[{"name":"wp","href":"https:\/\/api.w.org\/{rel}","templated":true}]}}