{"id":142,"date":"2023-10-29T15:04:54","date_gmt":"2023-10-29T13:04:54","guid":{"rendered":"http:\/\/134.122.69.219\/?post_type=product&#038;p=142"},"modified":"2026-04-18T11:55:05","modified_gmt":"2026-04-18T09:55:05","slug":"aovo-es80","status":"publish","type":"product","link":"https:\/\/roll-market.com\/hu\/termek\/aovo-es80\/","title":{"rendered":"AOVO ES80 350W 10.5AH 31KM\/H 2025"},"content":{"rendered":"<p>Rep\u00fcl\u0151g\u00e9p min\u0151s\u00e9g\u0171 alum\u00ednium szerkezet\u00e9nek k\u00f6sz\u00f6nhet\u0151en nem csak a v\u00e1rosi haszn\u00e1lat sor\u00e1n \u00e1ll helyt, de kiv\u00e1l\u00f3an veszi a r\u00e1z\u00f3sabb utak kih\u00edv\u00e1sait is. Mindemellett es\u0151s napokon is j\u00f3 v\u00e1laszt\u00e1s, hiszen IP64-es kivitele biztos\u00edtja a nedves id\u0151vel szemben val\u00f3 remek helyt\u00e1ll\u00e1st. Az akkumul\u00e1tor kapacit\u00e1sa ak\u00e1r 35 km-es hat\u00f3t\u00e1vols\u00e1got is biztos\u00edt egyetlen felt\u00f6lt\u00e9ssel. A roller \u00f6sszecsukhat\u00f3, \u00edgy k\u00f6nnyed\u00e9n sz\u00e1ll\u00edthat\u00f3 \u00e9s t\u00e1rolhat\u00f3.<\/p>\n","protected":false},"excerpt":{"rendered":"<div class=\"product__description rte quick-add-hidden\">Az Aovo ProES80 M365 elektromos roller k\u00f6nnyed\u00e9n kezelhet\u0151 \u00e9s n\u00e9pszer\u0171 k\u00f6zleked\u00e9si eszk\u00f6z. Er\u0151s motorral rendelkezik, amely ak\u00e1r 31 km\/h sebess\u00e9gre is k\u00e9pes felgyorsulni.<\/div>\n","protected":false},"featured_media":143,"comment_status":"open","ping_status":"closed","template":"","meta":{"_acf_changed":false},"product_brand":[],"product_cat":[15,16,20],"product_tag":[],"class_list":{"0":"post-142","1":"product","2":"type-product","3":"status-publish","4":"has-post-thumbnail","6":"product_cat-rollerek","7":"product_cat-aovo","8":"product_cat-hetvegi-rollerek","10":"first","11":"instock","12":"sale","13":"shipping-taxable","14":"purchasable","15":"product-type-simple"},"acf":[],"_links":{"self":[{"href":"https:\/\/roll-market.com\/hu\/wp-json\/wp\/v2\/product\/142","targetHints":{"allow":["GET"]}}],"collection":[{"href":"https:\/\/roll-market.com\/hu\/wp-json\/wp\/v2\/product"}],"about":[{"href":"https:\/\/roll-market.com\/hu\/wp-json\/wp\/v2\/types\/product"}],"replies":[{"embeddable":true,"href":"https:\/\/roll-market.com\/hu\/wp-json\/wp\/v2\/comments?post=142"}],"wp:featuredmedia":[{"embeddable":true,"href":"https:\/\/roll-market.com\/hu\/wp-json\/wp\/v2\/media\/143"}],"wp:attachment":[{"href":"https:\/\/roll-market.com\/hu\/wp-json\/wp\/v2\/media?parent=142"}],"wp:term":[{"taxonomy":"product_brand","embeddable":true,"href":"https:\/\/roll-market.com\/hu\/wp-json\/wp\/v2\/product_brand?post=142"},{"taxonomy":"product_cat","embeddable":true,"href":"https:\/\/roll-market.com\/hu\/wp-json\/wp\/v2\/product_cat?post=142"},{"taxonomy":"product_tag","embeddable":true,"href":"https:\/\/roll-market.com\/hu\/wp-json\/wp\/v2\/product_tag?post=142"}],"curies":[{"name":"wp","href":"https:\/\/api.w.org\/{rel}","templated":true}]}}