{"id":1068,"date":"2024-01-05T10:46:17","date_gmt":"2024-01-05T08:46:17","guid":{"rendered":"http:\/\/134.122.69.219\/?post_type=product&#038;p=1068"},"modified":"2026-04-20T11:48:38","modified_gmt":"2026-04-20T09:48:38","slug":"kugoo-kukirin-g4","status":"publish","type":"product","link":"https:\/\/roll-market.com\/hu\/termek\/kugoo-kukirin-g4\/","title":{"rendered":"KUKIRIN G4 2000W 20AH 70KM\/H 2026"},"content":{"rendered":"<p>A Kugoo KuKirin G4 h\u00e1ts\u00f3ker\u00e9k meghajt\u00e1sa \u00e9s a teleszk\u00f3pos felf\u00fcggeszt\u00e9se a neh\u00e9z terepen is kiv\u00e1l\u00f3 teljes\u00edtm\u00e9nyt ny\u00fajt. A padk\u00e1r\u00f3l val\u00f3 le- \u00e9s felhajt\u00e1s, valamint a villamoss\u00ednek \u00e9s egy\u00e9b akad\u00e1lyok sem jelentenek probl\u00e9m\u00e1t sz\u00e1m\u00e1ra. Az els\u0151 l\u00e1mp\u00e1ja hat\u00e9kony vil\u00e1g\u00edt\u00e1st biztos\u00edt, m\u00edg a kieg\u00e9sz\u00edt\u0151 l\u00e1mp\u00e1k \u00e9jszakai haszn\u00e1lat sor\u00e1n j\u00f3l l\u00e1that\u00f3v\u00e1 teszik a rollert.<\/p>\n","protected":false},"excerpt":{"rendered":"<p>Kit\u0171n\u0151 v\u00e1laszt\u00e1s v\u00e1rosi \u00e9s vid\u00e9ki k\u00f6zleked\u00e9shez a Kugoo KIRIN G4, mivel gyors, er\u0151s, dinamikus \u00e9s strapab\u00edr\u00f3. A roller m\u00e9ret\u00e9ben a fels\u0151 k\u00f6z\u00e9pkateg\u00f3ri\u00e1ba tartozik.<\/p>\n","protected":false},"featured_media":7561,"comment_status":"open","ping_status":"closed","template":"","meta":{"_acf_changed":false},"product_brand":[],"product_cat":[15,18,21],"product_tag":[],"class_list":{"0":"post-1068","1":"product","2":"type-product","3":"status-publish","4":"has-post-thumbnail","6":"product_cat-rollerek","7":"product_cat-kugoo","8":"product_cat-performance-rollerek","10":"first","11":"outofstock","12":"sale","13":"shipping-taxable","14":"purchasable","15":"product-type-simple"},"acf":[],"_links":{"self":[{"href":"https:\/\/roll-market.com\/hu\/wp-json\/wp\/v2\/product\/1068","targetHints":{"allow":["GET"]}}],"collection":[{"href":"https:\/\/roll-market.com\/hu\/wp-json\/wp\/v2\/product"}],"about":[{"href":"https:\/\/roll-market.com\/hu\/wp-json\/wp\/v2\/types\/product"}],"replies":[{"embeddable":true,"href":"https:\/\/roll-market.com\/hu\/wp-json\/wp\/v2\/comments?post=1068"}],"wp:featuredmedia":[{"embeddable":true,"href":"https:\/\/roll-market.com\/hu\/wp-json\/wp\/v2\/media\/7561"}],"wp:attachment":[{"href":"https:\/\/roll-market.com\/hu\/wp-json\/wp\/v2\/media?parent=1068"}],"wp:term":[{"taxonomy":"product_brand","embeddable":true,"href":"https:\/\/roll-market.com\/hu\/wp-json\/wp\/v2\/product_brand?post=1068"},{"taxonomy":"product_cat","embeddable":true,"href":"https:\/\/roll-market.com\/hu\/wp-json\/wp\/v2\/product_cat?post=1068"},{"taxonomy":"product_tag","embeddable":true,"href":"https:\/\/roll-market.com\/hu\/wp-json\/wp\/v2\/product_tag?post=1068"}],"curies":[{"name":"wp","href":"https:\/\/api.w.org\/{rel}","templated":true}]}}