{"id":1061,"date":"2024-01-05T10:33:54","date_gmt":"2024-01-05T08:33:54","guid":{"rendered":"http:\/\/134.122.69.219\/?post_type=product&#038;p=1061"},"modified":"2026-04-18T12:01:52","modified_gmt":"2026-04-18T10:01:52","slug":"kugoo-kukirin-g2-master","status":"publish","type":"product","link":"https:\/\/roll-market.com\/hu\/termek\/kugoo-kukirin-g2-master\/","title":{"rendered":"KuKirin G2 Master dual 2x1000W 20.8AH 2026"},"content":{"rendered":"<p>A KUGOO KuKirin G2 Master roller rendelkezik er\u0151teljes dupla hajt\u00e1ssal \u00e9s teleszk\u00f3pos felf\u00fcggeszt\u00e9ssel, \u00edgy b\u00e1rmilyen terepen k\u00f6nnyed\u00e9n helyt \u00e1ll. Az el\u0151l elhelyezett l\u00e1mpa kiv\u00e1l\u00f3 vil\u00e1g\u00edt\u00e1st biztos\u00edt, m\u00edg a kieg\u00e9sz\u00edt\u0151 l\u00e1mp\u00e1k \u00e9jszaka is j\u00f3l l\u00e1that\u00f3v\u00e1 teszik a rollert. A KUKIRIN G2 MASTER ide\u00e1lis v\u00e1laszt\u00e1s azoknak, akik olyan elektromos rollert keresnek, amely minden kih\u00edv\u00e1st k\u00f6nnyed\u00e9n vesz.<\/p>\n","protected":false},"excerpt":{"rendered":"<p>Azon gondolkodik, hogy milyen elektromos rollert v\u00e1lasszon, amely er\u0151s, gyors \u00e9s dinamikus? Olyan rollert keres, amely k\u00f6nnyed\u00e9n megbirk\u00f3zik a durva tereppel \u00e9s az akad\u00e1lyokkal teli utc\u00e1kkal? Ha igen, akkor a KUKIRIN G2 MASTER ide\u00e1lis v\u00e1laszt\u00e1s lehet \u00d6nnek!<\/p>\n","protected":false},"featured_media":5776,"comment_status":"open","ping_status":"closed","template":"","meta":{"_acf_changed":false},"product_brand":[],"product_cat":[15,18,21],"product_tag":[],"class_list":{"0":"post-1061","1":"product","2":"type-product","3":"status-publish","4":"has-post-thumbnail","6":"product_cat-rollerek","7":"product_cat-kugoo","8":"product_cat-performance-rollerek","10":"first","11":"instock","12":"sale","13":"shipping-taxable","14":"purchasable","15":"product-type-simple"},"acf":[],"_links":{"self":[{"href":"https:\/\/roll-market.com\/hu\/wp-json\/wp\/v2\/product\/1061","targetHints":{"allow":["GET"]}}],"collection":[{"href":"https:\/\/roll-market.com\/hu\/wp-json\/wp\/v2\/product"}],"about":[{"href":"https:\/\/roll-market.com\/hu\/wp-json\/wp\/v2\/types\/product"}],"replies":[{"embeddable":true,"href":"https:\/\/roll-market.com\/hu\/wp-json\/wp\/v2\/comments?post=1061"}],"wp:featuredmedia":[{"embeddable":true,"href":"https:\/\/roll-market.com\/hu\/wp-json\/wp\/v2\/media\/5776"}],"wp:attachment":[{"href":"https:\/\/roll-market.com\/hu\/wp-json\/wp\/v2\/media?parent=1061"}],"wp:term":[{"taxonomy":"product_brand","embeddable":true,"href":"https:\/\/roll-market.com\/hu\/wp-json\/wp\/v2\/product_brand?post=1061"},{"taxonomy":"product_cat","embeddable":true,"href":"https:\/\/roll-market.com\/hu\/wp-json\/wp\/v2\/product_cat?post=1061"},{"taxonomy":"product_tag","embeddable":true,"href":"https:\/\/roll-market.com\/hu\/wp-json\/wp\/v2\/product_tag?post=1061"}],"curies":[{"name":"wp","href":"https:\/\/api.w.org\/{rel}","templated":true}]}}