{"id":593,"date":"2023-11-04T11:07:04","date_gmt":"2023-11-04T11:07:04","guid":{"rendered":"http:\/\/134.122.69.219\/?page_id=593"},"modified":"2023-11-04T11:21:46","modified_gmt":"2023-11-04T11:21:46","slug":"cookie-nyilatkozat","status":"publish","type":"page","link":"https:\/\/roll-market.com\/hu\/cookie-nyilatkozat\/","title":{"rendered":"Cookie Nyilatkozat"},"content":{"rendered":"\t\t<div data-elementor-type=\"wp-page\" data-elementor-id=\"593\" class=\"elementor elementor-593\" data-elementor-post-type=\"page\">\n\t\t\t\t\t\t<section class=\"elementor-section elementor-top-section elementor-element elementor-element-e72e08f elementor-section-stretched elementor-section-content-middle elementor-section-boxed elementor-section-height-default elementor-section-height-default\" data-id=\"e72e08f\" data-element_type=\"section\" data-settings=\"{&quot;stretch_section&quot;:&quot;section-stretched&quot;,&quot;jet_parallax_layout_list&quot;:[{&quot;jet_parallax_layout_image&quot;:{&quot;url&quot;:&quot;&quot;,&quot;id&quot;:&quot;&quot;,&quot;size&quot;:&quot;&quot;},&quot;_id&quot;:&quot;9d879cb&quot;,&quot;jet_parallax_layout_speed&quot;:{&quot;unit&quot;:&quot;%&quot;,&quot;size&quot;:50,&quot;sizes&quot;:[]},&quot;jet_parallax_layout_image_tablet&quot;:{&quot;url&quot;:&quot;&quot;,&quot;id&quot;:&quot;&quot;,&quot;size&quot;:&quot;&quot;},&quot;jet_parallax_layout_image_mobile&quot;:{&quot;url&quot;:&quot;&quot;,&quot;id&quot;:&quot;&quot;,&quot;size&quot;:&quot;&quot;},&quot;jet_parallax_layout_type&quot;:&quot;scroll&quot;,&quot;jet_parallax_layout_direction&quot;:&quot;1&quot;,&quot;jet_parallax_layout_fx_direction&quot;:null,&quot;jet_parallax_layout_z_index&quot;:&quot;&quot;,&quot;jet_parallax_layout_bg_x&quot;:50,&quot;jet_parallax_layout_bg_x_tablet&quot;:&quot;&quot;,&quot;jet_parallax_layout_bg_x_mobile&quot;:&quot;&quot;,&quot;jet_parallax_layout_bg_y&quot;:50,&quot;jet_parallax_layout_bg_y_tablet&quot;:&quot;&quot;,&quot;jet_parallax_layout_bg_y_mobile&quot;:&quot;&quot;,&quot;jet_parallax_layout_bg_size&quot;:&quot;auto&quot;,&quot;jet_parallax_layout_bg_size_tablet&quot;:&quot;&quot;,&quot;jet_parallax_layout_bg_size_mobile&quot;:&quot;&quot;,&quot;jet_parallax_layout_animation_prop&quot;:&quot;transform&quot;,&quot;jet_parallax_layout_on&quot;:[&quot;desktop&quot;,&quot;tablet&quot;]}],&quot;background_background&quot;:&quot;classic&quot;}\">\n\t\t\t\t\t\t<div class=\"elementor-container elementor-column-gap-default\">\n\t\t\t\t\t<div class=\"elementor-column elementor-col-100 elementor-top-column elementor-element elementor-element-cd72b9d\" data-id=\"cd72b9d\" data-element_type=\"column\">\n\t\t\t<div class=\"elementor-widget-wrap elementor-element-populated\">\n\t\t\t\t\t\t<div class=\"elementor-element elementor-element-4b9d87e elementor-widget elementor-widget-heading\" data-id=\"4b9d87e\" data-element_type=\"widget\" data-widget_type=\"heading.default\">\n\t\t\t\t<div class=\"elementor-widget-container\">\n\t\t\t\t\t<h1 class=\"elementor-heading-title elementor-size-default\">Cookie Nyilatkozat<\/h1>\t\t\t\t<\/div>\n\t\t\t\t<\/div>\n\t\t\t\t\t<\/div>\n\t\t<\/div>\n\t\t\t\t\t<\/div>\n\t\t<\/section>\n\t\t\t\t<section class=\"elementor-section elementor-top-section elementor-element elementor-element-6c59839 elementor-section-boxed elementor-section-height-default elementor-section-height-default\" data-id=\"6c59839\" data-element_type=\"section\" data-settings=\"{&quot;jet_parallax_layout_list&quot;:[]}\">\n\t\t\t\t\t\t<div class=\"elementor-container elementor-column-gap-default\">\n\t\t\t\t\t<div class=\"elementor-column elementor-col-100 elementor-top-column elementor-element elementor-element-0f22534\" data-id=\"0f22534\" data-element_type=\"column\">\n\t\t\t<div class=\"elementor-widget-wrap elementor-element-populated\">\n\t\t\t\t\t\t<div class=\"elementor-element elementor-element-f5e3c47 elementor-widget elementor-widget-text-editor\" data-id=\"f5e3c47\" data-element_type=\"widget\" data-widget_type=\"text-editor.default\">\n\t\t\t\t<div class=\"elementor-widget-container\">\n\t\t\t\t\t\t\t\t\t<h4><strong>FELT\u00c9TLEN\u00dcL SZ\u00dcKS\u00c9GES COOKIE-K:<\/strong><\/h4><p>A sz\u00fcks\u00e9ges cookie-k a rendszer m\u0171k\u00f6d\u00e9s\u00e9hez felt\u00e9tlen\u00fcl sz\u00fcks\u00e9gesek, azok n\u00e9lk\u00fcl a honlap nem haszn\u00e1lhat\u00f3 rendeltet\u00e9sszer\u0171en, a hr-rent jogos \u00e9rdek\u00e9nek \u00e9rv\u00e9nyes\u00edt\u00e9s\u00e9hez sz\u00fcks\u00e9ges a cookie-k haszn\u00e1lata. Ezek a cookie-k a felhaszn\u00e1l\u00f3 hozz\u00e1j\u00e1rul\u00e1sa n\u00e9lk\u00fcl haszn\u00e1lhat\u00f3k \u00e9s nem kapcsolhat\u00f3k ki.<\/p><p>Jogalap: GDPR 6.cikk (1) bekezd\u00e9s b) pont.<\/p><h4><strong>FUNKCI\u00d3 \u00c9S TELJES\u00cdTM\u00c9NY COOKIE-K<\/strong><\/h4><p>A funkci\u00f3 \u00e9s teljes\u00edtm\u00e9ny cookie-k nem felt\u00e9tlen\u00fcl sz\u00fcks\u00e9gesek a honlap haszn\u00e1lat\u00e1hoz, azonban ezek haszn\u00e1lat\u00e1val jobb felhaszn\u00e1l\u00f3i \u00e9lm\u00e9nyt tudunk ny\u00fajtani. Ezek a cookie-k \u00e1ltal\u00e1ban be\u00e1ll\u00edt\u00e1sokat, \u00e9s k\u00e9nyelmi funkci\u00f3kat biztos\u00edtanak a honlap szem\u00e9lyre szabottabb m\u0171k\u00f6d\u00e9s\u00e9hez (p\u00e9ld\u00e1ul a kiv\u00e1lasztott nyelv, vagy a megl\u00e1togatott oldal-t\u00edpus). A Funkcion\u00e1lis cookie-k haszn\u00e1lat\u00e1ra kiz\u00e1r\u00f3lag az \u00d6n hozz\u00e1j\u00e1rul\u00e1sa eset\u00e9n ker\u00fcl sor \u00e9s a hozz\u00e1j\u00e1rul\u00e1s\u00e1t az Adatv\u00e9delmi K\u00f6zpontban b\u00e1rmikor visszavonhatja a funcion\u00e1lis cookie-k kikapcsol\u00e1s\u00e1val. Ezek a s\u00fctik nem t\u00e1rolnak szem\u00e9lyes adatokat.<\/p><p>Jogalap: GDPR 6. cikk (1) bekezd\u00e9s f) pont.<\/p><p>\u00a0<\/p><div class=\"table-responsive\"><table class=\"table table-bordered table-striped\"><tbody><tr><td><p><b>Cookie neve<\/b><\/p><\/td><td><p><b>Cookie t\u00edpusa<\/b><\/p><\/td><td><p><b>Cookie azonos\u00edt\u00f3ja<\/b><\/p><\/td><td><p><b>Cookie szolg\u00e1ltat\u00f3<\/b><\/p><\/td><td><p><b>Cookie \u00e1ltal kezelt adatok<\/b><\/p><\/td><td><p><b>Cookie c\u00e9lja<\/b><\/p><\/td><td><p><b>Cookie \u00e9lettartama<\/b><\/p><\/td><\/tr><tr><td><p>WP function<\/p><\/td><td><p>Felt\u00e9tlen\u00fcl sz\u00fcks\u00e9ges s\u00fctik<\/p><\/td><td><p>wp-settings-{X}<\/p><\/td><td><p>WordPress<\/p><\/td><td><p>A funkci\u00f3k haszn\u00e1lat\u00e1hoz sz\u00fcks\u00e9ges.<\/p><\/td><td><p>Helyes m\u0171k\u00f6d\u00e9s.<\/p><\/td><td><p>1 \u00e9v<\/p><\/td><\/tr><tr><td><p>WP function<\/p><\/td><td><p>Felt\u00e9tlen\u00fcl sz\u00fcks\u00e9ges s\u00fctik<\/p><\/td><td><p>wp-settings-time-{X}<\/p><\/td><td><p>WordPress<\/p><\/td><td><p>A funkci\u00f3k haszn\u00e1lat\u00e1hoz sz\u00fcks\u00e9ges.<\/p><\/td><td><p>Helyes m\u0171k\u00f6d\u00e9s.<\/p><\/td><td><p>1 \u00e9v<\/p><\/td><\/tr><tr><td><p>WP function<\/p><\/td><td><p>Felt\u00e9tlen\u00fcl sz\u00fcks\u00e9ges s\u00fctik<\/p><\/td><td><p>wordpress_test_cookie<\/p><\/td><td><p>WordPress<\/p><\/td><td><p>A funkci\u00f3k haszn\u00e1lat\u00e1hoz sz\u00fcks\u00e9ges.<\/p><\/td><td><p>Helyes m\u0171k\u00f6d\u00e9s.<\/p><\/td><td><p>1 \u00e9v<\/p><\/td><\/tr><tr><td><p>WP GDPR<\/p><\/td><td><p>Felt\u00e9tlen\u00fcl sz\u00fcks\u00e9ges s\u00fctik<\/p><\/td><td><p>gdpr[allowed_cookies]<\/p><\/td><td><p>WordPress<\/p><\/td><td><p>Elfogad\u00e1s t\u00e9nye.<\/p><\/td><td><p>T\u00e1rolja azokat a cookie-kat, amelyeket a felhaszn\u00e1l\u00f3 enged\u00e9lyezett.<\/p><\/td><td><p>1 \u00e9v<\/p><\/td><\/tr><tr><td><p>WP GDPR<\/p><\/td><td><p>Felt\u00e9tlen\u00fcl sz\u00fcks\u00e9ges s\u00fctik<\/p><\/td><td><p>gdpr[consent_types]<\/p><\/td><td><p>WordPress<\/p><\/td><td><p>Elfogad\u00e1s t\u00e9nye.<\/p><\/td><td><p>Ez a s\u00fcti t\u00e1rolja, hogy mely t\u00e1j\u00e9koztat\u00e1sokat fogadta el a felhaszn\u00e1l\u00f3.<\/p><\/td><td><p>1 \u00e9v<\/p><\/td><\/tr><tr><td><p>WP GDPR<\/p><\/td><td><p>Felt\u00e9tlen\u00fcl sz\u00fcks\u00e9ges s\u00fctik<\/p><\/td><td><p>gdpr[privacy_bar]<\/p><\/td><td><p>WordPress<\/p><\/td><td><p>Elfogad\u00e1s t\u00e9nye.<\/p><\/td><td><p>S\u00fctik elfogad\u00e1s\u00e1nak betart\u00e1sa.<\/p><\/td><td><p>1 \u00e9v<\/p><\/td><\/tr><tr><td><p>WPML<\/p><\/td><td><p>Felt\u00e9tlen\u00fcl sz\u00fcks\u00e9ges s\u00fctik<\/p><\/td><td><p>_icl_current_language<\/p><\/td><td><p>WordPress<\/p><\/td><td><p>Nyelvi be\u00e1ll\u00edt\u00e1sok<\/p><\/td><td><p>Helyes m\u0171k\u00f6d\u00e9s.<\/p><\/td><td><p>1 nap<\/p><\/td><\/tr><tr><td><p>WPML<\/p><\/td><td><p>Felt\u00e9tlen\u00fcl sz\u00fcks\u00e9ges s\u00fctik<\/p><\/td><td><p>wpml_referer_url<\/p><\/td><td><p>WordPress<\/p><\/td><td><p>Kor\u00e1bban megtekintett oldal url<\/p><\/td><td><p>Helyes m\u0171k\u00f6d\u00e9s.<\/p><\/td><td><p>1 nap<\/p><\/td><\/tr><tr><td><p>Google Analytics<\/p><\/td><td><p>Funkci\u00f3 \u00e9s teljes\u00edtm\u00e9ny s\u00fcti<\/p><\/td><td><p>_ga<\/p><\/td><td><p>Google<\/p><\/td><td><p>Url, oldal c\u00edme, b\u00f6ng\u00e9sz\u0151 neve, b\u00f6ng\u00e9sz\u0151ablak m\u00e9rete, k\u00e9perny\u0151 m\u00e9rete, java, flash verzi\u00f3, lok\u00e1ci\u00f3, nyelv<\/p><\/td><td><p>Anonim statisztika<\/p><\/td><td><p>2 \u00e9v<\/p><\/td><\/tr><tr><td><p>Google Analytics<\/p><\/td><td><p>Funkci\u00f3 \u00e9s teljes\u00edtm\u00e9ny s\u00fcti<\/p><\/td><td><p>_gat<\/p><\/td><td><p>Google<\/p><\/td><td><p>Url, oldal c\u00edme, b\u00f6ng\u00e9sz\u0151 neve, b\u00f6ng\u00e9sz\u0151ablak m\u00e9rete, k\u00e9perny\u0151 m\u00e9rete, java, flash verzi\u00f3, lok\u00e1ci\u00f3, nyelv<\/p><\/td><td><p>Anonim statisztika<\/p><\/td><td><p>B\u00f6ng\u00e9sz\u0151 bez\u00e1r\u00e1skor t\u00f6rl\u0151dik<\/p><\/td><\/tr><tr><td><p>Google Analytics<\/p><\/td><td><p>Funkci\u00f3 \u00e9s teljes\u00edtm\u00e9ny s\u00fcti<\/p><\/td><td><p>_gid<\/p><\/td><td><p>Google<\/p><\/td><td><p>Url, oldal c\u00edme, b\u00f6ng\u00e9sz\u0151 neve, b\u00f6ng\u00e9sz\u0151ablak m\u00e9rete, k\u00e9perny\u0151 m\u00e9rete, java, flash verzi\u00f3, lok\u00e1ci\u00f3, nyelv<\/p><\/td><td><p>Anonim statisztika<\/p><\/td><td><p>1 nap<\/p><\/td><\/tr><\/tbody><\/table><\/div><div class=\"table-responsive\"><table class=\"table table-bordered table-striped\"><tbody><tr><td>Facebook<\/td><td>Funkci\u00f3 \u00e9s teljes\u00edtm\u00e9ny s\u00fctik<\/td><td>fr<\/td><td>Facebook<\/td><td>Felhaszn\u00e1l\u00f3- \u00e9s b\u00f6ng\u00e9sz\u0151azonos\u00edt\u00f3, id\u0151b\u00e9lyeg, egy\u00e9b adatok a facebook.com adatv\u00e9delmi nyilatkozata szerint<\/td><td>A Facebook els\u0151dleges hirdet\u00e9si cookie-ja, haszn\u00e1lat\u00e1val megjelen\u00edthet\u0151k, m\u00e9rhet\u0151k a hirdet\u00e9sek, illetve jav\u00edthat\u00f3 a relevanci\u00e1juk.<\/td><td>3 h\u00f3nap<\/td><\/tr><tr><td>Facebook<\/td><td>Funkci\u00f3 \u00e9s teljes\u00edtm\u00e9ny s\u00fctik<\/td><td>_fbp<\/td><td>Facebook<\/td><td>A Facebook haszn\u00e1lja, hogy hirdet\u00e9si term\u00e9keket ny\u00fajtson egy harmadik f\u00e9l sz\u00e1m\u00e1ra (pl. val\u00f3s idej\u0171 hirdet\u00e9sek)<\/td><td>A Facebook hirdet\u00e9si cookie-ja, haszn\u00e1lat\u00e1val megjelen\u00edthet\u0151k, m\u00e9rhet\u0151k a hirdet\u00e9sek, illetve jav\u00edthat\u00f3 a relevanci\u00e1juk.<\/td><td>3 h\u00f3nap<\/td><\/tr><tr><td>Facebook<\/td><td>Funkci\u00f3 \u00e9s teljes\u00edtm\u00e9ny s\u00fctik<\/td><td>act<\/td><td>Facebook<\/td><td>Id\u0151b\u00e9lyeg<\/td><td>Megk\u00fcl\u00f6nb\u00f6zteti az ugyanazon felhaszn\u00e1l\u00f3 sz\u00e1m\u00e1ra k\u00e9t, k\u00fcl\u00f6nb\u00f6z\u0151 id\u0151pontokban l\u00e9trehozott munkamenetet. A s\u00fcti \u00e9lettartama f\u00fcgg a \u201cMaradjak bejelentkezve\u201d opci\u00f3t\u00f3l. Ha ez az opci\u00f3 akt\u00edv akkor 90 nap, ha nem akkor a B\u00f6ng\u00e9sz\u0151 bez\u00e1r\u00e1skor t\u00f6rl\u0151dik a s\u00fcti<\/td><td>90 nap \/ B\u00f6ng\u00e9sz\u0151 bez\u00e1r\u00e1skor t\u00f6rl\u0151dik<\/td><\/tr><tr><td>Facebook<\/td><td>Funkci\u00f3 \u00e9s teljes\u00edtm\u00e9ny s\u00fctik<\/td><td>c_user<\/td><td>Facebook<\/td><td>A jelenleg bejelentkezett felhaszn\u00e1l\u00f3 felhaszn\u00e1l\u00f3i azonos\u00edt\u00f3j\u00e1t tartalmazza<\/td><td>Helyes m\u0171k\u00f6d\u00e9s. A s\u00fcti \u00e9lettartama f\u00fcgg a \u201cMaradjak bejelentkezve\u201d opci\u00f3t\u00f3l. Ha ez az opci\u00f3 akt\u00edv akkor 90 nap, ha nem akkor a B\u00f6ng\u00e9sz\u0151 bez\u00e1r\u00e1skor t\u00f6rl\u0151dik a s\u00fcti<\/td><td>90 nap \/ B\u00f6ng\u00e9sz\u0151 bez\u00e1r\u00e1skor t\u00f6rl\u0151dik<\/td><\/tr><tr><td>Facebook<\/td><td>Funkci\u00f3 \u00e9s teljes\u00edtm\u00e9ny s\u00fctik<\/td><td>datr<\/td><td>Facebook<\/td><td>V\u00e9letlenszer\u0171 Azonos\u00edt\u00f3<\/td><td>C\u00e9lja a b\u00f6ng\u00e9sz\u0151 azonos\u00edt\u00e1sa, amelyet a Facebook-hoz val\u00f3 csatlakoz\u00e1shoz haszn\u00e1lnak, a bejelentkezett felhaszn\u00e1l\u00f3t\u00f3l f\u00fcggetlen\u00fcl. Ez a s\u00fcti kulcsszerepet j\u00e1tszik a Facebook biztons\u00e1gi \u00e9s webhely-integrit\u00e1si funkci\u00f3iban.<\/td><td>2 \u00e9v<\/td><\/tr><tr><td>Facebook<\/td><td>Funkci\u00f3 \u00e9s teljes\u00edtm\u00e9ny s\u00fctik<\/td><td>locale<\/td><td>Facebook<\/td><td>A b\u00f6ng\u00e9sz\u0151ben utolj\u00e1ra bejelentkezett felhaszn\u00e1l\u00f3 hely\u00e9t.<\/td><td>A b\u00f6ng\u00e9sz\u0151ben utolj\u00e1ra bejelentkezett felhaszn\u00e1l\u00f3 hely\u00e9t.<\/td><td>1 h\u00e9t<\/td><\/tr><tr><td>Facebook<\/td><td>Funkci\u00f3 \u00e9s teljes\u00edtm\u00e9ny s\u00fctik<\/td><td>presence<\/td><td>Facebook<\/td><td>V\u00e9letlenszer\u0171 Azonos\u00edt\u00f3<\/td><td>A felhaszn\u00e1l\u00f3 cseveg\u00e9si \u00e1llapot\u00e1nak t\u00e1rol\u00e1s\u00e1ra szolg\u00e1l. P\u00e9ld\u00e1ul ha a chat nyitva van. Ez a s\u00fcti egy munkamenet-s\u00fcti.<\/td><td>B\u00f6ng\u00e9sz\u0151 bez\u00e1r\u00e1skor t\u00f6rl\u0151dik<\/td><\/tr><tr><td>Facebook<\/td><td>Funkci\u00f3 \u00e9s teljes\u00edtm\u00e9ny s\u00fctik<\/td><td>sb<\/td><td>Facebook<\/td><td>A Chat funkci\u00f3k haszn\u00e1lat\u00e1hoz sz\u00fcks\u00e9ges.<\/td><td>A Chat funkci\u00f3k haszn\u00e1lat\u00e1hoz sz\u00fcks\u00e9ges.<\/td><td>2 \u00e9v<\/td><\/tr><tr><td>Facebook<\/td><td>Funkci\u00f3 \u00e9s teljes\u00edtm\u00e9ny s\u00fctik<\/td><td>spin<\/td><td>Facebook<\/td><td>A Chat funkci\u00f3k haszn\u00e1lat\u00e1hoz sz\u00fcks\u00e9ges.<\/td><td>A Chat funkci\u00f3k haszn\u00e1lat\u00e1hoz sz\u00fcks\u00e9ges.<\/td><td>1 nap<\/td><\/tr><tr><td>Facebook<\/td><td>Funkci\u00f3 \u00e9s teljes\u00edtm\u00e9ny s\u00fctik<\/td><td>wd<\/td><td>Facebook<\/td><td>T\u00e1rolja b\u00f6ng\u00e9sz\u0151ablak m\u00e9reteit<\/td><td>Facebook haszn\u00e1lja az oldal megjelen\u00edt\u00e9s\u00e9nek optimaliz\u00e1l\u00e1s\u00e1ra.<\/td><td>1 h\u00e9t<\/td><\/tr><tr><td>Facebook<\/td><td>Funkci\u00f3 \u00e9s teljes\u00edtm\u00e9ny s\u00fctik<\/td><td>xs<\/td><td>Facebook<\/td><td>Munkamenet sz\u00e1ma, munkamenet titkos\u00edt\u00e1sa, \u201csecure\u201d jel\u00f6l\u00e9s ha a felhaszn\u00e1l\u00f3 enged\u00e9lyezte a biztons\u00e1gos b\u00f6ng\u00e9sz\u00e9s opci\u00f3t.<\/td><td>Ez a s\u00fcti t\u00f6bb inform\u00e1ci\u00f3t tartalmaz, kett\u0151spont elv\u00e1lasztva (a kett\u0151spont az \u00e1tvitelhez a \u201c%3A\u201d \u00e9rt\u00e9kre van k\u00f3dolva).<\/td><td>1 \u00e9v<\/td><\/tr><\/tbody><\/table><\/div><p><strong><br \/>GOOGLE ANALYTICS<\/strong><\/p><p>A honlap Google Analytics-et, a Google Inc. (\u201eGoogle\u201d) webes elemz\u0151 szolg\u00e1ltat\u00e1s\u00e1t haszn\u00e1lja. Ennek sor\u00e1n a Google Analytics a s\u00fcti egy meghat\u00e1rozott form\u00e1j\u00e1t haszn\u00e1lja, amelyet az \u00d6n sz\u00e1m\u00edt\u00f3g\u00e9pe t\u00e1rol, \u00e9s amely lehet\u0151v\u00e9 teszi a honlap \u00d6n \u00e1ltal t\u00f6rt\u00e9n\u0151 haszn\u00e1lat\u00e1nak elemz\u00e9s\u00e9t. A s\u00fcti \u00e1ltal a honlap \u00d6n \u00e1ltali haszn\u00e1lat\u00e1r\u00f3l l\u00e9trehozott inform\u00e1ci\u00f3t \u00e1ltal\u00e1ban egy, az Egyes\u00fclt \u00c1llamokban tal\u00e1lhat\u00f3 Google szerverre tov\u00e1bb\u00edtj\u00e1k, majd ott t\u00e1rolj\u00e1k.<\/p><p>A s\u00fctik t\u00e1rol\u00e1s\u00e1t megakad\u00e1lyozhatja az \u00d6n, ha a b\u00f6ng\u00e9sz\u0151szoftver\u00e9nek haszn\u00e1lata sor\u00e1n a megfelel\u0151 be\u00e1ll\u00edt\u00e1sokat alkalmazza. Emellett a https:\/\/tools.google.com\/dlpage\/gaoptout?hl=en c\u00edmen el\u00e9rhet\u0151 b\u00f6ng\u00e9sz\u0151 be\u00e9p\u00fcl\u0151 modul let\u00f6lt\u00e9s\u00e9vel \u00e9s telep\u00edt\u00e9s\u00e9vel megakad\u00e1lyozhatja az \u00d6n, hogy a Google r\u00f6gz\u00edtse \u00e9s kezelje a s\u00fcti \u00e1ltal l\u00e9trehozott, a honlap \u00d6n \u00e1ltal t\u00f6rt\u00e9n\u0151 haszn\u00e1lat\u00e1val kapcsolatos adatokat (bele\u00e9rtve az IP c\u00edm\u00e9t).<\/p><p>A honlap a Google Analytics-et haszn\u00e1lja a felhaszn\u00e1l\u00f3i azonos\u00edt\u00f3n kereszt\u00fcl megval\u00f3sul\u00f3 l\u00e1togat\u00f3\u00e1raml\u00e1s eszk\u00f6zt\u0151l f\u00fcggetlen elemz\u00e9s\u00e9re is. Az \u00d6n \u00e1ltal t\u00f6rt\u00e9n\u0151 haszn\u00e1lat k\u00fcl\u00f6nb\u00f6z\u0151 eszk\u00f6z\u00f6k k\u00f6z\u00f6tti k\u00f6vet\u00e9s\u00e9t kikapcsolhatja a Google fi\u00f3kj\u00e1ban az \u201eInform\u00e1ci\u00f3im\u201d, \u201eSzem\u00e9lyes inform\u00e1ci\u00f3k\u201d alatt.<\/p><p>Jogalap: GDPR 6. cikk (1) bekezd\u00e9s f) pont.<\/p><p>\u00a0<\/p><p><strong>KAPCSOLATI \u0170RLAP<\/strong><\/p><p>Az adatkezel\u0151 az \u00fczemeltetett honlapokon kapcsolati \u0171rlapot \u00fczemeltet, mely seg\u00edts\u00e9g\u00e9vel a l\u00e1togat\u00f3k k\u00f6nnyebben tudnak kapcsolatot l\u00e9tes\u00edteni, inform\u00e1ci\u00f3t k\u00e9rni.<br \/>Az \u0171rlap kit\u00f6lt\u00e9s\u00e9vel \u00e9s az alatta tal\u00e1lhat\u00f3 checkbox bejel\u00f6l\u00e9s\u00e9vel \u00d6n mag\u00e1ra n\u00e9zve elfogadja Adatv\u00e9delmi Szab\u00e1lyzatunkat, amelynek aktu\u00e1lis \u00e1llapota megtekinthet\u0151<\/p><p>\u00a0<\/p><p><strong>FELHASZN\u00c1L\u00d3I ADATOK<\/strong><\/p><p>Be\u00e1ll\u00edt\u00e1sait \u00e9s az \u00d6nnel kapcsolatosan t\u00e1rolt adatokat, ellen\u0151rizheti \u00e9s m\u00f3dos\u00edt\u00e1s\u00e1t k\u00e9rheti.<\/p>\t\t\t\t\t\t\t\t<\/div>\n\t\t\t\t<\/div>\n\t\t\t\t\t<\/div>\n\t\t<\/div>\n\t\t\t\t\t<\/div>\n\t\t<\/section>\n\t\t\t\t<\/div>\n\t\t","protected":false},"excerpt":{"rendered":"<p>Cookie Nyilatkozat FELT\u00c9TLEN\u00dcL SZ\u00dcKS\u00c9GES COOKIE-K: A sz\u00fcks\u00e9ges cookie-k a rendszer m\u0171k\u00f6d\u00e9s\u00e9hez felt\u00e9tlen\u00fcl sz\u00fcks\u00e9gesek, azok n\u00e9lk\u00fcl a honlap nem haszn\u00e1lhat\u00f3 rendeltet\u00e9sszer\u0171en, a hr-rent jogos \u00e9rdek\u00e9nek \u00e9rv\u00e9nyes\u00edt\u00e9s\u00e9hez sz\u00fcks\u00e9ges a cookie-k haszn\u00e1lata. Ezek a cookie-k a felhaszn\u00e1l\u00f3 hozz\u00e1j\u00e1rul\u00e1sa n\u00e9lk\u00fcl haszn\u00e1lhat\u00f3k \u00e9s nem kapcsolhat\u00f3k ki. Jogalap: GDPR 6.cikk (1) bekezd\u00e9s b) pont. FUNKCI\u00d3 \u00c9S TELJES\u00cdTM\u00c9NY COOKIE-K A funkci\u00f3 \u00e9s &#8230; <a title=\"Cookie Nyilatkozat\" class=\"read-more\" href=\"https:\/\/roll-market.com\/hu\/cookie-nyilatkozat\/\" aria-label=\"Read more about Cookie Nyilatkozat\">B\u0151vebben<\/a><\/p>\n","protected":false},"author":1,"featured_media":0,"parent":0,"menu_order":0,"comment_status":"closed","ping_status":"closed","template":"elementor_header_footer","meta":{"_acf_changed":false,"footnotes":""},"class_list":["post-593","page","type-page","status-publish"],"acf":[],"_links":{"self":[{"href":"https:\/\/roll-market.com\/hu\/wp-json\/wp\/v2\/pages\/593","targetHints":{"allow":["GET"]}}],"collection":[{"href":"https:\/\/roll-market.com\/hu\/wp-json\/wp\/v2\/pages"}],"about":[{"href":"https:\/\/roll-market.com\/hu\/wp-json\/wp\/v2\/types\/page"}],"author":[{"embeddable":true,"href":"https:\/\/roll-market.com\/hu\/wp-json\/wp\/v2\/users\/1"}],"replies":[{"embeddable":true,"href":"https:\/\/roll-market.com\/hu\/wp-json\/wp\/v2\/comments?post=593"}],"version-history":[{"count":4,"href":"https:\/\/roll-market.com\/hu\/wp-json\/wp\/v2\/pages\/593\/revisions"}],"predecessor-version":[{"id":597,"href":"https:\/\/roll-market.com\/hu\/wp-json\/wp\/v2\/pages\/593\/revisions\/597"}],"wp:attachment":[{"href":"https:\/\/roll-market.com\/hu\/wp-json\/wp\/v2\/media?parent=593"}],"curies":[{"name":"wp","href":"https:\/\/api.w.org\/{rel}","templated":true}]}}