{"id":29,"date":"2023-10-26T21:25:27","date_gmt":"2023-10-26T21:25:27","guid":{"rendered":"http:\/\/134.122.69.219\/?page_id=29"},"modified":"2023-11-21T10:41:36","modified_gmt":"2023-11-21T09:41:36","slug":"szallitasi-tajekoztato","status":"publish","type":"page","link":"https:\/\/roll-market.com\/hu\/szallitasi-tajekoztato\/","title":{"rendered":"Sz\u00e1ll\u00edt\u00e1si T\u00e1j\u00e9koztat\u00f3"},"content":{"rendered":"\t\t<div data-elementor-type=\"wp-page\" data-elementor-id=\"29\" class=\"elementor elementor-29\" data-elementor-post-type=\"page\">\n\t\t\t\t\t\t<section class=\"elementor-section elementor-top-section elementor-element elementor-element-7453467 elementor-section-stretched elementor-section-content-middle elementor-section-boxed elementor-section-height-default elementor-section-height-default\" data-id=\"7453467\" data-element_type=\"section\" data-settings=\"{&quot;stretch_section&quot;:&quot;section-stretched&quot;,&quot;jet_parallax_layout_list&quot;:[{&quot;jet_parallax_layout_image&quot;:{&quot;url&quot;:&quot;&quot;,&quot;id&quot;:&quot;&quot;,&quot;size&quot;:&quot;&quot;},&quot;_id&quot;:&quot;9d879cb&quot;,&quot;jet_parallax_layout_speed&quot;:{&quot;unit&quot;:&quot;%&quot;,&quot;size&quot;:50,&quot;sizes&quot;:[]},&quot;jet_parallax_layout_image_tablet&quot;:{&quot;url&quot;:&quot;&quot;,&quot;id&quot;:&quot;&quot;,&quot;size&quot;:&quot;&quot;},&quot;jet_parallax_layout_image_mobile&quot;:{&quot;url&quot;:&quot;&quot;,&quot;id&quot;:&quot;&quot;,&quot;size&quot;:&quot;&quot;},&quot;jet_parallax_layout_type&quot;:&quot;scroll&quot;,&quot;jet_parallax_layout_direction&quot;:&quot;1&quot;,&quot;jet_parallax_layout_fx_direction&quot;:null,&quot;jet_parallax_layout_z_index&quot;:&quot;&quot;,&quot;jet_parallax_layout_bg_x&quot;:50,&quot;jet_parallax_layout_bg_x_tablet&quot;:&quot;&quot;,&quot;jet_parallax_layout_bg_x_mobile&quot;:&quot;&quot;,&quot;jet_parallax_layout_bg_y&quot;:50,&quot;jet_parallax_layout_bg_y_tablet&quot;:&quot;&quot;,&quot;jet_parallax_layout_bg_y_mobile&quot;:&quot;&quot;,&quot;jet_parallax_layout_bg_size&quot;:&quot;auto&quot;,&quot;jet_parallax_layout_bg_size_tablet&quot;:&quot;&quot;,&quot;jet_parallax_layout_bg_size_mobile&quot;:&quot;&quot;,&quot;jet_parallax_layout_animation_prop&quot;:&quot;transform&quot;,&quot;jet_parallax_layout_on&quot;:[&quot;desktop&quot;,&quot;tablet&quot;]}],&quot;background_background&quot;:&quot;classic&quot;}\">\n\t\t\t\t\t\t<div class=\"elementor-container elementor-column-gap-default\">\n\t\t\t\t\t<div class=\"elementor-column elementor-col-100 elementor-top-column elementor-element elementor-element-8f40fff\" data-id=\"8f40fff\" data-element_type=\"column\">\n\t\t\t<div class=\"elementor-widget-wrap elementor-element-populated\">\n\t\t\t\t\t\t<div class=\"elementor-element elementor-element-e5199f7 elementor-widget elementor-widget-heading\" data-id=\"e5199f7\" data-element_type=\"widget\" data-widget_type=\"heading.default\">\n\t\t\t\t<div class=\"elementor-widget-container\">\n\t\t\t\t\t<h1 class=\"elementor-heading-title elementor-size-default\">Sz\u00e1ll\u00edt\u00e1si t\u00e9j\u00e9koztat\u00f3<\/h1>\t\t\t\t<\/div>\n\t\t\t\t<\/div>\n\t\t\t\t\t<\/div>\n\t\t<\/div>\n\t\t\t\t\t<\/div>\n\t\t<\/section>\n\t\t\t\t<section class=\"elementor-section elementor-top-section elementor-element elementor-element-532bb14 elementor-section-boxed elementor-section-height-default elementor-section-height-default\" data-id=\"532bb14\" data-element_type=\"section\" data-settings=\"{&quot;jet_parallax_layout_list&quot;:[]}\">\n\t\t\t\t\t\t<div class=\"elementor-container elementor-column-gap-default\">\n\t\t\t\t\t<div class=\"elementor-column elementor-col-100 elementor-top-column elementor-element elementor-element-3460d09\" data-id=\"3460d09\" data-element_type=\"column\">\n\t\t\t<div class=\"elementor-widget-wrap elementor-element-populated\">\n\t\t\t\t\t\t<div class=\"elementor-element elementor-element-08b2c89 elementor-widget elementor-widget-text-editor\" data-id=\"08b2c89\" data-element_type=\"widget\" data-widget_type=\"text-editor.default\">\n\t\t\t\t<div class=\"elementor-widget-container\">\n\t\t\t\t\t\t\t\t\t<div class=\"rich-text__text rte\"><p>A megrendelt term\u00e9keket munkanapokon k\u00e9zbes\u00edtj\u00fck, pontos felad\u00e1si \u00e9s kisz\u00e1ll\u00edt\u00e1si napj\u00e1r\u00f3l e-mailben k\u00fcld\u00fcnk \u00e9rtes\u00edt\u00e9st. A csomag k\u00e9zbes\u00edt\u00e9se k\u00f6zvetlen\u00fcl a c\u00edmzettnek a megjel\u00f6lt c\u00edmre fut\u00e1rszolg\u00e1lattal val\u00f3sul meg. (GLS, DPD).<\/p><p><strong>Rakt\u00e1ron l\u00e9v\u0151 term\u00e9k eset\u00e9n:<\/strong> A megv\u00e1s\u00e1rolt term\u00e9k kisz\u00e1ll\u00edt\u00e1sa a megrendel\u00e9s feldolgoz\u00e1s\u00e1t k\u00f6vet\u0151 1-5 munkanapon bel\u00fcl megt\u00f6rt\u00e9nik. A sz\u00e1ll\u00edt\u00e1s tervezett id\u0151pontj\u00e1r\u00f3l e-mailben adunk t\u00e1j\u00e9koztat\u00e1st.<\/p><p><strong>Elfogyott term\u00e9k eset\u00e9n:<\/strong> A term\u00e9k nincs rakt\u00e1ron. Ha felkeltette \u00e9rdekl\u0151d\u00e9s\u00e9t a term\u00e9k, k\u00e9rj\u00fck, vegye fel vel\u00fcnk a kapcsolatot a rakt\u00e1roz\u00e1s id\u0151pontj\u00e1r\u00f3l.<\/p><p>Az elad\u00f3 nem v\u00e1llal felel\u0151ss\u00e9get:<\/p><ul><li>az \u00e1ruk sz\u00e1ll\u00edt\u00e1si szolg\u00e1ltat\u00e1s miatti k\u00e9sedelme,<\/li><li>az \u00e1ruk sz\u00e1ll\u00edt\u00e1si k\u00e9sedelme a Vev\u0151\/\u00e1tvev\u0151 helytelen\u00fcl megadott c\u00edme miatt,<\/li><li>a fut\u00e1rszolg\u00e1lat \u00e1ltal okozott k\u00e1r.<\/li><\/ul><p><strong>A csomag felad\u00e1sa nem jelent kisz\u00e1ll\u00edt\u00e1st!<\/strong><\/p><\/div>\t\t\t\t\t\t\t\t<\/div>\n\t\t\t\t<\/div>\n\t\t\t\t\t<\/div>\n\t\t<\/div>\n\t\t\t\t\t<\/div>\n\t\t<\/section>\n\t\t\t\t<\/div>\n\t\t","protected":false},"excerpt":{"rendered":"<p>Sz\u00e1ll\u00edt\u00e1si t\u00e9j\u00e9koztat\u00f3 A megrendelt term\u00e9keket munkanapokon k\u00e9zbes\u00edtj\u00fck, pontos felad\u00e1si \u00e9s kisz\u00e1ll\u00edt\u00e1si napj\u00e1r\u00f3l e-mailben k\u00fcld\u00fcnk \u00e9rtes\u00edt\u00e9st. A csomag k\u00e9zbes\u00edt\u00e9se k\u00f6zvetlen\u00fcl a c\u00edmzettnek a megjel\u00f6lt c\u00edmre fut\u00e1rszolg\u00e1lattal val\u00f3sul meg. (GLS, DPD). Rakt\u00e1ron l\u00e9v\u0151 term\u00e9k eset\u00e9n: A megv\u00e1s\u00e1rolt term\u00e9k kisz\u00e1ll\u00edt\u00e1sa a megrendel\u00e9s feldolgoz\u00e1s\u00e1t k\u00f6vet\u0151 1-5 munkanapon bel\u00fcl megt\u00f6rt\u00e9nik. A sz\u00e1ll\u00edt\u00e1s tervezett id\u0151pontj\u00e1r\u00f3l e-mailben adunk t\u00e1j\u00e9koztat\u00e1st. Elfogyott term\u00e9k eset\u00e9n: &#8230; <a title=\"Sz\u00e1ll\u00edt\u00e1si T\u00e1j\u00e9koztat\u00f3\" class=\"read-more\" href=\"https:\/\/roll-market.com\/hu\/szallitasi-tajekoztato\/\" aria-label=\"Read more about Sz\u00e1ll\u00edt\u00e1si T\u00e1j\u00e9koztat\u00f3\">B\u0151vebben<\/a><\/p>\n","protected":false},"author":1,"featured_media":0,"parent":0,"menu_order":0,"comment_status":"closed","ping_status":"closed","template":"elementor_header_footer","meta":{"_acf_changed":false,"footnotes":""},"class_list":["post-29","page","type-page","status-publish"],"acf":[],"_links":{"self":[{"href":"https:\/\/roll-market.com\/hu\/wp-json\/wp\/v2\/pages\/29","targetHints":{"allow":["GET"]}}],"collection":[{"href":"https:\/\/roll-market.com\/hu\/wp-json\/wp\/v2\/pages"}],"about":[{"href":"https:\/\/roll-market.com\/hu\/wp-json\/wp\/v2\/types\/page"}],"author":[{"embeddable":true,"href":"https:\/\/roll-market.com\/hu\/wp-json\/wp\/v2\/users\/1"}],"replies":[{"embeddable":true,"href":"https:\/\/roll-market.com\/hu\/wp-json\/wp\/v2\/comments?post=29"}],"version-history":[{"count":10,"href":"https:\/\/roll-market.com\/hu\/wp-json\/wp\/v2\/pages\/29\/revisions"}],"predecessor-version":[{"id":826,"href":"https:\/\/roll-market.com\/hu\/wp-json\/wp\/v2\/pages\/29\/revisions\/826"}],"wp:attachment":[{"href":"https:\/\/roll-market.com\/hu\/wp-json\/wp\/v2\/media?parent=29"}],"curies":[{"name":"wp","href":"https:\/\/api.w.org\/{rel}","templated":true}]}}