{"id":21,"date":"2023-10-26T21:24:12","date_gmt":"2023-10-26T21:24:12","guid":{"rendered":"http:\/\/134.122.69.219\/?page_id=21"},"modified":"2024-08-02T22:19:06","modified_gmt":"2024-08-02T21:19:06","slug":"rolunk","status":"publish","type":"page","link":"https:\/\/roll-market.com\/hu\/rolunk\/","title":{"rendered":"R\u00f3lunk"},"content":{"rendered":"\t\t<div data-elementor-type=\"wp-page\" data-elementor-id=\"21\" class=\"elementor elementor-21\" data-elementor-post-type=\"page\">\n\t\t\t\t\t\t<section class=\"elementor-section elementor-top-section elementor-element elementor-element-50405af elementor-section-stretched elementor-section-content-middle elementor-section-boxed elementor-section-height-default elementor-section-height-default\" data-id=\"50405af\" data-element_type=\"section\" data-settings=\"{&quot;stretch_section&quot;:&quot;section-stretched&quot;,&quot;jet_parallax_layout_list&quot;:[{&quot;jet_parallax_layout_image&quot;:{&quot;url&quot;:&quot;&quot;,&quot;id&quot;:&quot;&quot;,&quot;size&quot;:&quot;&quot;},&quot;_id&quot;:&quot;9d879cb&quot;,&quot;jet_parallax_layout_speed&quot;:{&quot;unit&quot;:&quot;%&quot;,&quot;size&quot;:50,&quot;sizes&quot;:[]},&quot;jet_parallax_layout_image_tablet&quot;:{&quot;url&quot;:&quot;&quot;,&quot;id&quot;:&quot;&quot;,&quot;size&quot;:&quot;&quot;},&quot;jet_parallax_layout_image_mobile&quot;:{&quot;url&quot;:&quot;&quot;,&quot;id&quot;:&quot;&quot;,&quot;size&quot;:&quot;&quot;},&quot;jet_parallax_layout_type&quot;:&quot;scroll&quot;,&quot;jet_parallax_layout_direction&quot;:&quot;1&quot;,&quot;jet_parallax_layout_fx_direction&quot;:null,&quot;jet_parallax_layout_z_index&quot;:&quot;&quot;,&quot;jet_parallax_layout_bg_x&quot;:50,&quot;jet_parallax_layout_bg_x_tablet&quot;:&quot;&quot;,&quot;jet_parallax_layout_bg_x_mobile&quot;:&quot;&quot;,&quot;jet_parallax_layout_bg_y&quot;:50,&quot;jet_parallax_layout_bg_y_tablet&quot;:&quot;&quot;,&quot;jet_parallax_layout_bg_y_mobile&quot;:&quot;&quot;,&quot;jet_parallax_layout_bg_size&quot;:&quot;auto&quot;,&quot;jet_parallax_layout_bg_size_tablet&quot;:&quot;&quot;,&quot;jet_parallax_layout_bg_size_mobile&quot;:&quot;&quot;,&quot;jet_parallax_layout_animation_prop&quot;:&quot;transform&quot;,&quot;jet_parallax_layout_on&quot;:[&quot;desktop&quot;,&quot;tablet&quot;]}],&quot;background_background&quot;:&quot;classic&quot;}\">\n\t\t\t\t\t\t<div class=\"elementor-container elementor-column-gap-default\">\n\t\t\t\t\t<div class=\"elementor-column elementor-col-100 elementor-top-column elementor-element elementor-element-5b8ea7b\" data-id=\"5b8ea7b\" data-element_type=\"column\">\n\t\t\t<div class=\"elementor-widget-wrap elementor-element-populated\">\n\t\t\t\t\t\t<div class=\"elementor-element elementor-element-8d7066b elementor-widget elementor-widget-heading\" data-id=\"8d7066b\" data-element_type=\"widget\" data-widget_type=\"heading.default\">\n\t\t\t\t<div class=\"elementor-widget-container\">\n\t\t\t\t\t<h1 class=\"elementor-heading-title elementor-size-default\">R\u00f3lunk<\/h1>\t\t\t\t<\/div>\n\t\t\t\t<\/div>\n\t\t\t\t\t<\/div>\n\t\t<\/div>\n\t\t\t\t\t<\/div>\n\t\t<\/section>\n\t\t\t\t<section class=\"elementor-section elementor-top-section elementor-element elementor-element-4e0cc22 elementor-section-boxed elementor-section-height-default elementor-section-height-default\" data-id=\"4e0cc22\" data-element_type=\"section\" data-settings=\"{&quot;jet_parallax_layout_list&quot;:[]}\">\n\t\t\t\t\t\t<div class=\"elementor-container elementor-column-gap-default\">\n\t\t\t\t\t<div class=\"elementor-column elementor-col-50 elementor-top-column elementor-element elementor-element-5dc43a2\" data-id=\"5dc43a2\" data-element_type=\"column\">\n\t\t\t<div class=\"elementor-widget-wrap elementor-element-populated\">\n\t\t\t\t\t\t<div class=\"elementor-element elementor-element-87bbdde elementor-widget elementor-widget-text-editor\" data-id=\"87bbdde\" data-element_type=\"widget\" data-widget_type=\"text-editor.default\">\n\t\t\t\t<div class=\"elementor-widget-container\">\n\t\t\t\t\t\t\t\t\t<p><strong>\u00dcdv\u00f6zl\u00fcnk a Roll-Market vil\u00e1g\u00e1ban, ahol az elektromos rollerek nem csak egy k\u00f6zleked\u00e9si eszk\u00f6zt jelentenek, hanem egy \u00faj \u00e9let\u00e9rz\u00e9st is k\u00edn\u00e1lnak!<\/strong> C\u00e9g\u00fcnk 2023-ban j\u00f6tt l\u00e9tre azzal a c\u00e9llal, hogy forradalmas\u00edtsuk a v\u00e1rosi k\u00f6zleked\u00e9st \u00e9s hozz\u00e1f\u00e9rhet\u0151v\u00e9 tegy\u00fck az elektromos rollerez\u00e9s \u00e9lm\u00e9ny\u00e9t mindenki sz\u00e1m\u00e1ra.<\/p><p>Sz\u00edv\u00fcnk cs\u00fccske az, hogy innovat\u00edv, k\u00f6rnyezetbar\u00e1t \u00e9s megb\u00edzhat\u00f3 elektromos rollereket k\u00edn\u00e1ljunk \u00fcgyfeleinknek. Hisz\u00fcnk abban, hogy a modern v\u00e1rosi \u00e9let mozg\u00e1sban van, \u00e9s ebben a mozg\u00e1sban a rollerez\u00e9s egyre fontosabb szerepet kap. Az elektromos rollerek t\u00f6k\u00e9letes v\u00e1laszt\u00e1st ny\u00fajtanak a zs\u00fafolt v\u00e1rosi utakon val\u00f3 k\u00f6zleked\u00e9sre, lehet\u0151v\u00e9 t\u00e9ve a felhaszn\u00e1l\u00f3k sz\u00e1m\u00e1ra, hogy gyorsan, k\u00e9nyelmesen \u00e9s st\u00edlusosan jussanak el A pontb\u00f3l B pontba.<\/p>\t\t\t\t\t\t\t\t<\/div>\n\t\t\t\t<\/div>\n\t\t\t\t\t<\/div>\n\t\t<\/div>\n\t\t\t\t<div class=\"elementor-column elementor-col-50 elementor-top-column elementor-element elementor-element-9300bb9\" data-id=\"9300bb9\" data-element_type=\"column\">\n\t\t\t<div class=\"elementor-widget-wrap elementor-element-populated\">\n\t\t\t\t\t\t<div class=\"elementor-element elementor-element-1387be3 elementor-widget elementor-widget-image\" data-id=\"1387be3\" data-element_type=\"widget\" data-widget_type=\"image.default\">\n\t\t\t\t<div class=\"elementor-widget-container\">\n\t\t\t\t\t\t\t\t\t\t\t\t\t\t\t<img fetchpriority=\"high\" decoding=\"async\" width=\"1024\" height=\"683\" src=\"https:\/\/roll-market.com\/wp-content\/uploads\/2024\/08\/rollmarket_scooter-1024x683.jpg\" class=\"attachment-large size-large wp-image-3865\" alt=\"\" srcset=\"https:\/\/roll-market.com\/wp-content\/uploads\/2024\/08\/rollmarket_scooter-1024x683.jpg 1024w, https:\/\/roll-market.com\/wp-content\/uploads\/2024\/08\/rollmarket_scooter-300x200.jpg 300w, https:\/\/roll-market.com\/wp-content\/uploads\/2024\/08\/rollmarket_scooter-768x512.jpg 768w, https:\/\/roll-market.com\/wp-content\/uploads\/2024\/08\/rollmarket_scooter-1536x1024.jpg 1536w, https:\/\/roll-market.com\/wp-content\/uploads\/2024\/08\/rollmarket_scooter-2048x1366.jpg 2048w, https:\/\/roll-market.com\/wp-content\/uploads\/2024\/08\/rollmarket_scooter-60x40.jpg 60w, https:\/\/roll-market.com\/wp-content\/uploads\/2024\/08\/rollmarket_scooter-110x73.jpg 110w, https:\/\/roll-market.com\/wp-content\/uploads\/2024\/08\/rollmarket_scooter-600x400.jpg 600w\" sizes=\"(max-width: 1024px) 100vw, 1024px\" \/>\t\t\t\t\t\t\t\t\t\t\t\t\t\t\t<\/div>\n\t\t\t\t<\/div>\n\t\t\t\t\t<\/div>\n\t\t<\/div>\n\t\t\t\t\t<\/div>\n\t\t<\/section>\n\t\t\t\t<section class=\"elementor-section elementor-top-section elementor-element elementor-element-1374190 elementor-reverse-mobile elementor-section-boxed elementor-section-height-default elementor-section-height-default\" data-id=\"1374190\" data-element_type=\"section\" data-settings=\"{&quot;jet_parallax_layout_list&quot;:[]}\">\n\t\t\t\t\t\t<div class=\"elementor-container elementor-column-gap-default\">\n\t\t\t\t\t<div class=\"elementor-column elementor-col-50 elementor-top-column elementor-element elementor-element-3cd8695\" data-id=\"3cd8695\" data-element_type=\"column\">\n\t\t\t<div class=\"elementor-widget-wrap elementor-element-populated\">\n\t\t\t\t\t\t<div class=\"elementor-element elementor-element-7c00aea elementor-widget elementor-widget-image\" data-id=\"7c00aea\" data-element_type=\"widget\" data-widget_type=\"image.default\">\n\t\t\t\t<div class=\"elementor-widget-container\">\n\t\t\t\t\t\t\t\t\t\t\t\t\t\t\t<img decoding=\"async\" width=\"1024\" height=\"683\" src=\"https:\/\/roll-market.com\/wp-content\/uploads\/2023\/11\/Roll-market-benefits-2-1024x683.jpg\" class=\"attachment-large size-large wp-image-881\" alt=\"\" srcset=\"https:\/\/roll-market.com\/wp-content\/uploads\/2023\/11\/Roll-market-benefits-2-1024x683.jpg 1024w, https:\/\/roll-market.com\/wp-content\/uploads\/2023\/11\/Roll-market-benefits-2-300x200.jpg 300w, https:\/\/roll-market.com\/wp-content\/uploads\/2023\/11\/Roll-market-benefits-2-768x512.jpg 768w, https:\/\/roll-market.com\/wp-content\/uploads\/2023\/11\/Roll-market-benefits-2-1536x1025.jpg 1536w, https:\/\/roll-market.com\/wp-content\/uploads\/2023\/11\/Roll-market-benefits-2-18x12.jpg 18w, https:\/\/roll-market.com\/wp-content\/uploads\/2023\/11\/Roll-market-benefits-2-60x40.jpg 60w, https:\/\/roll-market.com\/wp-content\/uploads\/2023\/11\/Roll-market-benefits-2-110x73.jpg 110w, https:\/\/roll-market.com\/wp-content\/uploads\/2023\/11\/Roll-market-benefits-2-600x400.jpg 600w, https:\/\/roll-market.com\/wp-content\/uploads\/2023\/11\/Roll-market-benefits-2.jpg 1920w\" sizes=\"(max-width: 1024px) 100vw, 1024px\" \/>\t\t\t\t\t\t\t\t\t\t\t\t\t\t\t<\/div>\n\t\t\t\t<\/div>\n\t\t\t\t\t<\/div>\n\t\t<\/div>\n\t\t\t\t<div class=\"elementor-column elementor-col-50 elementor-top-column elementor-element elementor-element-4a16b59\" data-id=\"4a16b59\" data-element_type=\"column\">\n\t\t\t<div class=\"elementor-widget-wrap elementor-element-populated\">\n\t\t\t\t\t\t<div class=\"elementor-element elementor-element-b508642 elementor-widget elementor-widget-text-editor\" data-id=\"b508642\" data-element_type=\"widget\" data-widget_type=\"text-editor.default\">\n\t\t\t\t<div class=\"elementor-widget-container\">\n\t\t\t\t\t\t\t\t\t<p>A Roll-Market csapata elk\u00f6telezett amellett, hogy a legmagasabb min\u0151s\u00e9g\u0171 term\u00e9keket \u00e9s szolg\u00e1ltat\u00e1sokat ny\u00fajtsa. Minden egyes term\u00e9k\u00fcnket gondosan v\u00e1logatjuk, \u00e9s csak olyan gy\u00e1rt\u00f3kkal dolgozunk egy\u00fctt, akik megfelelnek szigor\u00fa min\u0151s\u00e9gi k\u00f6vetelm\u00e9nyeinknek. T\u00f6reksz\u00fcnk arra, hogy rollereink ne csak megb\u00edzhat\u00f3ak \u00e9s tart\u00f3sak legyenek, hanem modern diz\u00e1jnjukkal \u00e9s fejlett technol\u00f3giai jellemz\u0151ikkel is kiemelkedjenek a piacon.<\/p><p>Tudjuk, hogy az \u00fcgyf\u00e9l-el\u00e9gedetts\u00e9g kulcsa a megb\u00edzhat\u00f3 \u00fcgyf\u00e9lszolg\u00e1lat \u00e9s a szak\u00e9rt\u0151i t\u00e1mogat\u00e1s. <strong>Ez\u00e9rt csapatunk mindig k\u00e9szen \u00e1ll arra, hogy seg\u00edtsen \u00fcgyfeleinknek a legjobb elektromos roller kiv\u00e1laszt\u00e1s\u00e1ban, valamint az ezt k\u00f6vet\u0151 szolg\u00e1ltat\u00e1sokban \u00e9s t\u00e1mogat\u00e1sban.<\/strong><\/p>\t\t\t\t\t\t\t\t<\/div>\n\t\t\t\t<\/div>\n\t\t\t\t\t<\/div>\n\t\t<\/div>\n\t\t\t\t\t<\/div>\n\t\t<\/section>\n\t\t\t\t<section class=\"elementor-section elementor-top-section elementor-element elementor-element-fa7d7ea elementor-section-boxed elementor-section-height-default elementor-section-height-default\" data-id=\"fa7d7ea\" data-element_type=\"section\" data-settings=\"{&quot;jet_parallax_layout_list&quot;:[]}\">\n\t\t\t\t\t\t<div class=\"elementor-container elementor-column-gap-default\">\n\t\t\t\t\t<div class=\"elementor-column elementor-col-100 elementor-top-column elementor-element elementor-element-1534b3b\" data-id=\"1534b3b\" data-element_type=\"column\">\n\t\t\t<div class=\"elementor-widget-wrap elementor-element-populated\">\n\t\t\t\t\t\t<div class=\"elementor-element elementor-element-1ebb591 elementor-widget elementor-widget-text-editor\" data-id=\"1ebb591\" data-element_type=\"widget\" data-widget_type=\"text-editor.default\">\n\t\t\t\t<div class=\"elementor-widget-container\">\n\t\t\t\t\t\t\t\t\t<p><strong>K\u00f6sz\u00f6nj\u00fck, hogy minket v\u00e1lasztasz a z\u00f6ld \u00e9s dinamikus k\u00f6zleked\u00e9s \u00fatj\u00e1n. A Roll-Market csapata izgatottan v\u00e1rja, hogy egy\u00fctt fedezz\u00fck fel az elektromos rollerez\u00e9s sz\u00e1mtalan lehet\u0151s\u00e9g\u00e9t. Legy\u00fcnk egy\u00fctt r\u00e9szesei ennek az izgalmas \u00e9s fenntarthat\u00f3 k\u00f6zleked\u00e9si forradalomnak!<\/strong><\/p>\t\t\t\t\t\t\t\t<\/div>\n\t\t\t\t<\/div>\n\t\t\t\t\t<\/div>\n\t\t<\/div>\n\t\t\t\t\t<\/div>\n\t\t<\/section>\n\t\t\t\t<\/div>\n\t\t","protected":false},"excerpt":{"rendered":"<p>R\u00f3lunk \u00dcdv\u00f6zl\u00fcnk a Roll-Market vil\u00e1g\u00e1ban, ahol az elektromos rollerek nem csak egy k\u00f6zleked\u00e9si eszk\u00f6zt jelentenek, hanem egy \u00faj \u00e9let\u00e9rz\u00e9st is k\u00edn\u00e1lnak! C\u00e9g\u00fcnk 2023-ban j\u00f6tt l\u00e9tre azzal a c\u00e9llal, hogy forradalmas\u00edtsuk a v\u00e1rosi k\u00f6zleked\u00e9st \u00e9s hozz\u00e1f\u00e9rhet\u0151v\u00e9 tegy\u00fck az elektromos rollerez\u00e9s \u00e9lm\u00e9ny\u00e9t mindenki sz\u00e1m\u00e1ra. Sz\u00edv\u00fcnk cs\u00fccske az, hogy innovat\u00edv, k\u00f6rnyezetbar\u00e1t \u00e9s megb\u00edzhat\u00f3 elektromos rollereket k\u00edn\u00e1ljunk \u00fcgyfeleinknek. Hisz\u00fcnk &#8230; <a title=\"R\u00f3lunk\" class=\"read-more\" href=\"https:\/\/roll-market.com\/hu\/rolunk\/\" aria-label=\"Read more about R\u00f3lunk\">B\u0151vebben<\/a><\/p>\n","protected":false},"author":1,"featured_media":0,"parent":0,"menu_order":0,"comment_status":"closed","ping_status":"closed","template":"elementor_header_footer","meta":{"_acf_changed":false,"footnotes":""},"class_list":["post-21","page","type-page","status-publish"],"acf":[],"_links":{"self":[{"href":"https:\/\/roll-market.com\/hu\/wp-json\/wp\/v2\/pages\/21","targetHints":{"allow":["GET"]}}],"collection":[{"href":"https:\/\/roll-market.com\/hu\/wp-json\/wp\/v2\/pages"}],"about":[{"href":"https:\/\/roll-market.com\/hu\/wp-json\/wp\/v2\/types\/page"}],"author":[{"embeddable":true,"href":"https:\/\/roll-market.com\/hu\/wp-json\/wp\/v2\/users\/1"}],"replies":[{"embeddable":true,"href":"https:\/\/roll-market.com\/hu\/wp-json\/wp\/v2\/comments?post=21"}],"version-history":[{"count":28,"href":"https:\/\/roll-market.com\/hu\/wp-json\/wp\/v2\/pages\/21\/revisions"}],"predecessor-version":[{"id":3873,"href":"https:\/\/roll-market.com\/hu\/wp-json\/wp\/v2\/pages\/21\/revisions\/3873"}],"wp:attachment":[{"href":"https:\/\/roll-market.com\/hu\/wp-json\/wp\/v2\/media?parent=21"}],"curies":[{"name":"wp","href":"https:\/\/api.w.org\/{rel}","templated":true}]}}