{"id":593,"date":"2023-11-04T11:07:04","date_gmt":"2023-11-04T11:07:04","guid":{"rendered":"http:\/\/134.122.69.219\/?page_id=593"},"modified":"2023-11-04T11:21:46","modified_gmt":"2023-11-04T11:21:46","slug":"cookie-policy","status":"publish","type":"page","link":"https:\/\/roll-market.com\/en\/cookie-policy\/","title":{"rendered":"Cookie Statement"},"content":{"rendered":"<div data-elementor-type=\"wp-page\" data-elementor-id=\"593\" class=\"elementor elementor-593\" data-elementor-post-type=\"page\">\n\t\t\t\t\t\t<section class=\"elementor-section elementor-top-section elementor-element elementor-element-e72e08f elementor-section-stretched elementor-section-content-middle elementor-section-boxed elementor-section-height-default elementor-section-height-default\" data-id=\"e72e08f\" data-element_type=\"section\" data-settings=\"{&quot;stretch_section&quot;:&quot;section-stretched&quot;,&quot;jet_parallax_layout_list&quot;:[{&quot;jet_parallax_layout_image&quot;:{&quot;url&quot;:&quot;&quot;,&quot;id&quot;:&quot;&quot;,&quot;size&quot;:&quot;&quot;},&quot;_id&quot;:&quot;9d879cb&quot;,&quot;jet_parallax_layout_speed&quot;:{&quot;unit&quot;:&quot;%&quot;,&quot;size&quot;:50,&quot;sizes&quot;:[]},&quot;jet_parallax_layout_image_tablet&quot;:{&quot;url&quot;:&quot;&quot;,&quot;id&quot;:&quot;&quot;,&quot;size&quot;:&quot;&quot;},&quot;jet_parallax_layout_image_mobile&quot;:{&quot;url&quot;:&quot;&quot;,&quot;id&quot;:&quot;&quot;,&quot;size&quot;:&quot;&quot;},&quot;jet_parallax_layout_type&quot;:&quot;scroll&quot;,&quot;jet_parallax_layout_direction&quot;:&quot;1&quot;,&quot;jet_parallax_layout_fx_direction&quot;:null,&quot;jet_parallax_layout_z_index&quot;:&quot;&quot;,&quot;jet_parallax_layout_bg_x&quot;:50,&quot;jet_parallax_layout_bg_x_tablet&quot;:&quot;&quot;,&quot;jet_parallax_layout_bg_x_mobile&quot;:&quot;&quot;,&quot;jet_parallax_layout_bg_y&quot;:50,&quot;jet_parallax_layout_bg_y_tablet&quot;:&quot;&quot;,&quot;jet_parallax_layout_bg_y_mobile&quot;:&quot;&quot;,&quot;jet_parallax_layout_bg_size&quot;:&quot;auto&quot;,&quot;jet_parallax_layout_bg_size_tablet&quot;:&quot;&quot;,&quot;jet_parallax_layout_bg_size_mobile&quot;:&quot;&quot;,&quot;jet_parallax_layout_animation_prop&quot;:&quot;transform&quot;,&quot;jet_parallax_layout_on&quot;:[&quot;desktop&quot;,&quot;tablet&quot;]}],&quot;background_background&quot;:&quot;classic&quot;}\">\n\t\t\t\t\t\t<div class=\"elementor-container elementor-column-gap-default\">\n\t\t\t\t\t<div class=\"elementor-column elementor-col-100 elementor-top-column elementor-element elementor-element-cd72b9d\" data-id=\"cd72b9d\" data-element_type=\"column\">\n\t\t\t<div class=\"elementor-widget-wrap elementor-element-populated\">\n\t\t\t\t\t\t<div class=\"elementor-element elementor-element-4b9d87e elementor-widget elementor-widget-heading\" data-id=\"4b9d87e\" data-element_type=\"widget\" data-widget_type=\"heading.default\">\n\t\t\t\t<div class=\"elementor-widget-container\">\n\t\t\t\t\t<h1 class=\"elementor-heading-title elementor-size-default\">Cookie Statement<\/h1>\t\t\t\t<\/div>\n\t\t\t\t<\/div>\n\t\t\t\t\t<\/div>\n\t\t<\/div>\n\t\t\t\t\t<\/div>\n\t\t<\/section>\n\t\t\t\t<section class=\"elementor-section elementor-top-section elementor-element elementor-element-6c59839 elementor-section-boxed elementor-section-height-default elementor-section-height-default\" data-id=\"6c59839\" data-element_type=\"section\" data-settings=\"{&quot;jet_parallax_layout_list&quot;:[]}\">\n\t\t\t\t\t\t<div class=\"elementor-container elementor-column-gap-default\">\n\t\t\t\t\t<div class=\"elementor-column elementor-col-100 elementor-top-column elementor-element elementor-element-0f22534\" data-id=\"0f22534\" data-element_type=\"column\">\n\t\t\t<div class=\"elementor-widget-wrap elementor-element-populated\">\n\t\t\t\t\t\t<div class=\"elementor-element elementor-element-f5e3c47 elementor-widget elementor-widget-text-editor\" data-id=\"f5e3c47\" data-element_type=\"widget\" data-widget_type=\"text-editor.default\">\n\t\t\t\t<div class=\"elementor-widget-container\">\n\t\t\t\t\t\t\t\t\t<h4><strong>COOKIES THAT ARE STRICTLY NECESSARY:<\/strong><\/h4><p>The necessary cookies are absolutely necessary for the system to work, without them the website cannot be used properly, and the use of cookies is necessary to enforce the legitimate interests of Mr-rent. These cookies can be used without the user's consent and cannot be switched off.<\/p><p>Legal basis: article 6(1)(b) GDPR.<\/p><h4><strong>FUNCTION AND PERFORMANCE COOKIES<\/strong><\/h4><p>Functionality and performance cookies are not strictly necessary for the use of the website, but they do allow us to provide you with a better user experience. These cookies usually provide settings and convenience features to help you personalise the website (for example, the language you choose or the type of page you visit). Functionality cookies are only used with your consent and you can withdraw your consent at any time by turning off the functionality cookies in the Privacy Centre. These cookies do not store any personal data.<\/p><p>Legal basis: article 6(1)(f) GDPR.<\/p><p>\u00a0<\/p><div class=\"table-responsive\"><table class=\"table table-bordered table-striped\"><tbody><tr><td><p><b>Cookie name<\/b><\/p><\/td><td><p><b>Cookie type<\/b><\/p><\/td><td><p><b>Cookie identifier<\/b><\/p><\/td><td><p><b>Cookie provider<\/b><\/p><\/td><td><p><b>Data processed by the cookie<\/b><\/p><\/td><td><p><b>Purpose of the cookie<\/b><\/p><\/td><td><p><b>Cookie lifetime<\/b><\/p><\/td><\/tr><tr><td><p>WP function<\/p><\/td><td><p>Essential cookies<\/p><\/td><td><p>wp-settings-{X}<\/p><\/td><td><p>WordPress<\/p><\/td><td><p>Required to use the functions.<\/p><\/td><td><p>Correct operation.<\/p><\/td><td><p>1 year<\/p><\/td><\/tr><tr><td><p>WP function<\/p><\/td><td><p>Essential cookies<\/p><\/td><td><p>wp-settings-time-{X}<\/p><\/td><td><p>WordPress<\/p><\/td><td><p>Required to use the functions.<\/p><\/td><td><p>Correct operation.<\/p><\/td><td><p>1 year<\/p><\/td><\/tr><tr><td><p>WP function<\/p><\/td><td><p>Essential cookies<\/p><\/td><td><p>wordpress_test_cookie<\/p><\/td><td><p>WordPress<\/p><\/td><td><p>Required to use the functions.<\/p><\/td><td><p>Correct operation.<\/p><\/td><td><p>1 year<\/p><\/td><\/tr><tr><td><p>WP GDPR<\/p><\/td><td><p>Essential cookies<\/p><\/td><td><p>gdpr[allowed_cookies]<\/p><\/td><td><p>WordPress<\/p><\/td><td><p>The fact of acceptance.<\/p><\/td><td><p>Stores the cookies that the user has allowed.<\/p><\/td><td><p>1 year<\/p><\/td><\/tr><tr><td><p>WP GDPR<\/p><\/td><td><p>Essential cookies<\/p><\/td><td><p>gdpr[consent_types]<\/p><\/td><td><p>WordPress<\/p><\/td><td><p>The fact of acceptance.<\/p><\/td><td><p>This cookie stores which information has been accepted by the user.<\/p><\/td><td><p>1 year<\/p><\/td><\/tr><tr><td><p>WP GDPR<\/p><\/td><td><p>Essential cookies<\/p><\/td><td><p>gdpr[privacy_bar]<\/p><\/td><td><p>WordPress<\/p><\/td><td><p>The fact of acceptance.<\/p><\/td><td><p>Compliance with the acceptance of cookies.<\/p><\/td><td><p>1 year<\/p><\/td><\/tr><tr><td><p>WPML<\/p><\/td><td><p>Essential cookies<\/p><\/td><td><p>_icl_current_language<\/p><\/td><td><p>WordPress<\/p><\/td><td><p>Language settings<\/p><\/td><td><p>Correct operation.<\/p><\/td><td><p>1 day<\/p><\/td><\/tr><tr><td><p>WPML<\/p><\/td><td><p>Essential cookies<\/p><\/td><td><p>wpml_referer_url<\/p><\/td><td><p>WordPress<\/p><\/td><td><p>Previously viewed page url<\/p><\/td><td><p>Correct operation.<\/p><\/td><td><p>1 day<\/p><\/td><\/tr><tr><td><p>Google Analytics<\/p><\/td><td><p>Function and performance cookies<\/p><\/td><td><p>_ga<\/p><\/td><td><p>Google<\/p><\/td><td><p>URL, page title, browser name, browser window size, screen size, java, flash version, location, language<\/p><\/td><td><p>Anonymous statistics<\/p><\/td><td><p>2 years<\/p><\/td><\/tr><tr><td><p>Google Analytics<\/p><\/td><td><p>Function and performance cookies<\/p><\/td><td><p>_gat<\/p><\/td><td><p>Google<\/p><\/td><td><p>URL, page title, browser name, browser window size, screen size, java, flash version, location, language<\/p><\/td><td><p>Anonymous statistics<\/p><\/td><td><p>Browser is deleted when closed<\/p><\/td><\/tr><tr><td><p>Google Analytics<\/p><\/td><td><p>Function and performance cookies<\/p><\/td><td><p>_gid<\/p><\/td><td><p>Google<\/p><\/td><td><p>URL, page title, browser name, browser window size, screen size, java, flash version, location, language<\/p><\/td><td><p>Anonymous statistics<\/p><\/td><td><p>1 day<\/p><\/td><\/tr><\/tbody><\/table><\/div><div class=\"table-responsive\"><table class=\"table table-bordered table-striped\"><tbody><tr><td>Facebook<\/td><td>Function and performance cookies<\/td><td>fr<\/td><td>Facebook<\/td><td>User ID, browser ID, timestamp, other data as set out in the facebook.com privacy statement<\/td><td>It is Facebook's primary advertising cookie and can be used to display, measure and improve the relevance of ads.<\/td><td>3 months<\/td><\/tr><tr><td>Facebook<\/td><td>Function and performance cookies<\/td><td>_fbp<\/td><td>Facebook<\/td><td>Facebook uses it to provide advertising products to a third party (e.g. real-time advertising)<\/td><td>Facebook's advertising cookie, used to display, measure and improve the relevance of ads.<\/td><td>3 months<\/td><\/tr><tr><td>Facebook<\/td><td>Function and performance cookies<\/td><td>act<\/td><td>Facebook<\/td><td>Timestamp<\/td><td>Distinguishes between two sessions created for the same user at different times. The cookie lifetime depends on the \"Stay logged in\" option. If this option is active, the cookie is deleted when the browser is closed<\/td><td>90 days \/ Browser is deleted when closed<\/td><\/tr><tr><td>Facebook<\/td><td>Function and performance cookies<\/td><td>c_user<\/td><td>Facebook<\/td><td>Contains the user ID of the currently logged in user<\/td><td>Correct operation. Cookie lifetime depends on the \"Stay logged in\" option. If this option is active the cookie will be deleted when the browser is closed<\/td><td>90 days \/ Browser is deleted when closed<\/td><\/tr><tr><td>Facebook<\/td><td>Function and performance cookies<\/td><td>datr<\/td><td>Facebook<\/td><td>Random Identifier<\/td><td>Its purpose is to identify the browser used to connect to Facebook, regardless of the user logged in. This cookie plays a key role in Facebook's security and site integrity features.<\/td><td>2 years<\/td><\/tr><tr><td>Facebook<\/td><td>Function and performance cookies<\/td><td>locale<\/td><td>Facebook<\/td><td>The location of the last user logged in to the browser.<\/td><td>The location of the last user logged in to the browser.<\/td><td>1 week<\/td><\/tr><tr><td>Facebook<\/td><td>Function and performance cookies<\/td><td>presence<\/td><td>Facebook<\/td><td>Random Identifier<\/td><td>Used to store the chat status of the user. For example, if the chat is open. This cookie is a session cookie.<\/td><td>Browser is deleted when closed<\/td><\/tr><tr><td>Facebook<\/td><td>Function and performance cookies<\/td><td>sb<\/td><td>Facebook<\/td><td>Required to use the Chat functions.<\/td><td>Required to use the Chat functions.<\/td><td>2 years<\/td><\/tr><tr><td>Facebook<\/td><td>Function and performance cookies<\/td><td>spin<\/td><td>Facebook<\/td><td>Required to use the Chat functions.<\/td><td>Required to use the Chat functions.<\/td><td>1 day<\/td><\/tr><tr><td>Facebook<\/td><td>Function and performance cookies<\/td><td>wd<\/td><td>Facebook<\/td><td>Store browser window sizes<\/td><td>Facebook uses it to optimize the page layout.<\/td><td>1 week<\/td><\/tr><tr><td>Facebook<\/td><td>Function and performance cookies<\/td><td>xs<\/td><td>Facebook<\/td><td>Session number, session encryption, \"secure\" flag if the user has enabled the secure browsing option.<\/td><td>Ez a s\u00fcti t\u00f6bb inform\u00e1ci\u00f3t tartalmaz, kett\u0151spont elv\u00e1lasztva (a kett\u0151spont az \u00e1tvitelhez a \u201c%3A\u201d \u00e9rt\u00e9kre van k\u00f3dolva).<\/td><td>1 year<\/td><\/tr><\/tbody><\/table><\/div><p><strong><br \/>GOOGLE ANALYTICS<\/strong><\/p><p>The website uses Google Analytics, a web analytics service provided by Google Inc. (\"Google\"). Google Analytics uses a specific form of cookie, stored on your computer, to analyse your use of the website. The information generated by the cookie about your use of the website is usually transmitted to and stored by Google on servers in the United States.<\/p><p>You can prevent the storage of cookies by using the appropriate settings in your browser software. You can also prevent Google from collecting and processing data (including your IP address) generated by the cookie about your use of the website by downloading and installing the browser plug-in available at https:\/\/tools.google.com\/dlpage\/gaoptout?hl=en.<\/p><p>The website also uses Google Analytics to analyse the flow of visitors through the user ID in a device-independent way. You can turn off the tracking of your usage across different devices by going to \"My information\", \"Personal information\" in your Google account.<\/p><p>Legal basis: article 6(1)(f) GDPR.<\/p><p>\u00a0<\/p><p><strong>CONTACT FORM<\/strong><\/p><p>The data controller operates a contact form on the operated websites, which helps visitors to establish contact and request information more easily.<br \/>By completing this form and ticking the checkbox below, you accept our Privacy Policy, the current version of which can be found at.<\/p><p>\u00a0<\/p><p><strong>USER DATA<\/strong><\/p><p>You can check and request changes to your settings and the data stored about you.<\/p>\t\t\t\t\t\t\t\t<\/div>\n\t\t\t\t<\/div>\n\t\t\t\t\t<\/div>\n\t\t<\/div>\n\t\t\t\t\t<\/div>\n\t\t<\/section>\n\t\t\t\t<\/div>","protected":false},"excerpt":{"rendered":"<p>Cookie Statement REQUIRED COOKIES: The cookies required are strictly necessary for the functioning of the system, without them the website cannot be used properly, and the use of cookies is necessary to ensure the legitimate interests of Mr-rent. These cookies can be used without the user's consent and cannot be turned off. Legal basis: article 6(1)(b) GDPR. FUNCTION AND FUNCTION COOKIE-K The function and ... <a title=\"Cookie Statement\" class=\"read-more\" href=\"https:\/\/roll-market.com\/en\/cookie-policy\/\" aria-label=\"Read more about Cookie Nyilatkozat\">Read more<\/a><\/p>","protected":false},"author":1,"featured_media":0,"parent":0,"menu_order":0,"comment_status":"closed","ping_status":"closed","template":"elementor_header_footer","meta":{"_acf_changed":false,"footnotes":""},"class_list":["post-593","page","type-page","status-publish"],"acf":[],"_links":{"self":[{"href":"https:\/\/roll-market.com\/en\/wp-json\/wp\/v2\/pages\/593","targetHints":{"allow":["GET"]}}],"collection":[{"href":"https:\/\/roll-market.com\/en\/wp-json\/wp\/v2\/pages"}],"about":[{"href":"https:\/\/roll-market.com\/en\/wp-json\/wp\/v2\/types\/page"}],"author":[{"embeddable":true,"href":"https:\/\/roll-market.com\/en\/wp-json\/wp\/v2\/users\/1"}],"replies":[{"embeddable":true,"href":"https:\/\/roll-market.com\/en\/wp-json\/wp\/v2\/comments?post=593"}],"version-history":[{"count":4,"href":"https:\/\/roll-market.com\/en\/wp-json\/wp\/v2\/pages\/593\/revisions"}],"predecessor-version":[{"id":597,"href":"https:\/\/roll-market.com\/en\/wp-json\/wp\/v2\/pages\/593\/revisions\/597"}],"wp:attachment":[{"href":"https:\/\/roll-market.com\/en\/wp-json\/wp\/v2\/media?parent=593"}],"curies":[{"name":"wp","href":"https:\/\/api.w.org\/{rel}","templated":true}]}}