{"id":32,"date":"2023-10-26T21:25:43","date_gmt":"2023-10-26T21:25:43","guid":{"rendered":"http:\/\/134.122.69.219\/?page_id=32"},"modified":"2023-12-20T13:42:55","modified_gmt":"2023-12-20T12:42:55","slug":"returns","status":"publish","type":"page","link":"https:\/\/roll-market.com\/en\/returns\/","title":{"rendered":"Visszak\u00fcld\u00e9s &#8211; Panaszkezel\u00e9s"},"content":{"rendered":"<div data-elementor-type=\"wp-page\" data-elementor-id=\"32\" class=\"elementor elementor-32\" data-elementor-post-type=\"page\">\n\t\t\t\t\t\t<section class=\"elementor-section elementor-top-section elementor-element elementor-element-27bd96c elementor-section-stretched elementor-section-content-middle elementor-section-boxed elementor-section-height-default elementor-section-height-default\" data-id=\"27bd96c\" data-element_type=\"section\" data-settings=\"{&quot;stretch_section&quot;:&quot;section-stretched&quot;,&quot;jet_parallax_layout_list&quot;:[{&quot;jet_parallax_layout_image&quot;:{&quot;url&quot;:&quot;&quot;,&quot;id&quot;:&quot;&quot;,&quot;size&quot;:&quot;&quot;},&quot;_id&quot;:&quot;9d879cb&quot;,&quot;jet_parallax_layout_speed&quot;:{&quot;unit&quot;:&quot;%&quot;,&quot;size&quot;:50,&quot;sizes&quot;:[]},&quot;jet_parallax_layout_image_tablet&quot;:{&quot;url&quot;:&quot;&quot;,&quot;id&quot;:&quot;&quot;,&quot;size&quot;:&quot;&quot;},&quot;jet_parallax_layout_image_mobile&quot;:{&quot;url&quot;:&quot;&quot;,&quot;id&quot;:&quot;&quot;,&quot;size&quot;:&quot;&quot;},&quot;jet_parallax_layout_type&quot;:&quot;scroll&quot;,&quot;jet_parallax_layout_direction&quot;:&quot;1&quot;,&quot;jet_parallax_layout_fx_direction&quot;:null,&quot;jet_parallax_layout_z_index&quot;:&quot;&quot;,&quot;jet_parallax_layout_bg_x&quot;:50,&quot;jet_parallax_layout_bg_x_tablet&quot;:&quot;&quot;,&quot;jet_parallax_layout_bg_x_mobile&quot;:&quot;&quot;,&quot;jet_parallax_layout_bg_y&quot;:50,&quot;jet_parallax_layout_bg_y_tablet&quot;:&quot;&quot;,&quot;jet_parallax_layout_bg_y_mobile&quot;:&quot;&quot;,&quot;jet_parallax_layout_bg_size&quot;:&quot;auto&quot;,&quot;jet_parallax_layout_bg_size_tablet&quot;:&quot;&quot;,&quot;jet_parallax_layout_bg_size_mobile&quot;:&quot;&quot;,&quot;jet_parallax_layout_animation_prop&quot;:&quot;transform&quot;,&quot;jet_parallax_layout_on&quot;:[&quot;desktop&quot;,&quot;tablet&quot;]}],&quot;background_background&quot;:&quot;classic&quot;}\">\n\t\t\t\t\t\t<div class=\"elementor-container elementor-column-gap-default\">\n\t\t\t\t\t<div class=\"elementor-column elementor-col-100 elementor-top-column elementor-element elementor-element-da6d1a1\" data-id=\"da6d1a1\" data-element_type=\"column\">\n\t\t\t<div class=\"elementor-widget-wrap elementor-element-populated\">\n\t\t\t\t\t\t<div class=\"elementor-element elementor-element-3d5b764 elementor-widget elementor-widget-heading\" data-id=\"3d5b764\" data-element_type=\"widget\" data-widget_type=\"heading.default\">\n\t\t\t\t<div class=\"elementor-widget-container\">\n\t\t\t\t\t<h1 class=\"elementor-heading-title elementor-size-default\">COMPLAINT HANDLING, WARRANTY<\/h1>\t\t\t\t<\/div>\n\t\t\t\t<\/div>\n\t\t\t\t\t<\/div>\n\t\t<\/div>\n\t\t\t\t\t<\/div>\n\t\t<\/section>\n\t\t\t\t<section class=\"elementor-section elementor-top-section elementor-element elementor-element-ef43bab elementor-section-boxed elementor-section-height-default elementor-section-height-default\" data-id=\"ef43bab\" data-element_type=\"section\" data-settings=\"{&quot;jet_parallax_layout_list&quot;:[]}\">\n\t\t\t\t\t\t<div class=\"elementor-container elementor-column-gap-default\">\n\t\t\t\t\t<div class=\"elementor-column elementor-col-100 elementor-top-column elementor-element elementor-element-a922e2e\" data-id=\"a922e2e\" data-element_type=\"column\">\n\t\t\t<div class=\"elementor-widget-wrap elementor-element-populated\">\n\t\t\t\t\t\t<div class=\"elementor-element elementor-element-15c4fe6 elementor-widget elementor-widget-text-editor\" data-id=\"15c4fe6\" data-element_type=\"widget\" data-widget_type=\"text-editor.default\">\n\t\t\t\t<div class=\"elementor-widget-container\">\n\t\t\t\t\t\t\t\t\t<div class=\"rich-text__text rte\"><h4><strong>PANEL PROCEDURE <\/strong><\/h4><p>In the event of a complaint, the consumer can complain as follows:<\/p><p>Contact the seller by e-mail, the internet or telephone. The Buyer can make a complaint about the service orally or in writing. The seller must reply to the complaint within 30 days, in particular by e-mail to the e-mail address provided by the Buyer. If the complaint is rejected, the seller must state the reasons for his decision and inform the Buyer of the authority or conciliation body to which he may refer the complaint.<\/p><p>If the product is defective within the warranty period, the customer has the right to request that the defect be remedied. If the complaint has been settled by replacing the goods with a new product, the guarantee period will start again from the date of replacement. In the event of an unjustified complaint, the guarantee period shall not be extended. The Buyer will be informed immediately of the result of the assessment.<\/p><p>The buyer must return the product in secure packaging to ensure that it remains intact during transport. The product should be dispatched only after prior notification of the seller (by phone or e-mail). The seller will not accept goods sent COD. The returned product must be accompanied by the invoice or a copy thereof. The cost of transporting the claimed goods to the service centre is borne by the buyer from the buyer to the seller. The seller shall bear the costs of returning the goods once a valid claim has been established.<\/p><h4><strong>ADVICE <\/strong><\/h4><p>The warranty conditions are as follows:<\/p><p><strong>Start of qualifying period<\/strong>: The warranty period starts from the date of sale of the product.<\/p><p><strong>Limitation of the standstill period<\/strong>: If the device is used for rental or commercial purposes, the warranty period is limited to 30 days.<\/p><p><strong>Battery warranty<\/strong>: The battery warranty period is 6 months.<\/p><p><strong>Obligation of good repute<\/strong>: ROLL-MARKET.COM shall repair or replace any <strong>manufacturing defect<\/strong> part within the warranty period.<\/p><p>Under these conditions, customers can rely on ROLL-MARKET.COM's support if the products show manufacturing defects within the warranty period.<\/p><h4><strong>WARRANTY AND SERVICE <\/strong><\/h4><p>The guarantee is valid only if the product is used for its intended purpose.<\/p><p>In the cases listed below, ROLL-MARKET.COM does not provide warranty protection:<\/p><ul><li>damage resulting from the use of a repair or maintenance method not carried out in accordance with the instructions<\/li><li>damage resulting from the use of scooters in competition<\/li><li>wear parts (e.g. tyres, brakes, bulbs, etc.)<\/li><li>damage from improper transport or storage<\/li><li>the rented product has limited warranty protection (see above)<\/li><li>damage or defect caused by external impact, damage or defect.<\/li><li>in the event of demand exceeding the technically prescribed capacity<\/li><li>for changes made to the device<\/li><li>damage resulting from misuse<\/li><li>when the device's km counter exceeds 2000 km.<\/li><\/ul><h4><strong>SAFE USE<\/strong><\/h4><p>One passenger uses the device at a time.<\/p><p>Make sure you obey traffic rules.<\/p><p>Always stand with both feet on the device and hold the handlebars with both hands.<\/p><p>Please wear safety equipment when using the scooter.<\/p><p>Practise in safe places before using your scooter in traffic.<\/p><p>For your safety, set the maximum speed to 25 km\/h. Above 15 km\/h, turn on the lights.<\/p><p>Do not switch on the scooter in temperatures below -5\u00b0C.<\/p><p>Do not use flammable materials to clean the scooter.<\/p><p>Do not clean with a pressure washer.<\/p><p>Follow the traffic rules.<\/p><p>When not in use, keep the device in a dry, cool place.<\/p><p>Please slow down or dismount when travelling on uneven roads.<\/p><p>Do not use the scooter on slippery surfaces.<\/p><p>Do not drive into water puddles deeper than 3 cm.<\/p><p>Do not use the scooter in bad weather conditions (e.g. rain, snow)<\/p><p>Please do not exceed the maximum load capacity of the scooter.<\/p><p>Please do not use the scooter when it is too hot or too cold. Keep away from flammable materials and open flames. Do not expose to strong sunlight.<\/p><\/div>\t\t\t\t\t\t\t\t<\/div>\n\t\t\t\t<\/div>\n\t\t\t\t\t<\/div>\n\t\t<\/div>\n\t\t\t\t\t<\/div>\n\t\t<\/section>\n\t\t\t\t<\/div>","protected":false},"excerpt":{"rendered":"<p>PANASZKEZEL\u00c9S, GARANCIA \u00c1RUPANASZ ELJ\u00c1R\u00c1S A fogyaszt\u00f3 panasz eset\u00e9n a k\u00f6vetkez\u0151k\u00e9ppen tehet panaszt: Az elad\u00f3val val\u00f3 kapcsolatfelv\u00e9tel e-mailben, az interneten vagy telefonon. A Vev\u0151 sz\u00f3ban \u00e9s \u00edr\u00e1sban is kifejtheti panasz\u00e1t a szolg\u00e1ltat\u00e1ssal kapcsolatban. Az elad\u00f3 k\u00f6teles a panaszt 30 napon bel\u00fcl \u00e9rdemben megv\u00e1laszolni, els\u0151sorban a Vev\u0151 \u00e1ltal megadott e-mail c\u00edmre elk\u00fcldve. Amennyiben a panaszt elutas\u00edtj\u00e1k, az &#8230; <a title=\"Return - Complaint handling\" class=\"read-more\" href=\"https:\/\/roll-market.com\/en\/returns\/\" aria-label=\"Read more about Visszak\u00fcld\u00e9s &#8211; Panaszkezel\u00e9s\">Read more<\/a><\/p>","protected":false},"author":1,"featured_media":0,"parent":0,"menu_order":0,"comment_status":"closed","ping_status":"closed","template":"elementor_header_footer","meta":{"_acf_changed":false,"footnotes":""},"class_list":["post-32","page","type-page","status-publish"],"acf":[],"_links":{"self":[{"href":"https:\/\/roll-market.com\/en\/wp-json\/wp\/v2\/pages\/32","targetHints":{"allow":["GET"]}}],"collection":[{"href":"https:\/\/roll-market.com\/en\/wp-json\/wp\/v2\/pages"}],"about":[{"href":"https:\/\/roll-market.com\/en\/wp-json\/wp\/v2\/types\/page"}],"author":[{"embeddable":true,"href":"https:\/\/roll-market.com\/en\/wp-json\/wp\/v2\/users\/1"}],"replies":[{"embeddable":true,"href":"https:\/\/roll-market.com\/en\/wp-json\/wp\/v2\/comments?post=32"}],"version-history":[{"count":22,"href":"https:\/\/roll-market.com\/en\/wp-json\/wp\/v2\/pages\/32\/revisions"}],"predecessor-version":[{"id":1019,"href":"https:\/\/roll-market.com\/en\/wp-json\/wp\/v2\/pages\/32\/revisions\/1019"}],"wp:attachment":[{"href":"https:\/\/roll-market.com\/en\/wp-json\/wp\/v2\/media?parent=32"}],"curies":[{"name":"wp","href":"https:\/\/api.w.org\/{rel}","templated":true}]}}