{"id":720,"date":"2023-11-10T13:40:51","date_gmt":"2023-11-10T12:40:51","guid":{"rendered":"http:\/\/134.122.69.219\/?post_type=product&#038;p=720"},"modified":"2024-08-05T11:11:56","modified_gmt":"2024-08-05T10:11:56","slug":"tuya-pro-2","status":"publish","type":"product","link":"https:\/\/roll-market.com\/de\/product\/tuya-pro-2\/","title":{"rendered":"Tuya PRO 2"},"content":{"rendered":"<div class=\"flex flex-grow flex-col max-w-full gap-3 gizmo:gap-0\">\n<div class=\"min-h-[20px] text-message peer flex flex-col items-start gap-3 whitespace-pre-wrap break-words peer-[.text-message]:mt-5 overflow-x-auto\" data-message-author-role=\"assistant\" data-message-id=\"fe82b406-e26b-4b64-a1c4-2497dd520dd2\">\n<div class=\"markdown prose w-full break-words dark:prose-invert dark\">\n<p><strong>Entdecken Sie den Elektroroller Tuya Pro 2, der sich durch hohe Leistung und eine Reihe beeindruckender Funktionen auszeichnet:<\/strong><\/p>\n<ul>\n<li><strong>20km Reisekapazit\u00e4t:<\/strong> Mit einer Reichweite von 20 Kilometern bietet der Scooter zus\u00e4tzliche Fahrm\u00f6glichkeiten.<\/li>\n<li><strong>Intelligente Anwendungssteuerung:<\/strong> Mit der AovoPro-App k\u00f6nnen Sie den Roller ganz einfach ver- und entriegeln sowie Geschwindigkeit, Batteriestatus und Leistung \u00fcberwachen. Dar\u00fcber hinaus k\u00f6nnen Sie die Beleuchtung steuern, die automatische Abschaltzeit einstellen und aus vier Geschwindigkeitsstufen w\u00e4hlen.<\/li>\n<li><strong>Schnelle Fortschritte:<\/strong> Mit einer H\u00f6chstgeschwindigkeit von 31km\/h und vier verschiedenen Geschwindigkeitsstufen (6KM\/H, 15KM\/H, 20KM\/H, 25KM\/H) kann der Scooter auf eine variable Geschwindigkeit eingestellt werden.<\/li>\n<li><strong>Massives Design:<\/strong> Der 120 kg schwere Scooter ist aus einer Aluminiumlegierung gefertigt und sehr robust und langlebig. Angetrieben von einem 350W-Motor, kann er Steigungen von bis zu 20 Grad \u00fcberwinden.<\/li>\n<li><strong>Sicherheit steht an erster Stelle:<\/strong> Das doppelte Bremssystem (elektrische Vorderbremse und hintere Scheibenbremse) garantiert einen schnellen und sicheren Halt. Der Scooter hat eine Schutzart von IP65.<\/li>\n<li><strong>Leicht tragbar:<\/strong> Der Scooter l\u00e4sst sich in 3 Sekunden zusammenklappen, um ihn einfach zu verstauen und zu transportieren. Er wiegt 12,5 kg und verf\u00fcgt \u00fcber einen zuverl\u00e4ssigen Klappmechanismus.<\/li>\n<li><strong>Ein angenehmes Fahrerlebnis:<\/strong> Funktionen wie eine laute Metallklingel, ein LCD-Farbdisplay und ein Tempomat machen die Fahrt zum Vergn\u00fcgen.<\/li>\n<li><strong>Eine komfortable und m\u00e4ngelfreie Reise:<\/strong> 8,5-Zoll-Antirutschreifen mit Wabenstruktur und pannensicheren Reifen sorgen f\u00fcr eine komfortable Fahrt.<\/li>\n<\/ul>\n<\/div>\n<\/div>\n<\/div>","protected":false},"excerpt":{"rendered":"<div class=\"flex flex-grow flex-col max-w-full gap-3 gizmo:gap-0\">\n<div class=\"min-h-[20px] text-message peer flex flex-col items-start gap-3 whitespace-pre-wrap break-words peer-[.text-message]:mt-5 overflow-x-auto\" data-message-author-role=\"assistant\" data-message-id=\"7f7da77a-26cd-4499-a268-85510afce9d5\">\n<div class=\"markdown prose w-full break-words dark:prose-invert dark\">\n<p>Der Tuya Pro 2 ist ein Elektroroller, der beeindruckende Geschwindigkeit, lange Lebensdauer, ein hohes Ma\u00df an Sicherheit und fortschrittliche technologische Funktionen zu einem einzigartigen, hochwertigen Fahrerlebnis vereint.<\/p>\n<\/div>\n<\/div>\n<\/div>","protected":false},"featured_media":721,"comment_status":"open","ping_status":"closed","template":"","meta":{"_acf_changed":false},"product_brand":[],"product_cat":[15,20,34],"product_tag":[],"class_list":{"0":"post-720","1":"product","2":"type-product","3":"status-publish","4":"has-post-thumbnail","6":"product_cat-rollerek","7":"product_cat-hetvegi-rollerek","8":"product_cat-tuya","10":"first","11":"outofstock","12":"sale","13":"shipping-taxable","14":"purchasable","15":"product-type-simple"},"acf":[],"_links":{"self":[{"href":"https:\/\/roll-market.com\/de\/wp-json\/wp\/v2\/product\/720","targetHints":{"allow":["GET"]}}],"collection":[{"href":"https:\/\/roll-market.com\/de\/wp-json\/wp\/v2\/product"}],"about":[{"href":"https:\/\/roll-market.com\/de\/wp-json\/wp\/v2\/types\/product"}],"replies":[{"embeddable":true,"href":"https:\/\/roll-market.com\/de\/wp-json\/wp\/v2\/comments?post=720"}],"wp:featuredmedia":[{"embeddable":true,"href":"https:\/\/roll-market.com\/de\/wp-json\/wp\/v2\/media\/721"}],"wp:attachment":[{"href":"https:\/\/roll-market.com\/de\/wp-json\/wp\/v2\/media?parent=720"}],"wp:term":[{"taxonomy":"product_brand","embeddable":true,"href":"https:\/\/roll-market.com\/de\/wp-json\/wp\/v2\/product_brand?post=720"},{"taxonomy":"product_cat","embeddable":true,"href":"https:\/\/roll-market.com\/de\/wp-json\/wp\/v2\/product_cat?post=720"},{"taxonomy":"product_tag","embeddable":true,"href":"https:\/\/roll-market.com\/de\/wp-json\/wp\/v2\/product_tag?post=720"}],"curies":[{"name":"wp","href":"https:\/\/api.w.org\/{rel}","templated":true}]}}