{"id":5670,"date":"2025-06-12T15:35:46","date_gmt":"2025-06-12T13:35:46","guid":{"rendered":"https:\/\/roll-market.com\/?post_type=product&#038;p=5670"},"modified":"2026-04-20T23:04:20","modified_gmt":"2026-04-20T21:04:20","slug":"kugoo-kukirin-a1-2025-800w-13ah","status":"publish","type":"product","link":"https:\/\/roll-market.com\/de\/product\/kugoo-kukirin-a1-2025-800w-13ah\/","title":{"rendered":"Kugoo KuKirin A1 2026 800W 13Ah"},"content":{"rendered":"<p>Der Kugoo KuKirin A1 Elektroroller ist die perfekte Wahl f\u00fcr alle, die ein zuverl\u00e4ssiges und komfortables Fortbewegungsmittel sowohl in der Stadt als auch auf der Stra\u00dfe suchen. Dieser Roller bietet eine gro\u00dfartige Alternative sowohl f\u00fcr die Freizeit als auch f\u00fcr den t\u00e4glichen Gebrauch.<\/p>","protected":false},"excerpt":{"rendered":"<p>Der Kugoo KuKirin A1 Elektroroller ist die perfekte Wahl f\u00fcr alle, die ein zuverl\u00e4ssiges und komfortables Fortbewegungsmittel sowohl in der Stadt als auch auf der Stra\u00dfe suchen. Dieser Roller bietet eine gro\u00dfartige Alternative sowohl f\u00fcr die Freizeit als auch f\u00fcr den t\u00e4glichen Gebrauch.<\/p>","protected":false},"featured_media":5338,"comment_status":"open","ping_status":"closed","template":"","meta":{"_acf_changed":false},"product_brand":[],"product_cat":[15,18,21],"product_tag":[],"class_list":{"0":"post-5670","1":"product","2":"type-product","3":"status-publish","4":"has-post-thumbnail","6":"product_cat-rollerek","7":"product_cat-kugoo","8":"product_cat-performance-rollerek","10":"first","11":"instock","12":"sale","13":"shipping-taxable","14":"purchasable","15":"product-type-simple"},"acf":[],"_links":{"self":[{"href":"https:\/\/roll-market.com\/de\/wp-json\/wp\/v2\/product\/5670","targetHints":{"allow":["GET"]}}],"collection":[{"href":"https:\/\/roll-market.com\/de\/wp-json\/wp\/v2\/product"}],"about":[{"href":"https:\/\/roll-market.com\/de\/wp-json\/wp\/v2\/types\/product"}],"replies":[{"embeddable":true,"href":"https:\/\/roll-market.com\/de\/wp-json\/wp\/v2\/comments?post=5670"}],"wp:featuredmedia":[{"embeddable":true,"href":"https:\/\/roll-market.com\/de\/wp-json\/wp\/v2\/media\/5338"}],"wp:attachment":[{"href":"https:\/\/roll-market.com\/de\/wp-json\/wp\/v2\/media?parent=5670"}],"wp:term":[{"taxonomy":"product_brand","embeddable":true,"href":"https:\/\/roll-market.com\/de\/wp-json\/wp\/v2\/product_brand?post=5670"},{"taxonomy":"product_cat","embeddable":true,"href":"https:\/\/roll-market.com\/de\/wp-json\/wp\/v2\/product_cat?post=5670"},{"taxonomy":"product_tag","embeddable":true,"href":"https:\/\/roll-market.com\/de\/wp-json\/wp\/v2\/product_tag?post=5670"}],"curies":[{"name":"wp","href":"https:\/\/api.w.org\/{rel}","templated":true}]}}