{"id":392,"date":"2023-10-31T17:55:20","date_gmt":"2023-10-31T16:55:20","guid":{"rendered":"http:\/\/134.122.69.219\/?post_type=product&#038;p=392"},"modified":"2025-05-05T10:30:36","modified_gmt":"2025-05-05T08:30:36","slug":"joyor-s10-s","status":"publish","type":"product","link":"https:\/\/roll-market.com\/de\/product\/joyor-s10-s\/","title":{"rendered":"JOYOR-S10-S 2X1000W 18AH"},"content":{"rendered":"<p>Der Joyor S10-S ist ein recht robuster Scooter mit hydraulischen Scheibenbremsen vorne und hinten und doppelter Federung vorne und hinten. Diese Konstruktion garantiert eine ruhige und sichere Fahrt auch auf unebenem Gel\u00e4nde. Die Vorder- und R\u00fccklichter sorgen f\u00fcr Beleuchtung bei Nachtfahrten, was zu einer sicheren und unbeschwerten Fahrt auch bei Dunkelheit beitr\u00e4gt.<\/p>","protected":false},"excerpt":{"rendered":"<p>Der Joyor S10-S ist ein extrem leistungsstarker und robuster Scooter, der von zwei 1000-Watt-Motoren angetrieben wird. Er kann Strecken von bis zu 70-85 Kilometern zur\u00fccklegen und erreicht dabei Spitzengeschwindigkeiten von bis zu 65 km\/h.<\/p>","protected":false},"featured_media":394,"comment_status":"open","ping_status":"closed","template":"","meta":{"_acf_changed":false},"product_brand":[],"product_cat":[15,17,21],"product_tag":[],"class_list":{"0":"post-392","1":"product","2":"type-product","3":"status-publish","4":"has-post-thumbnail","6":"product_cat-rollerek","7":"product_cat-joyor","8":"product_cat-performance-rollerek","10":"first","11":"outofstock","12":"sale","13":"shipping-taxable","14":"purchasable","15":"product-type-simple"},"acf":[],"_links":{"self":[{"href":"https:\/\/roll-market.com\/de\/wp-json\/wp\/v2\/product\/392","targetHints":{"allow":["GET"]}}],"collection":[{"href":"https:\/\/roll-market.com\/de\/wp-json\/wp\/v2\/product"}],"about":[{"href":"https:\/\/roll-market.com\/de\/wp-json\/wp\/v2\/types\/product"}],"replies":[{"embeddable":true,"href":"https:\/\/roll-market.com\/de\/wp-json\/wp\/v2\/comments?post=392"}],"wp:featuredmedia":[{"embeddable":true,"href":"https:\/\/roll-market.com\/de\/wp-json\/wp\/v2\/media\/394"}],"wp:attachment":[{"href":"https:\/\/roll-market.com\/de\/wp-json\/wp\/v2\/media?parent=392"}],"wp:term":[{"taxonomy":"product_brand","embeddable":true,"href":"https:\/\/roll-market.com\/de\/wp-json\/wp\/v2\/product_brand?post=392"},{"taxonomy":"product_cat","embeddable":true,"href":"https:\/\/roll-market.com\/de\/wp-json\/wp\/v2\/product_cat?post=392"},{"taxonomy":"product_tag","embeddable":true,"href":"https:\/\/roll-market.com\/de\/wp-json\/wp\/v2\/product_tag?post=392"}],"curies":[{"name":"wp","href":"https:\/\/api.w.org\/{rel}","templated":true}]}}