{"id":380,"date":"2023-10-31T18:49:07","date_gmt":"2023-10-31T16:49:07","guid":{"rendered":"http:\/\/134.122.69.219\/?post_type=product&#038;p=380"},"modified":"2026-04-22T23:04:06","modified_gmt":"2026-04-22T21:04:06","slug":"kugoo-kirin-g2-pro-600w-15ah-45km-h","status":"publish","type":"product","link":"https:\/\/roll-market.com\/de\/product\/kugoo-kirin-g2-pro-600w-15ah-45km-h\/","title":{"rendered":"KUKIRIN G2 PRO 2.0 600W 15AH 45KM\/H 2026"},"content":{"rendered":"<p>Mit einer Gesamtl\u00e4nge von 120 cm, einer maximalen H\u00f6he von 128 cm und einem Gewicht von nur 24 kg (ohne Sitz) l\u00e4sst er sich leicht allein anheben. Er passt z. B. bequem in den Kofferraum und kann bei Bedarf leicht ein paar Stufen hochgehoben werden. Seine Belastbarkeit ist mit bis zu 120 kg nach Werksangaben recht gut. Der Aluminiumrahmen ist robust und verf\u00fcgt \u00fcber eine Vorder- und Hinterradschwingenfederung, was f\u00fcr l\u00e4ngere Fahrten sowohl in der Stadt als auch im Gel\u00e4nde sehr n\u00fctzlich ist.<\/p>","protected":false},"excerpt":{"rendered":"<p>Der Kugoo Kirin G2 PRO ist ein wirklich robuster Elektroroller. Sein 600-W-Motor und sein 15-Ah-Akku erm\u00f6glichen eine Reichweite von bis zu 55 km und eine Geschwindigkeit von bis zu 45 km\/h.<\/p>","protected":false},"featured_media":4130,"comment_status":"open","ping_status":"closed","template":"","meta":{"_acf_changed":false},"product_brand":[],"product_cat":[15,18,21],"product_tag":[],"class_list":{"0":"post-380","1":"product","2":"type-product","3":"status-publish","4":"has-post-thumbnail","6":"product_cat-rollerek","7":"product_cat-kugoo","8":"product_cat-performance-rollerek","10":"first","11":"instock","12":"sale","13":"shipping-taxable","14":"purchasable","15":"product-type-simple"},"acf":[],"_links":{"self":[{"href":"https:\/\/roll-market.com\/de\/wp-json\/wp\/v2\/product\/380","targetHints":{"allow":["GET"]}}],"collection":[{"href":"https:\/\/roll-market.com\/de\/wp-json\/wp\/v2\/product"}],"about":[{"href":"https:\/\/roll-market.com\/de\/wp-json\/wp\/v2\/types\/product"}],"replies":[{"embeddable":true,"href":"https:\/\/roll-market.com\/de\/wp-json\/wp\/v2\/comments?post=380"}],"wp:featuredmedia":[{"embeddable":true,"href":"https:\/\/roll-market.com\/de\/wp-json\/wp\/v2\/media\/4130"}],"wp:attachment":[{"href":"https:\/\/roll-market.com\/de\/wp-json\/wp\/v2\/media?parent=380"}],"wp:term":[{"taxonomy":"product_brand","embeddable":true,"href":"https:\/\/roll-market.com\/de\/wp-json\/wp\/v2\/product_brand?post=380"},{"taxonomy":"product_cat","embeddable":true,"href":"https:\/\/roll-market.com\/de\/wp-json\/wp\/v2\/product_cat?post=380"},{"taxonomy":"product_tag","embeddable":true,"href":"https:\/\/roll-market.com\/de\/wp-json\/wp\/v2\/product_tag?post=380"}],"curies":[{"name":"wp","href":"https:\/\/api.w.org\/{rel}","templated":true}]}}