{"id":366,"date":"2023-10-31T16:45:43","date_gmt":"2023-10-31T16:45:43","guid":{"rendered":"http:\/\/134.122.69.219\/?post_type=product&#038;p=366"},"modified":"2024-08-05T11:02:59","modified_gmt":"2024-08-05T10:02:59","slug":"kugoo-kirin-g3-pro-2x1200w-23ah-65km-h","status":"publish","type":"product","link":"https:\/\/roll-market.com\/de\/product\/kugoo-kirin-g3-pro-2x1200w-23ah-65km-h\/","title":{"rendered":"KUGOO KIRIN G3 PRO 2X1200W 23AH 65KM\/H"},"content":{"rendered":"<p>Das G3 Pro ist ein Modell mit herausragendem Design. Der G3 Pro ist die optimale Wahl f\u00fcr diejenigen, die wissen, was sie wollen. F\u00fcr die Rollerfahren nicht nur ein Transportmittel ist, sondern auch Spa\u00df macht. Dank seines Doppelmotors ist er in der Lage, steile H\u00fcgel hinaufzufahren, an die Sie nicht einmal denken w\u00fcrden. Das hydraulische Bremssystem eignet sich hervorragend zum dynamischen Verz\u00f6gern und Bremsen. Die Sto\u00dfd\u00e4mpfung arbeitet mit beeindruckender Effizienz und nimmt die Herausforderungen des holprigsten Gel\u00e4ndes mit Leichtigkeit an.<\/p>","protected":false},"excerpt":{"rendered":"<p>Der Kugoo Kirin G3 Pro Off-Road-Elektroroller verf\u00fcgt \u00fcber zwei 1200-Watt-Motoren, eine austauschbare 52-Volt-Batterie mit 23,2 Ah, 10-Zoll-Gel\u00e4ndereifen, eine Reichweite von 80 km und eine H\u00f6chstgeschwindigkeit von 65 km\/h.<\/p>","protected":false},"featured_media":374,"comment_status":"open","ping_status":"closed","template":"","meta":{"_acf_changed":false},"product_brand":[],"product_cat":[15,18,21],"product_tag":[],"class_list":{"0":"post-366","1":"product","2":"type-product","3":"status-publish","4":"has-post-thumbnail","6":"product_cat-rollerek","7":"product_cat-kugoo","8":"product_cat-performance-rollerek","10":"first","11":"outofstock","12":"sale","13":"shipping-taxable","14":"purchasable","15":"product-type-simple"},"acf":[],"_links":{"self":[{"href":"https:\/\/roll-market.com\/de\/wp-json\/wp\/v2\/product\/366","targetHints":{"allow":["GET"]}}],"collection":[{"href":"https:\/\/roll-market.com\/de\/wp-json\/wp\/v2\/product"}],"about":[{"href":"https:\/\/roll-market.com\/de\/wp-json\/wp\/v2\/types\/product"}],"replies":[{"embeddable":true,"href":"https:\/\/roll-market.com\/de\/wp-json\/wp\/v2\/comments?post=366"}],"wp:featuredmedia":[{"embeddable":true,"href":"https:\/\/roll-market.com\/de\/wp-json\/wp\/v2\/media\/374"}],"wp:attachment":[{"href":"https:\/\/roll-market.com\/de\/wp-json\/wp\/v2\/media?parent=366"}],"wp:term":[{"taxonomy":"product_brand","embeddable":true,"href":"https:\/\/roll-market.com\/de\/wp-json\/wp\/v2\/product_brand?post=366"},{"taxonomy":"product_cat","embeddable":true,"href":"https:\/\/roll-market.com\/de\/wp-json\/wp\/v2\/product_cat?post=366"},{"taxonomy":"product_tag","embeddable":true,"href":"https:\/\/roll-market.com\/de\/wp-json\/wp\/v2\/product_tag?post=366"}],"curies":[{"name":"wp","href":"https:\/\/api.w.org\/{rel}","templated":true}]}}