{"id":343,"date":"2023-10-31T16:29:40","date_gmt":"2023-10-31T16:29:40","guid":{"rendered":"http:\/\/134.122.69.219\/?post_type=product&#038;p=343"},"modified":"2025-12-09T00:05:55","modified_gmt":"2025-12-08T22:05:55","slug":"aovo-pro-esmax-500w-145ah-35km-h","status":"publish","type":"product","link":"https:\/\/roll-market.com\/de\/product\/aovo-pro-esmax-500w-145ah-35km-h\/","title":{"rendered":"AOVO PRO ESMAX 500W 14,5AH 35KM\/H"},"content":{"rendered":"<p>Er ist auch f\u00fcr l\u00e4ngere Strecken geeignet und ideal f\u00fcr diejenigen, die Wert auf Reichweite legen. Dank seiner Luftbereifung und der Sto\u00dfd\u00e4mpfung vorne und hinten bietet er ein angenehmeres Fahrgef\u00fchl. Dank seines Faltsystems l\u00e4sst sich der ESMAX leicht transportieren und im Auto oder in \u00f6ffentlichen Verkehrsmitteln verstauen. Genie\u00dfen Sie grenzenlose M\u00f6glichkeiten und erleben Sie etwas Besonderes mit dem ESMAX.<\/p>","protected":false},"excerpt":{"rendered":"<p>Der Aovo Pro ESMAX ist extrem leicht und kompakt f\u00fcr den komfortablen Einsatz sowohl in der Stadt als auch im Gel\u00e4nde.<\/p>","protected":false},"featured_media":346,"comment_status":"open","ping_status":"closed","template":"","meta":{"_acf_changed":false},"product_brand":[],"product_cat":[15,30,16,20],"product_tag":[],"class_list":{"0":"post-343","1":"product","2":"type-product","3":"status-publish","4":"has-post-thumbnail","6":"product_cat-rollerek","7":"product_cat-akcios-rollerek","8":"product_cat-aovo","9":"product_cat-hetvegi-rollerek","11":"first","12":"outofstock","13":"sale","14":"shipping-taxable","15":"purchasable","16":"product-type-simple"},"acf":[],"_links":{"self":[{"href":"https:\/\/roll-market.com\/de\/wp-json\/wp\/v2\/product\/343","targetHints":{"allow":["GET"]}}],"collection":[{"href":"https:\/\/roll-market.com\/de\/wp-json\/wp\/v2\/product"}],"about":[{"href":"https:\/\/roll-market.com\/de\/wp-json\/wp\/v2\/types\/product"}],"replies":[{"embeddable":true,"href":"https:\/\/roll-market.com\/de\/wp-json\/wp\/v2\/comments?post=343"}],"wp:featuredmedia":[{"embeddable":true,"href":"https:\/\/roll-market.com\/de\/wp-json\/wp\/v2\/media\/346"}],"wp:attachment":[{"href":"https:\/\/roll-market.com\/de\/wp-json\/wp\/v2\/media?parent=343"}],"wp:term":[{"taxonomy":"product_brand","embeddable":true,"href":"https:\/\/roll-market.com\/de\/wp-json\/wp\/v2\/product_brand?post=343"},{"taxonomy":"product_cat","embeddable":true,"href":"https:\/\/roll-market.com\/de\/wp-json\/wp\/v2\/product_cat?post=343"},{"taxonomy":"product_tag","embeddable":true,"href":"https:\/\/roll-market.com\/de\/wp-json\/wp\/v2\/product_tag?post=343"}],"curies":[{"name":"wp","href":"https:\/\/api.w.org\/{rel}","templated":true}]}}