{"id":2016,"date":"2024-06-24T11:05:14","date_gmt":"2024-06-24T09:05:14","guid":{"rendered":"http:\/\/134.122.69.219\/?post_type=product&#038;p=2016"},"modified":"2026-04-20T23:04:18","modified_gmt":"2026-04-20T21:04:18","slug":"kugoo-kukirin-g2","status":"publish","type":"product","link":"https:\/\/roll-market.com\/de\/product\/kugoo-kukirin-g2\/","title":{"rendered":"KuKirin G2 2026 800W 15ah 45km\/h"},"content":{"rendered":"<p class=\"p1\">Der KuKirin G2 Elektroroller ist mit 10-Zoll-Gel\u00e4ndereifen und Federstossd\u00e4mpfern vorne und hinten ausgestattet. Seine hervorragende Griffigkeit und sto\u00dfd\u00e4mpfende Wirkung sorgt f\u00fcr ein reibungsloses Rollen unter verschiedenen Stra\u00dfenbedingungen. Die Sto\u00dfd\u00e4mpfung, die gro\u00dfen R\u00e4der und das doppelte Bremssystem erh\u00f6hen die Fahrsicherheit und den Fahrkomfort. Egal, ob Sie ihn auf st\u00e4dtischen Asphaltstra\u00dfen oder l\u00e4ndlichen Schotterstra\u00dfen benutzen, der KuKirin G2 wird es mit Leichtigkeit bew\u00e4ltigen und Ihnen ein unvergleichliches Fahrerlebnis bieten.<\/p>","protected":false},"excerpt":{"rendered":"<p class=\"p1\">Der KuKirin G2 Elektroroller ist mit 10-Zoll-Gel\u00e4ndereifen, vorderen und hinteren Federsto\u00dfd\u00e4mpfern ausgestattet. Seine hervorragende Haftung und sto\u00dfd\u00e4mpfende Wirkung sorgt f\u00fcr reibungsloses Rollen in verschiedenen Stra\u00dfenbedingungen.<\/p>","protected":false},"featured_media":4932,"comment_status":"open","ping_status":"closed","template":"","meta":{"_acf_changed":false},"product_brand":[],"product_cat":[21,18,15],"product_tag":[],"class_list":{"0":"post-2016","1":"product","2":"type-product","3":"status-publish","4":"has-post-thumbnail","6":"product_cat-performance-rollerek","7":"product_cat-kugoo","8":"product_cat-rollerek","10":"first","11":"instock","12":"sale","13":"shipping-taxable","14":"purchasable","15":"product-type-simple"},"acf":[],"_links":{"self":[{"href":"https:\/\/roll-market.com\/de\/wp-json\/wp\/v2\/product\/2016","targetHints":{"allow":["GET"]}}],"collection":[{"href":"https:\/\/roll-market.com\/de\/wp-json\/wp\/v2\/product"}],"about":[{"href":"https:\/\/roll-market.com\/de\/wp-json\/wp\/v2\/types\/product"}],"replies":[{"embeddable":true,"href":"https:\/\/roll-market.com\/de\/wp-json\/wp\/v2\/comments?post=2016"}],"wp:featuredmedia":[{"embeddable":true,"href":"https:\/\/roll-market.com\/de\/wp-json\/wp\/v2\/media\/4932"}],"wp:attachment":[{"href":"https:\/\/roll-market.com\/de\/wp-json\/wp\/v2\/media?parent=2016"}],"wp:term":[{"taxonomy":"product_brand","embeddable":true,"href":"https:\/\/roll-market.com\/de\/wp-json\/wp\/v2\/product_brand?post=2016"},{"taxonomy":"product_cat","embeddable":true,"href":"https:\/\/roll-market.com\/de\/wp-json\/wp\/v2\/product_cat?post=2016"},{"taxonomy":"product_tag","embeddable":true,"href":"https:\/\/roll-market.com\/de\/wp-json\/wp\/v2\/product_tag?post=2016"}],"curies":[{"name":"wp","href":"https:\/\/api.w.org\/{rel}","templated":true}]}}