{"id":142,"date":"2023-10-29T15:04:54","date_gmt":"2023-10-29T13:04:54","guid":{"rendered":"http:\/\/134.122.69.219\/?post_type=product&#038;p=142"},"modified":"2026-04-20T11:49:02","modified_gmt":"2026-04-20T09:49:02","slug":"aovo-es80","status":"publish","type":"product","link":"https:\/\/roll-market.com\/de\/product\/aovo-es80\/","title":{"rendered":"AOVO ES80 350W 10.5AH 31KM\/H 2025"},"content":{"rendered":"<p>Dank seiner Konstruktion aus Flugzeugaluminium eignet er sich nicht nur f\u00fcr die Stadt, sondern auch f\u00fcr raue Stra\u00dfen. Es ist auch eine gute Wahl f\u00fcr regnerische Tage, da sein IP64-Design sicherstellt, dass es nassem Wetter gut standh\u00e4lt. Die Batteriekapazit\u00e4t bietet eine Reichweite von bis zu 35 km mit einer einzigen Ladung. Der Roller ist faltbar f\u00fcr einfachen Transport und Lagerung.<\/p>","protected":false},"excerpt":{"rendered":"<div class=\"product__description rte quick-add-hidden\">Der Aovo ProES80 M365 Elektroroller ist einfach zu bedienen und ein beliebtes Transportmittel. Er hat einen leistungsstarken Motor, der bis zu 31 km\/h beschleunigen kann.<\/div>","protected":false},"featured_media":143,"comment_status":"open","ping_status":"closed","template":"","meta":{"_acf_changed":false},"product_brand":[],"product_cat":[15,16,20],"product_tag":[],"class_list":{"0":"post-142","1":"product","2":"type-product","3":"status-publish","4":"has-post-thumbnail","6":"product_cat-rollerek","7":"product_cat-aovo","8":"product_cat-hetvegi-rollerek","10":"first","11":"instock","12":"sale","13":"shipping-taxable","14":"purchasable","15":"product-type-simple"},"acf":[],"_links":{"self":[{"href":"https:\/\/roll-market.com\/de\/wp-json\/wp\/v2\/product\/142","targetHints":{"allow":["GET"]}}],"collection":[{"href":"https:\/\/roll-market.com\/de\/wp-json\/wp\/v2\/product"}],"about":[{"href":"https:\/\/roll-market.com\/de\/wp-json\/wp\/v2\/types\/product"}],"replies":[{"embeddable":true,"href":"https:\/\/roll-market.com\/de\/wp-json\/wp\/v2\/comments?post=142"}],"wp:featuredmedia":[{"embeddable":true,"href":"https:\/\/roll-market.com\/de\/wp-json\/wp\/v2\/media\/143"}],"wp:attachment":[{"href":"https:\/\/roll-market.com\/de\/wp-json\/wp\/v2\/media?parent=142"}],"wp:term":[{"taxonomy":"product_brand","embeddable":true,"href":"https:\/\/roll-market.com\/de\/wp-json\/wp\/v2\/product_brand?post=142"},{"taxonomy":"product_cat","embeddable":true,"href":"https:\/\/roll-market.com\/de\/wp-json\/wp\/v2\/product_cat?post=142"},{"taxonomy":"product_tag","embeddable":true,"href":"https:\/\/roll-market.com\/de\/wp-json\/wp\/v2\/product_tag?post=142"}],"curies":[{"name":"wp","href":"https:\/\/api.w.org\/{rel}","templated":true}]}}